{"id":898,"date":"2024-01-18T12:53:29","date_gmt":"2024-01-18T12:53:29","guid":{"rendered":"https:\/\/www.cursosaominuto.pt\/wordpress\/?page_id=898"},"modified":"2025-09-22T15:36:09","modified_gmt":"2025-09-22T15:36:09","slug":"curso-de-web-design","status":"publish","type":"page","link":"https:\/\/www.cursosaominuto.pt\/wordpress\/curso-de-web-design\/","title":{"rendered":"Web Design"},"content":{"rendered":"\n<p>Ter um <strong>website \u00e9 essencial para promover conte\u00fados e servi\u00e7os de neg\u00f3cios.<\/strong> Al\u00e9m de t\u00ea-lo, \u00e9 crucial desenvolver um com design atrativo, funcional e responsivo. Um bom website combina t\u00e9cnica, est\u00e9tica e evolu\u00e7\u00e3o, sendo necess\u00e1rio dominar a programa\u00e7\u00e3o web.<\/p>\n\n\n<div class=\"wp-block-image\">\n<figure class=\"aligncenter size-full\"><img loading=\"lazy\" decoding=\"async\" width=\"674\" height=\"469\" src=\"https:\/\/www.cursosaominuto.pt\/wordpress\/wp-content\/uploads\/2024\/01\/webdes-3.jpeg\" alt=\"\" class=\"wp-image-462\" srcset=\"https:\/\/www.cursosaominuto.pt\/wordpress\/wp-content\/uploads\/2024\/01\/webdes-3.jpeg 674w, https:\/\/www.cursosaominuto.pt\/wordpress\/wp-content\/uploads\/2024\/01\/webdes-3-300x209.jpeg 300w, https:\/\/www.cursosaominuto.pt\/wordpress\/wp-content\/uploads\/2024\/01\/webdes-3-600x418.jpeg 600w\" sizes=\"auto, (max-width: 674px) 100vw, 674px\" \/><\/figure>\n<\/div>\n\n\n<p><\/p>\n\n\n\n<p>O foco no utilizador \u00e9 primordial, proporcionando uma experi\u00eancia \u00fanica. Destaca o teu website para obter resultados vis\u00edveis! Podes come\u00e7ar a aprender mais sobre esta \u00e1rea com <strong>o Curso de Web Design.<\/strong><\/p>\n\n\n\n<p><\/p>\n\n\n\n<div class=\"wp-block-buttons is-content-justification-center is-layout-flex wp-container-core-buttons-is-layout-16018d1d wp-block-buttons-is-layout-flex\">\n<div class=\"wp-block-button\"><a class=\"wp-block-button__link has-vivid-red-background-color has-background wp-element-button\" href=\"https:\/\/cursos360.pt\/web-design?pilot=972&amp;utm_source=organico&amp;utm_medium=opc&amp;utm_campaign=adstrategy&amp;utm_content=SITE_CM_OFERTA\" target=\"_blank\" rel=\"noopener\"><strong>INSCREVE-TE<\/strong><\/a><\/div>\n<\/div>\n\n\n\n<p><\/p>\n\n\n\n<h2 class=\"wp-block-heading has-text-align-center\">Principais Objetivos<\/h2>\n\n\n\n<ul class=\"wp-block-list\">\n<li>Entender o conceito de web design como extens\u00e3o do design.<\/li>\n\n\n\n<li>Abordar metodologias de design, tais como Design Thinking e Design Centrado no Utilizador.<\/li>\n\n\n\n<li>Conhecer as linguagens de programa\u00e7\u00e3o web HTML e CSS.<\/li>\n\n\n\n<li>Conferir algum dinamismo a p\u00e1ginas web abordando conceitos b\u00e1sicos de JavaScript.<\/li>\n\n\n\n<li>Entender o conceito de layout de um website, a sua estrutura e os elementos HTML que o comp\u00f5em.<\/li>\n\n\n\n<li>Compreender o conceito de SEO e aplicar as t\u00e9cnicas para o bom posicionamento de um website nos principais motores de busca.<\/li>\n\n\n\n<li>Conhecer o Bootstrap e os seus conte\u00fados, como forma de cria\u00e7\u00e3o de websites responsivos e adapt\u00e1veis aos v\u00e1rios dispositivos.<\/li>\n\n\n\n<li>Dominar e manipular o CMS WordPress, desde a sua instala\u00e7\u00e3o e ativa\u00e7\u00e3o, passando pela cria\u00e7\u00e3o de p\u00e1ginas de websites, recorrendo aos editores de conte\u00fado WordPress, cl\u00e1ssico e Gutenberg.<\/li>\n<\/ul>\n\n\n\n<h2 class=\"wp-block-heading has-text-align-center\">Sa\u00eddas Profissionais<\/h2>\n\n\n\n<ul class=\"wp-block-list\">\n<li>Web designer.<\/li>\n\n\n\n<li>Front Developer.<\/li>\n\n\n\n<li>Programador HTML, CSS, Bootstrap.<\/li>\n\n\n\n<li>Especialista em WordPress.<\/li>\n\n\n\n<li>UX\/UI Web designer.<\/li>\n\n\n\n<li>Web &amp; Interface Designer.<\/li>\n\n\n\n<li>Blogger.<\/li>\n<\/ul>\n\n\n\n<p><\/p>\n\n\n\n<div class=\"wp-block-buttons is-content-justification-center is-layout-flex wp-container-core-buttons-is-layout-16018d1d wp-block-buttons-is-layout-flex\">\n<div class=\"wp-block-button\"><a class=\"wp-block-button__link has-vivid-red-background-color has-background wp-element-button\" href=\"https:\/\/cursos360.pt\/web-design?pilot=972&amp;utm_source=organico&amp;utm_medium=opc&amp;utm_campaign=adstrategy&amp;utm_content=SITE_CM_OFERTA\" target=\"_blank\" rel=\"noopener\"><strong>SABE MAIS AQUI<\/strong><\/a><\/div>\n<\/div>\n\n\n\n<p><\/p>\n\n\n\n<h2 class=\"wp-block-heading has-text-align-center\">Vantagens<\/h2>\n\n\n\n<figure class=\"wp-block-table is-style-stripes has-small-font-size\"><table><tbody><tr><td class=\"has-text-align-center\" data-align=\"center\"><img decoding=\"async\" src=\"https:\/\/formacao-profissional.pt\/ADigital\/img\/bolsaestagios.png\" alt=\"Bolsa_De_Estagios\"><br><strong> BOLSA DE EST\u00c1GIOS<\/strong><\/td><td class=\"has-text-align-center\" data-align=\"center\"><img decoding=\"async\" src=\"https:\/\/formacao-profissional.pt\/ADigital\/img\/bolsaemprego.png\" alt=\"Bolsa_De_Emprego\"><br><strong>BOLSA DE EMPREGO<\/strong><\/td><td class=\"has-text-align-center\" data-align=\"center\"><strong><img decoding=\"async\" src=\"https:\/\/formacao-profissional.pt\/ADigital\/img\/casospraticos.png\" alt=\"CASOS_PR\u00c1TICOS\"><\/strong><br><strong>CASOS PR\u00c1TICOS<\/strong><\/td><td class=\"has-text-align-center\" data-align=\"center\"><img decoding=\"async\" src=\"https:\/\/formacao-profissional.pt\/ADigital\/img\/campusvirtual.png\" alt=\"CAMPUS_VIRTUAL\"><br><strong>CAMPUS VIRTUAL<\/strong><\/td><td class=\"has-text-align-center\" data-align=\"center\"><img decoding=\"async\" src=\"https:\/\/formacao-profissional.pt\/ADigital\/img\/tutor_especializado.png\" alt=\"TUTOR_ESPECIALIZADO\"><br><strong>TUTOR ESPECIALIZADO<\/strong><\/td><\/tr><\/tbody><\/table><\/figure>\n","protected":false},"excerpt":{"rendered":"<p>Ter um website \u00e9 essencial para promover conte\u00fados e servi\u00e7os de neg\u00f3cios. Al\u00e9m de t\u00ea-lo, \u00e9 crucial desenvolver um com design atrativo, funcional e responsivo. Um bom website combina t\u00e9cnica, est\u00e9tica e evolu\u00e7\u00e3o, sendo necess\u00e1rio dominar a programa\u00e7\u00e3o web. O foco no utilizador \u00e9 primordial, proporcionando uma experi\u00eancia \u00fanica. Destaca o teu website para obter resultados vis\u00edveis! Podes come\u00e7ar a aprender mais sobre esta \u00e1rea&hellip; <\/p>\n","protected":false},"author":1,"featured_media":0,"parent":0,"menu_order":0,"comment_status":"closed","ping_status":"closed","template":"","meta":{"footnotes":""},"class_list":["post-898","page","type-page","status-publish","hentry","clearfix"],"_links":{"self":[{"href":"https:\/\/www.cursosaominuto.pt\/wordpress\/wp-json\/wp\/v2\/pages\/898","targetHints":{"allow":["GET"]}}],"collection":[{"href":"https:\/\/www.cursosaominuto.pt\/wordpress\/wp-json\/wp\/v2\/pages"}],"about":[{"href":"https:\/\/www.cursosaominuto.pt\/wordpress\/wp-json\/wp\/v2\/types\/page"}],"author":[{"embeddable":true,"href":"https:\/\/www.cursosaominuto.pt\/wordpress\/wp-json\/wp\/v2\/users\/1"}],"replies":[{"embeddable":true,"href":"https:\/\/www.cursosaominuto.pt\/wordpress\/wp-json\/wp\/v2\/comments?post=898"}],"version-history":[{"count":9,"href":"https:\/\/www.cursosaominuto.pt\/wordpress\/wp-json\/wp\/v2\/pages\/898\/revisions"}],"predecessor-version":[{"id":3929,"href":"https:\/\/www.cursosaominuto.pt\/wordpress\/wp-json\/wp\/v2\/pages\/898\/revisions\/3929"}],"wp:attachment":[{"href":"https:\/\/www.cursosaominuto.pt\/wordpress\/wp-json\/wp\/v2\/media?parent=898"}],"curies":[{"name":"wp","href":"https:\/\/api.w.org\/{rel}","templated":true}]}}