{"id":872,"date":"2024-01-18T12:47:08","date_gmt":"2024-01-18T12:47:08","guid":{"rendered":"https:\/\/www.cursosaominuto.pt\/wordpress\/?page_id=872"},"modified":"2025-09-22T15:20:37","modified_gmt":"2025-09-22T15:20:37","slug":"curso-de-parafarmacia-dietetica-e-nutricao","status":"publish","type":"page","link":"https:\/\/www.cursosaominuto.pt\/wordpress\/curso-de-parafarmacia-dietetica-e-nutricao\/","title":{"rendered":"Parafarm\u00e1cia, Diet\u00e9tica e Nutri\u00e7\u00e3o"},"content":{"rendered":"\n<p>Ambicionar uma qualidade de vida elevada \u00e9 comum a todos. <strong>As parafarm\u00e1cias e locais com produtos naturais e diet\u00e9ticos <\/strong>ganham destaque na busca por bem-estar. Com consumidores mais exigentes, \u00e9 vital oferecer atendimento de qualidade e orienta\u00e7\u00e3o especializada.<\/p>\n\n\n<div class=\"wp-block-image\">\n<figure class=\"aligncenter size-full\"><img loading=\"lazy\" decoding=\"async\" width=\"674\" height=\"469\" src=\"https:\/\/www.cursosaominuto.pt\/wordpress\/wp-content\/uploads\/2024\/01\/farma.jpeg\" alt=\"\" class=\"wp-image-593\" srcset=\"https:\/\/www.cursosaominuto.pt\/wordpress\/wp-content\/uploads\/2024\/01\/farma.jpeg 674w, https:\/\/www.cursosaominuto.pt\/wordpress\/wp-content\/uploads\/2024\/01\/farma-300x209.jpeg 300w, https:\/\/www.cursosaominuto.pt\/wordpress\/wp-content\/uploads\/2024\/01\/farma-600x418.jpeg 600w\" sizes=\"auto, (max-width: 674px) 100vw, 674px\" \/><\/figure>\n<\/div>\n\n\n<p><\/p>\n\n\n\n<p>A \u00e1rea requer profissionais competentes que possam aconselhar sobre diversos produtos e promover h\u00e1bitos saud\u00e1veis. A procura crescente traz responsabilidade, mas tamb\u00e9m reconhecimento e oportunidades. &nbsp;Come\u00e7a j\u00e1 a aprender com <strong>o Curso de Parafarm\u00e1cia, Diet\u00e9tica e Nutri\u00e7\u00e3o.<\/strong><\/p>\n\n\n\n<p><\/p>\n\n\n\n<div class=\"wp-block-buttons is-content-justification-center is-layout-flex wp-container-core-buttons-is-layout-16018d1d wp-block-buttons-is-layout-flex\">\n<div class=\"wp-block-button\"><a class=\"wp-block-button__link has-vivid-red-background-color has-background wp-element-button\" href=\"https:\/\/cursos360.pt\/parafarmacia-dietetica-nutricao?pilot=972&amp;utm_source=organico&amp;utm_medium=opc&amp;utm_campaign=adstrategy&amp;utm_content=SITE_CM_OFERTA\" target=\"_blank\" rel=\"noopener\"><strong>INSCREVE-TE<\/strong><\/a><\/div>\n<\/div>\n\n\n\n<p><\/p>\n\n\n\n<h2 class=\"wp-block-heading has-text-align-center\">Principais Objetivos<\/h2>\n\n\n\n<ul class=\"wp-block-list\">\n<li>Conhecer o corpo humano e perceber todo o processo que ocorre no mesmo.<\/li>\n\n\n\n<li>Conhecer a composi\u00e7\u00e3o, fun\u00e7\u00f5es e classifica\u00e7\u00e3o dos alimentos.<\/li>\n\n\n\n<li>Identificar os nutrientes dos diferentes grupos de alimentos.<\/li>\n\n\n\n<li>Identificar as regras de uma alimenta\u00e7\u00e3o equilibrada.<\/li>\n\n\n\n<li>Identificar os principais tipos de patologias e alergias alimentares, bem como as suas caracter\u00edsticas.<\/li>\n\n\n\n<li>Conhecer os produtos dispon\u00edveis em parafarm\u00e1cias e diet\u00e9ticas, e a sua a\u00e7\u00e3o no organismo.<\/li>\n\n\n\n<li>Selecionar os diversos produtos dispon\u00edveis em parafarm\u00e1cias e diet\u00e9ticas, de acordo com as necessidades dos utentes.<\/li>\n\n\n\n<li>Promover bons h\u00e1bitos de sa\u00fade e bem-estar a partir das parafarm\u00e1cias e diet\u00e9ticas, e outros locais de venda ou aconselhamento de produtos da \u00e1rea.<\/li>\n\n\n\n<li>Compreender a linguagem e interpretar a solicita\u00e7\u00e3o de informa\u00e7\u00f5es sobre produtos existentes em parafarm\u00e1cias e diet\u00e9ticas.<\/li>\n<\/ul>\n\n\n\n<h2 class=\"wp-block-heading has-text-align-center\">Sa\u00eddas Profissionais<\/h2>\n\n\n\n<ul class=\"wp-block-list\">\n<li>Auxiliar de parafarm\u00e1cia.<\/li>\n\n\n\n<li>Assistente de vendas em diet\u00e9ticas ou ervan\u00e1rias e estabelecimentos semelhantes.<\/li>\n\n\n\n<li>Comerciais de linhas de produtos e suplementos alimentares, diet\u00e9ticos, naturais, etc.<\/li>\n<\/ul>\n\n\n\n<p><\/p>\n\n\n\n<div class=\"wp-block-buttons is-content-justification-center is-layout-flex wp-container-core-buttons-is-layout-16018d1d wp-block-buttons-is-layout-flex\">\n<div class=\"wp-block-button\"><a class=\"wp-block-button__link has-vivid-red-background-color has-background wp-element-button\" href=\"https:\/\/cursos360.pt\/parafarmacia-dietetica-nutricao?pilot=972&amp;utm_source=organico&amp;utm_medium=opc&amp;utm_campaign=adstrategy&amp;utm_content=SITE_CM_OFERTA\" target=\"_blank\" rel=\"noopener\"><strong>SABE MAIS AQUI<\/strong><\/a><\/div>\n<\/div>\n\n\n\n<p><\/p>\n\n\n\n<h2 class=\"wp-block-heading has-text-align-center\">Vantagens<\/h2>\n\n\n\n<figure class=\"wp-block-table is-style-stripes has-small-font-size\"><table><tbody><tr><td class=\"has-text-align-center\" data-align=\"center\"><img decoding=\"async\" src=\"https:\/\/formacao-profissional.pt\/ADigital\/img\/bolsaestagios.png\" alt=\"Bolsa_De_Estagios\"><br><strong> BOLSA DE EST\u00c1GIOS<\/strong><\/td><td class=\"has-text-align-center\" data-align=\"center\"><img decoding=\"async\" src=\"https:\/\/formacao-profissional.pt\/ADigital\/img\/bolsaemprego.png\" alt=\"Bolsa_De_Emprego\"><br><strong>BOLSA DE EMPREGO<\/strong><\/td><td class=\"has-text-align-center\" data-align=\"center\"><strong><img decoding=\"async\" src=\"https:\/\/formacao-profissional.pt\/ADigital\/img\/casospraticos.png\" alt=\"CASOS_PR\u00c1TICOS\"><\/strong><br><strong>CASOS PR\u00c1TICOS<\/strong><\/td><td class=\"has-text-align-center\" data-align=\"center\"><img decoding=\"async\" src=\"https:\/\/formacao-profissional.pt\/ADigital\/img\/campusvirtual.png\" alt=\"CAMPUS_VIRTUAL\"><br><strong>CAMPUS VIRTUAL<\/strong><\/td><td class=\"has-text-align-center\" data-align=\"center\"><img decoding=\"async\" src=\"https:\/\/formacao-profissional.pt\/ADigital\/img\/tutor_especializado.png\" alt=\"TUTOR_ESPECIALIZADO\"><br><strong>TUTOR ESPECIALIZADO<\/strong><\/td><\/tr><\/tbody><\/table><\/figure>\n","protected":false},"excerpt":{"rendered":"<p>Ambicionar uma qualidade de vida elevada \u00e9 comum a todos. As parafarm\u00e1cias e locais com produtos naturais e diet\u00e9ticos ganham destaque na busca por bem-estar. Com consumidores mais exigentes, \u00e9 vital oferecer atendimento de qualidade e orienta\u00e7\u00e3o especializada. A \u00e1rea requer profissionais competentes que possam aconselhar sobre diversos produtos e promover h\u00e1bitos saud\u00e1veis. A procura crescente traz responsabilidade, mas tamb\u00e9m reconhecimento e oportunidades. &nbsp;Come\u00e7a j\u00e1&hellip; <\/p>\n","protected":false},"author":1,"featured_media":0,"parent":0,"menu_order":0,"comment_status":"closed","ping_status":"closed","template":"","meta":{"footnotes":""},"class_list":["post-872","page","type-page","status-publish","hentry","clearfix"],"_links":{"self":[{"href":"https:\/\/www.cursosaominuto.pt\/wordpress\/wp-json\/wp\/v2\/pages\/872","targetHints":{"allow":["GET"]}}],"collection":[{"href":"https:\/\/www.cursosaominuto.pt\/wordpress\/wp-json\/wp\/v2\/pages"}],"about":[{"href":"https:\/\/www.cursosaominuto.pt\/wordpress\/wp-json\/wp\/v2\/types\/page"}],"author":[{"embeddable":true,"href":"https:\/\/www.cursosaominuto.pt\/wordpress\/wp-json\/wp\/v2\/users\/1"}],"replies":[{"embeddable":true,"href":"https:\/\/www.cursosaominuto.pt\/wordpress\/wp-json\/wp\/v2\/comments?post=872"}],"version-history":[{"count":11,"href":"https:\/\/www.cursosaominuto.pt\/wordpress\/wp-json\/wp\/v2\/pages\/872\/revisions"}],"predecessor-version":[{"id":3915,"href":"https:\/\/www.cursosaominuto.pt\/wordpress\/wp-json\/wp\/v2\/pages\/872\/revisions\/3915"}],"wp:attachment":[{"href":"https:\/\/www.cursosaominuto.pt\/wordpress\/wp-json\/wp\/v2\/media?parent=872"}],"curies":[{"name":"wp","href":"https:\/\/api.w.org\/{rel}","templated":true}]}}