{"id":823,"date":"2024-01-18T12:22:04","date_gmt":"2024-01-18T12:22:04","guid":{"rendered":"https:\/\/www.cursosaominuto.pt\/wordpress\/?page_id=823"},"modified":"2025-09-11T15:18:11","modified_gmt":"2025-09-11T15:18:11","slug":"curso-de-desenvolvimento-de-projetos-multimedia","status":"publish","type":"page","link":"https:\/\/www.cursosaominuto.pt\/wordpress\/curso-de-desenvolvimento-de-projetos-multimedia\/","title":{"rendered":"Desenvolvimento de Projetos Multim\u00e9dia"},"content":{"rendered":"\n<p>Trabalhar em <strong>Multim\u00e9dia<\/strong> oferece a vantagem de integrar conhecimentos com outras atividades, como programa\u00e7\u00e3o, publicidade ou marketing digital.<\/p>\n\n\n<div class=\"wp-block-image\">\n<figure class=\"aligncenter size-full\"><img loading=\"lazy\" decoding=\"async\" width=\"674\" height=\"469\" src=\"https:\/\/www.cursosaominuto.pt\/wordpress\/wp-content\/uploads\/2024\/01\/multimedia-1.jpeg\" alt=\"\" class=\"wp-image-489\" srcset=\"https:\/\/www.cursosaominuto.pt\/wordpress\/wp-content\/uploads\/2024\/01\/multimedia-1.jpeg 674w, https:\/\/www.cursosaominuto.pt\/wordpress\/wp-content\/uploads\/2024\/01\/multimedia-1-300x209.jpeg 300w, https:\/\/www.cursosaominuto.pt\/wordpress\/wp-content\/uploads\/2024\/01\/multimedia-1-600x418.jpeg 600w\" sizes=\"auto, (max-width: 674px) 100vw, 674px\" \/><\/figure>\n<\/div>\n\n\n<p><\/p>\n\n\n\n<p>Trabalhar em Multim\u00e9dia oferece a vantagem de integrar conhecimentos com outras atividades, como programa\u00e7\u00e3o, publicidade ou marketing digital.<\/p>\n\n\n\n<p>Atualmente, com a presen\u00e7a online de tudo e todos, as empresas procuram profissionais qualificados para criar conte\u00fados digitais.<\/p>\n\n\n\n<p>Se queres fazer parte deste futuro, come\u00e7a a aprender mais com o <strong>Curso de Multim\u00e9dia<\/strong>.<\/p>\n\n\n\n<p><\/p>\n\n\n\n<div class=\"wp-block-buttons is-content-justification-center is-layout-flex wp-container-core-buttons-is-layout-16018d1d wp-block-buttons-is-layout-flex\">\n<div class=\"wp-block-button\"><a class=\"wp-block-button__link has-white-color has-vivid-red-background-color has-text-color has-background has-link-color wp-element-button\" href=\"https:\/\/cursos360.pt\/desenvolvimento-projetos-multimedia?pilot=972&amp;utm_source=organico&amp;utm_medium=opc&amp;utm_campaign=adstrategy&amp;utm_content=SITE_CM_OFERTAS\" target=\"_blank\" rel=\"noopener\"><strong>INSCREVE-TE<\/strong><\/a><\/div>\n<\/div>\n\n\n\n<p><\/p>\n\n\n\n<h2 class=\"wp-block-heading has-text-align-center\">Principais Objetivos <\/h2>\n\n\n\n<ul class=\"wp-block-list\">\n<li>Conhecer e utilizar ferramentas profissionais para a implementa\u00e7\u00e3o, desenvolvimento e gest\u00e3o de projetos multim\u00e9dia, assim como para a sua divulga\u00e7\u00e3o em redes sociais.<\/li>\n\n\n\n<li>Compreender o significado de imagem vetorial e utilizar o Adobe Illustrator para efetuar uma manipula\u00e7\u00e3o profissional nas imagens vetoriais, como forma de cria\u00e7\u00e3o de conte\u00fados para qualquer \u00e1rea na publicidade.<\/li>\n\n\n\n<li>Conhecer os princ\u00edpios b\u00e1sicos da anima\u00e7\u00e3o, os seus conceitos e t\u00e9cnicas, utilizando o programa Adobe Animate.<\/li>\n\n\n\n<li>Entender o fluxo de trabalho na fotografia e, no final, aplicar o tratamento de imagem e organiza\u00e7\u00e3o utilizando o programa Adobe Lightroom.<\/li>\n\n\n\n<li>Criar, desenvolver, implementar e gerir um projeto multim\u00e9dia, utilizando v\u00e1rias ferramentas da Adobe e da Autodesk (Animate, Lightroom, Photoshop, Illustrator, Audition, Premiere, After Effects e Studio Max 3D).<\/li>\n\n\n\n<li>Criar e desenvolver anima\u00e7\u00f5es 2D e 3D.<\/li>\n<\/ul>\n\n\n\n<p><\/p>\n\n\n\n<h2 class=\"wp-block-heading has-text-align-center\">Sa\u00eddas Profissionais<\/h2>\n\n\n\n<ul class=\"wp-block-list\">\n<li>Designer multim\u00e9dia<\/li>\n\n\n\n<li>Designer gr\u00e1fico<\/li>\n\n\n\n<li>Packaging designer<\/li>\n\n\n\n<li>Branding designer<\/li>\n\n\n\n<li>Designer e animador 2D\/3D<\/li>\n\n\n\n<li>Fot\u00f3grafo<\/li>\n\n\n\n<li>Editor de \u00e1udio<\/li>\n\n\n\n<li>Editor de imagem e v\u00eddeo<\/li>\n\n\n\n<li>Operador de c\u00e2mara<\/li>\n\n\n\n<li>Copywriter e Guionista<\/li>\n\n\n\n<li>Gestor de projetos multim\u00e9dia<\/li>\n<\/ul>\n\n\n\n<p><\/p>\n\n\n\n<div class=\"wp-block-buttons is-content-justification-center is-layout-flex wp-container-core-buttons-is-layout-16018d1d wp-block-buttons-is-layout-flex\">\n<div class=\"wp-block-button\"><a class=\"wp-block-button__link has-white-color has-vivid-red-background-color has-text-color has-background has-link-color wp-element-button\" href=\"https:\/\/cursos360.pt\/desenvolvimento-projetos-multimedia?pilot=972&amp;utm_source=organico&amp;utm_medium=opc&amp;utm_campaign=adstrategy&amp;utm_content=SITE_CM_OFERTAS\" target=\"_blank\" rel=\"noopener\"><strong>SABE MAIS AQUI<\/strong><\/a><\/div>\n<\/div>\n\n\n\n<p><\/p>\n\n\n\n<h2 class=\"wp-block-heading has-text-align-center\">Vantagens<\/h2>\n\n\n\n<figure class=\"wp-block-table is-style-stripes has-small-font-size\"><table><tbody><tr><td class=\"has-text-align-center\" data-align=\"center\"><img decoding=\"async\" src=\"https:\/\/formacao-profissional.pt\/ADigital\/img\/bolsaestagios.png\" alt=\"Bolsa_De_Estagios\"><br><strong> BOLSA DE EST\u00c1GIOS<\/strong><\/td><td class=\"has-text-align-center\" data-align=\"center\"><img decoding=\"async\" src=\"https:\/\/formacao-profissional.pt\/ADigital\/img\/bolsaemprego.png\" alt=\"Bolsa_De_Emprego\"><br><strong>BOLSA DE EMPREGO<\/strong><\/td><td class=\"has-text-align-center\" data-align=\"center\"><strong><img decoding=\"async\" src=\"https:\/\/formacao-profissional.pt\/ADigital\/img\/casospraticos.png\" alt=\"CASOS_PR\u00c1TICOS\"><\/strong><br><strong>CASOS PR\u00c1TICOS<\/strong><\/td><td class=\"has-text-align-center\" data-align=\"center\"><img decoding=\"async\" src=\"https:\/\/formacao-profissional.pt\/ADigital\/img\/campusvirtual.png\" alt=\"CAMPUS_VIRTUAL\"><br><strong>CAMPUS VIRTUAL<\/strong><\/td><td class=\"has-text-align-center\" data-align=\"center\"><img decoding=\"async\" src=\"https:\/\/formacao-profissional.pt\/ADigital\/img\/tutor_especializado.png\" alt=\"TUTOR_ESPECIALIZADO\"><br><strong>TUTOR ESPECIALIZADO<\/strong><\/td><\/tr><\/tbody><\/table><\/figure>\n","protected":false},"excerpt":{"rendered":"<p>Trabalhar em Multim\u00e9dia oferece a vantagem de integrar conhecimentos com outras atividades, como programa\u00e7\u00e3o, publicidade ou marketing digital. Trabalhar em Multim\u00e9dia oferece a vantagem de integrar conhecimentos com outras atividades, como programa\u00e7\u00e3o, publicidade ou marketing digital. Atualmente, com a presen\u00e7a online de tudo e todos, as empresas procuram profissionais qualificados para criar conte\u00fados digitais. Se queres fazer parte deste futuro, come\u00e7a a aprender mais com&hellip; <\/p>\n","protected":false},"author":1,"featured_media":0,"parent":0,"menu_order":0,"comment_status":"closed","ping_status":"closed","template":"","meta":{"footnotes":""},"class_list":["post-823","page","type-page","status-publish","hentry","clearfix"],"_links":{"self":[{"href":"https:\/\/www.cursosaominuto.pt\/wordpress\/wp-json\/wp\/v2\/pages\/823","targetHints":{"allow":["GET"]}}],"collection":[{"href":"https:\/\/www.cursosaominuto.pt\/wordpress\/wp-json\/wp\/v2\/pages"}],"about":[{"href":"https:\/\/www.cursosaominuto.pt\/wordpress\/wp-json\/wp\/v2\/types\/page"}],"author":[{"embeddable":true,"href":"https:\/\/www.cursosaominuto.pt\/wordpress\/wp-json\/wp\/v2\/users\/1"}],"replies":[{"embeddable":true,"href":"https:\/\/www.cursosaominuto.pt\/wordpress\/wp-json\/wp\/v2\/comments?post=823"}],"version-history":[{"count":34,"href":"https:\/\/www.cursosaominuto.pt\/wordpress\/wp-json\/wp\/v2\/pages\/823\/revisions"}],"predecessor-version":[{"id":3833,"href":"https:\/\/www.cursosaominuto.pt\/wordpress\/wp-json\/wp\/v2\/pages\/823\/revisions\/3833"}],"wp:attachment":[{"href":"https:\/\/www.cursosaominuto.pt\/wordpress\/wp-json\/wp\/v2\/media?parent=823"}],"curies":[{"name":"wp","href":"https:\/\/api.w.org\/{rel}","templated":true}]}}