{"id":721,"date":"2024-01-18T10:35:29","date_gmt":"2024-01-18T10:35:29","guid":{"rendered":"https:\/\/www.cursosaominuto.pt\/wordpress\/?page_id=721"},"modified":"2025-09-11T12:00:59","modified_gmt":"2025-09-11T12:00:59","slug":"curso-de-automatos-programaveis","status":"publish","type":"page","link":"https:\/\/www.cursosaominuto.pt\/wordpress\/curso-de-automatos-programaveis\/","title":{"rendered":"Aut\u00f3matos Program\u00e1veis"},"content":{"rendered":"\n<p>A apostar na <strong>\u00e1rea de Aut\u00f3matos Program\u00e1veis <\/strong>\u00e9 uma escolha estrat\u00e9gica devido \u00e0 sua relev\u00e2ncia na automa\u00e7\u00e3o industrial. Os Aut\u00f3matos Program\u00e1veis s\u00e3o dispositivos essenciais para controlar e otimizar processos industriais, proporcionando efici\u00eancia, precis\u00e3o e confiabilidade.<\/p>\n\n\n<div class=\"wp-block-image\">\n<figure class=\"aligncenter size-full\"><img loading=\"lazy\" decoding=\"async\" width=\"674\" height=\"469\" src=\"https:\/\/www.cursosaominuto.pt\/wordpress\/wp-content\/uploads\/2024\/01\/auto.jpeg\" alt=\"\" class=\"wp-image-556\" srcset=\"https:\/\/www.cursosaominuto.pt\/wordpress\/wp-content\/uploads\/2024\/01\/auto.jpeg 674w, https:\/\/www.cursosaominuto.pt\/wordpress\/wp-content\/uploads\/2024\/01\/auto-300x209.jpeg 300w, https:\/\/www.cursosaominuto.pt\/wordpress\/wp-content\/uploads\/2024\/01\/auto-600x418.jpeg 600w\" sizes=\"auto, (max-width: 674px) 100vw, 674px\" \/><\/figure>\n<\/div>\n\n\n<p><\/p>\n\n\n\n<p>Ao investir nesta \u00e1rea, estar\u00e1 na vanguarda da tecnologia, contribuindo para a moderniza\u00e7\u00e3o da ind\u00fastria e para a melhoria dos sistemas de automa\u00e7\u00e3o. Esta especializa\u00e7\u00e3o oferece oportunidades de carreira s\u00f3lidas num campo em constante evolu\u00e7\u00e3o. Aposta j\u00e1 nesta \u00e1rea com <strong>o Curso de Aut\u00f3matos Program\u00e1veis.<\/strong><\/p>\n\n\n\n<p><\/p>\n\n\n\n<div class=\"wp-block-buttons is-content-justification-center is-layout-flex wp-container-core-buttons-is-layout-16018d1d wp-block-buttons-is-layout-flex\">\n<div class=\"wp-block-button\"><a class=\"wp-block-button__link has-vivid-red-background-color has-background wp-element-button\" href=\"https:\/\/cursos360.pt\/automatos-programaveis-automacao-industrial?pilot=972&amp;utm_source=organico&amp;utm_medium=opc&amp;utm_campaign=adstrategy&amp;utm_content=SITE_CM_OFERTA\" target=\"_blank\" rel=\"noreferrer noopener\"><strong>INSCREVE-TE<\/strong><\/a><\/div>\n<\/div>\n\n\n\n<p><\/p>\n\n\n\n<h2 class=\"wp-block-heading has-text-align-center\">Principais Objetivos<\/h2>\n\n\n\n<ul class=\"wp-block-list\">\n<li>Aprender detalhadamente o funcionamento de um aut\u00f3mato program\u00e1vel, justificando cada uma das partes que o comp\u00f5em.<\/li>\n\n\n\n<li>Identificar os elementos mais comuns que possam utilizar-se com aut\u00f3matos program\u00e1veis.<\/li>\n\n\n\n<li>Dominar a linguagem de programa\u00e7\u00e3o utilizada nos aut\u00f3matos Siemens Logo e Siemens S7-1200.<\/li>\n\n\n\n<li>Configurar e parametrizar o hardware do SIMATIC S7-1200 com o TIA Portal.<\/li>\n\n\n\n<li>Dominar o endere\u00e7amento e cablagem dos m\u00f3dulos de sinal.<\/li>\n\n\n\n<li>Executar programas em LAD ou FBD.<\/li>\n\n\n\n<li>Ser capaz de otimizar programas de automa\u00e7\u00e3o, com vista ao aumento de produtividade.<\/li>\n\n\n\n<li>Explicar os conceitos b\u00e1sicos da automatiza\u00e7\u00e3o industrial.<\/li>\n\n\n\n<li>Especificar as diferen\u00e7as entre os m\u00f3dulos funcionais e os restantes m\u00f3dulos.<\/li>\n\n\n\n<li>Aprofundar a utiliza\u00e7\u00e3o de m\u00e9todos funcionais, salientando a parametriza\u00e7\u00e3o dos mesmos e as opera\u00e7\u00f5es de substitui\u00e7\u00e3o.<\/li>\n<\/ul>\n\n\n\n<h2 class=\"wp-block-heading has-text-align-center\">Sa\u00eddas Profissionais<\/h2>\n\n\n\n<ul class=\"wp-block-list\">\n<li>Programadores e colaboradores na manuten\u00e7\u00e3o de sistemas automatizados, com recurso a aut\u00f3matos program\u00e1veis.<\/li>\n\n\n\n<li>Comerciais de sistemas automatizados, com recurso a aut\u00f3matos program\u00e1veis.<\/li>\n<\/ul>\n\n\n\n<p><\/p>\n\n\n\n<div class=\"wp-block-buttons is-content-justification-center is-layout-flex wp-container-core-buttons-is-layout-16018d1d wp-block-buttons-is-layout-flex\">\n<div class=\"wp-block-button\"><a class=\"wp-block-button__link has-vivid-red-background-color has-background wp-element-button\" href=\"https:\/\/cursos360.pt\/automatos-programaveis-automacao-industrial?pilot=972&amp;utm_source=organico&amp;utm_medium=opc&amp;utm_campaign=adstrategy&amp;utm_content=SITE_CM_OFERTA\" target=\"_blank\" rel=\"noopener\"><strong>SABE MAIS AQUI<\/strong><\/a><\/div>\n<\/div>\n\n\n\n<p><\/p>\n\n\n\n<h2 class=\"wp-block-heading has-text-align-center\">Vantagens<\/h2>\n\n\n\n<figure class=\"wp-block-table is-style-stripes has-small-font-size\"><table><tbody><tr><td class=\"has-text-align-center\" data-align=\"center\"><img decoding=\"async\" src=\"https:\/\/formacao-profissional.pt\/ADigital\/img\/bolsaestagios.png\" alt=\"Bolsa_De_Estagios\"><br><strong> BOLSA DE EST\u00c1GIOS<\/strong><\/td><td class=\"has-text-align-center\" data-align=\"center\"><img decoding=\"async\" src=\"https:\/\/formacao-profissional.pt\/ADigital\/img\/bolsaemprego.png\" alt=\"Bolsa_De_Emprego\"><br><strong>BOLSA DE EMPREGO<\/strong><\/td><td class=\"has-text-align-center\" data-align=\"center\"><strong><img decoding=\"async\" src=\"https:\/\/formacao-profissional.pt\/ADigital\/img\/casospraticos.png\" alt=\"CASOS_PR\u00c1TICOS\"><\/strong><br><strong>CASOS PR\u00c1TICOS<\/strong><\/td><td class=\"has-text-align-center\" data-align=\"center\"><img decoding=\"async\" src=\"https:\/\/formacao-profissional.pt\/ADigital\/img\/campusvirtual.png\" alt=\"CAMPUS_VIRTUAL\"><br><strong>CAMPUS VIRTUAL<\/strong><\/td><td class=\"has-text-align-center\" data-align=\"center\"><img decoding=\"async\" src=\"https:\/\/formacao-profissional.pt\/ADigital\/img\/tutor_especializado.png\" alt=\"TUTOR_ESPECIALIZADO\"><br><strong>TUTOR ESPECIALIZADO<\/strong><\/td><\/tr><\/tbody><\/table><\/figure>\n","protected":false},"excerpt":{"rendered":"<p>A apostar na \u00e1rea de Aut\u00f3matos Program\u00e1veis \u00e9 uma escolha estrat\u00e9gica devido \u00e0 sua relev\u00e2ncia na automa\u00e7\u00e3o industrial. Os Aut\u00f3matos Program\u00e1veis s\u00e3o dispositivos essenciais para controlar e otimizar processos industriais, proporcionando efici\u00eancia, precis\u00e3o e confiabilidade. Ao investir nesta \u00e1rea, estar\u00e1 na vanguarda da tecnologia, contribuindo para a moderniza\u00e7\u00e3o da ind\u00fastria e para a melhoria dos sistemas de automa\u00e7\u00e3o. Esta especializa\u00e7\u00e3o oferece oportunidades de carreira s\u00f3lidas&hellip; <\/p>\n","protected":false},"author":1,"featured_media":0,"parent":0,"menu_order":0,"comment_status":"closed","ping_status":"closed","template":"","meta":{"footnotes":""},"class_list":["post-721","page","type-page","status-publish","hentry","clearfix"],"_links":{"self":[{"href":"https:\/\/www.cursosaominuto.pt\/wordpress\/wp-json\/wp\/v2\/pages\/721","targetHints":{"allow":["GET"]}}],"collection":[{"href":"https:\/\/www.cursosaominuto.pt\/wordpress\/wp-json\/wp\/v2\/pages"}],"about":[{"href":"https:\/\/www.cursosaominuto.pt\/wordpress\/wp-json\/wp\/v2\/types\/page"}],"author":[{"embeddable":true,"href":"https:\/\/www.cursosaominuto.pt\/wordpress\/wp-json\/wp\/v2\/users\/1"}],"replies":[{"embeddable":true,"href":"https:\/\/www.cursosaominuto.pt\/wordpress\/wp-json\/wp\/v2\/comments?post=721"}],"version-history":[{"count":11,"href":"https:\/\/www.cursosaominuto.pt\/wordpress\/wp-json\/wp\/v2\/pages\/721\/revisions"}],"predecessor-version":[{"id":3785,"href":"https:\/\/www.cursosaominuto.pt\/wordpress\/wp-json\/wp\/v2\/pages\/721\/revisions\/3785"}],"wp:attachment":[{"href":"https:\/\/www.cursosaominuto.pt\/wordpress\/wp-json\/wp\/v2\/media?parent=721"}],"curies":[{"name":"wp","href":"https:\/\/api.w.org\/{rel}","templated":true}]}}