{"id":60,"date":"2016-01-18T13:42:44","date_gmt":"2016-01-18T13:42:44","guid":{"rendered":"http:\/\/localhost\/wordpress\/freesia-empire\/?page_id=59"},"modified":"2025-09-11T15:20:25","modified_gmt":"2025-09-11T15:20:25","slug":"curso-de-design-grafico","status":"publish","type":"page","link":"https:\/\/www.cursosaominuto.pt\/wordpress\/portfolio\/curso-de-design-grafico\/","title":{"rendered":"Design Gr\u00e1fico"},"content":{"rendered":"\n<p>Sabias que o <strong>Design Gr\u00e1fico<\/strong> \u00e9 uma das profiss\u00f5es mais bem remuneradas? Desempenha um papel vital nas empresas, especialmente ap\u00f3s a pandemia que acelerou a transforma\u00e7\u00e3o digital em Portugal.<\/p>\n\n\n<div class=\"wp-block-image\">\n<figure class=\"aligncenter size-large\"><img loading=\"lazy\" decoding=\"async\" width=\"1024\" height=\"683\" src=\"https:\/\/www.cursosaominuto.pt\/wordpress\/wp-content\/uploads\/2024\/01\/Design-sem-nome-7-2-1024x683.png\" alt=\"\" class=\"wp-image-424\" srcset=\"https:\/\/www.cursosaominuto.pt\/wordpress\/wp-content\/uploads\/2024\/01\/Design-sem-nome-7-2-1024x683.png 1024w, https:\/\/www.cursosaominuto.pt\/wordpress\/wp-content\/uploads\/2024\/01\/Design-sem-nome-7-2-300x200.png 300w, https:\/\/www.cursosaominuto.pt\/wordpress\/wp-content\/uploads\/2024\/01\/Design-sem-nome-7-2-768x512.png 768w, https:\/\/www.cursosaominuto.pt\/wordpress\/wp-content\/uploads\/2024\/01\/Design-sem-nome-7-2-1536x1024.png 1536w, https:\/\/www.cursosaominuto.pt\/wordpress\/wp-content\/uploads\/2024\/01\/Design-sem-nome-7-2-2048x1366.png 2048w, https:\/\/www.cursosaominuto.pt\/wordpress\/wp-content\/uploads\/2024\/01\/Design-sem-nome-7-2-600x400.png 600w\" sizes=\"auto, (max-width: 1024px) 100vw, 1024px\" \/><\/figure>\n<\/div>\n\n\n<p><\/p>\n\n\n\n<p>Num mundo digital e competitivo, destaca-se na cria\u00e7\u00e3o de conte\u00fado para atrair consumidores e manter a relev\u00e2ncia da marca. Aprende as t\u00e9cnicas essenciais com <strong>o Curso de Design Gr\u00e1fico<\/strong> e torna-te um profissional chave para o sucesso da tua marca. Aventura-te nesta \u00e1rea promissora!<\/p>\n\n\n\n<p><\/p>\n\n\n\n<div class=\"wp-block-buttons is-content-justification-center is-layout-flex wp-container-core-buttons-is-layout-16018d1d wp-block-buttons-is-layout-flex\">\n<div class=\"wp-block-button\"><a class=\"wp-block-button__link has-vivid-red-background-color has-background wp-element-button\" href=\"https:\/\/cursos360.pt\/design?pilot=972&amp;utm_source=organico&amp;utm_medium=opc&amp;utm_campaign=adstrategy&amp;utm_content=SITE_CM_OFERTA\" target=\"_blank\" rel=\"noopener\"><strong>INSCREVE-TE<\/strong><\/a><\/div>\n<\/div>\n\n\n\n<p><\/p>\n\n\n\n<h2 class=\"wp-block-heading has-text-align-center\">Principais Objetivos<\/h2>\n\n\n\n<ul class=\"wp-block-list\">\n<li>Compreender a origem, a base e os fundamentos do design.<\/li>\n\n\n\n<li>Entender as principais \u00e1reas de atua\u00e7\u00e3o do design gr\u00e1fico e o seu funcionamento.<\/li>\n\n\n\n<li>Adquirir conhecimentos sobre os softwares mais utilizados da Adobe, e em que aspetos do design gr\u00e1fico s\u00e3o mais utilizados.<\/li>\n\n\n\n<li>Compreender os princ\u00edpios elementares do design gr\u00e1fico.<\/li>\n\n\n\n<li>Identificar os diferentes princ\u00edpios da perce\u00e7\u00e3o, que ajudam o designer gr\u00e1fico a influenciar o recetor com o seu desenho.<\/li>\n\n\n\n<li>Conhecer as bases e caracter\u00edsticas do design de publicidade.<\/li>\n\n\n\n<li>Compreender o que \u00e9 o manual de normas de uma marca, a sua import\u00e2ncia e porque deve sempre existir, quando uma identidade gr\u00e1fica \u00e9 criada.<\/li>\n\n\n\n<li>Compreender a import\u00e2ncia do dom\u00ednio do desenho a l\u00e1pis e papel como base para a utiliza\u00e7\u00e3o dos softwares indicados.<\/li>\n\n\n\n<li>Distinguir, de entre as formas b\u00e1sicas do desenho, os elementos conceptuais e visuais, e as diferentes vis\u00f5es de um objeto 3D.<\/li>\n<\/ul>\n\n\n\n<h2 class=\"wp-block-heading has-text-align-center\">Sa\u00eddas Profissionais<\/h2>\n\n\n\n<ul class=\"wp-block-list\">\n<li>Designer gr\u00e1fico.<\/li>\n\n\n\n<li>Designer de comunica\u00e7\u00e3o.<\/li>\n\n\n\n<li>Designer editorial.<\/li>\n\n\n\n<li>Ilustrador.<\/li>\n\n\n\n<li>P\u00f3s-produtor gr\u00e1fico.<\/li>\n<\/ul>\n\n\n\n<p><\/p>\n\n\n\n<div class=\"wp-block-buttons is-content-justification-center is-layout-flex wp-container-core-buttons-is-layout-16018d1d wp-block-buttons-is-layout-flex\">\n<div class=\"wp-block-button\"><a class=\"wp-block-button__link has-vivid-red-background-color has-background wp-element-button\" href=\"https:\/\/cursos360.pt\/design?pilot=972&amp;utm_source=organico&amp;utm_medium=opc&amp;utm_campaign=adstrategy&amp;utm_content=SITE_CM_OFERTA\" target=\"_blank\" rel=\"noopener\"><strong>SABE MAIS AQUI<\/strong><\/a><\/div>\n<\/div>\n\n\n\n<p><\/p>\n\n\n\n<h2 class=\"wp-block-heading has-text-align-center\">Vantagens <\/h2>\n\n\n\n<figure class=\"wp-block-table is-style-stripes has-small-font-size\"><table><tbody><tr><td class=\"has-text-align-center\" data-align=\"center\"><img decoding=\"async\" src=\"https:\/\/formacao-profissional.pt\/ADigital\/img\/bolsaestagios.png\" alt=\"Bolsa_De_Estagios\"><br><strong> BOLSA DE EST\u00c1GIOS<\/strong><\/td><td class=\"has-text-align-center\" data-align=\"center\"><img decoding=\"async\" src=\"https:\/\/formacao-profissional.pt\/ADigital\/img\/bolsaemprego.png\" alt=\"Bolsa_De_Emprego\"><br><strong>BOLSA DE EMPREGO<\/strong><\/td><td class=\"has-text-align-center\" data-align=\"center\"><strong><img decoding=\"async\" src=\"https:\/\/formacao-profissional.pt\/ADigital\/img\/casospraticos.png\" alt=\"CASOS_PR\u00c1TICOS\"><\/strong><br><strong>CASOS PR\u00c1TICOS<\/strong><\/td><td class=\"has-text-align-center\" data-align=\"center\"><img decoding=\"async\" src=\"https:\/\/formacao-profissional.pt\/ADigital\/img\/campusvirtual.png\" alt=\"CAMPUS_VIRTUAL\"><br><strong>CAMPUS VIRTUAL<\/strong><\/td><td class=\"has-text-align-center\" data-align=\"center\"><img decoding=\"async\" src=\"https:\/\/formacao-profissional.pt\/ADigital\/img\/tutor_especializado.png\" alt=\"TUTOR_ESPECIALIZADO\"><br><strong>TUTOR ESPECIALIZADO<\/strong><\/td><\/tr><\/tbody><\/table><\/figure>\n","protected":false},"excerpt":{"rendered":"<p>Sabias que o Design Gr\u00e1fico \u00e9 uma das profiss\u00f5es mais bem remuneradas? Desempenha um papel vital nas empresas, especialmente ap\u00f3s a pandemia que acelerou a transforma\u00e7\u00e3o digital em Portugal. Num mundo digital e competitivo, destaca-se na cria\u00e7\u00e3o de conte\u00fado para atrair consumidores e manter a relev\u00e2ncia da marca. Aprende as t\u00e9cnicas essenciais com o Curso de Design Gr\u00e1fico e torna-te um profissional chave para o&hellip; <\/p>\n","protected":false},"author":1,"featured_media":354,"parent":52,"menu_order":0,"comment_status":"closed","ping_status":"closed","template":"","meta":{"footnotes":""},"class_list":["post-60","page","type-page","status-publish","has-post-thumbnail","hentry","clearfix"],"_links":{"self":[{"href":"https:\/\/www.cursosaominuto.pt\/wordpress\/wp-json\/wp\/v2\/pages\/60","targetHints":{"allow":["GET"]}}],"collection":[{"href":"https:\/\/www.cursosaominuto.pt\/wordpress\/wp-json\/wp\/v2\/pages"}],"about":[{"href":"https:\/\/www.cursosaominuto.pt\/wordpress\/wp-json\/wp\/v2\/types\/page"}],"author":[{"embeddable":true,"href":"https:\/\/www.cursosaominuto.pt\/wordpress\/wp-json\/wp\/v2\/users\/1"}],"replies":[{"embeddable":true,"href":"https:\/\/www.cursosaominuto.pt\/wordpress\/wp-json\/wp\/v2\/comments?post=60"}],"version-history":[{"count":11,"href":"https:\/\/www.cursosaominuto.pt\/wordpress\/wp-json\/wp\/v2\/pages\/60\/revisions"}],"predecessor-version":[{"id":3838,"href":"https:\/\/www.cursosaominuto.pt\/wordpress\/wp-json\/wp\/v2\/pages\/60\/revisions\/3838"}],"up":[{"embeddable":true,"href":"https:\/\/www.cursosaominuto.pt\/wordpress\/wp-json\/wp\/v2\/pages\/52"}],"wp:featuredmedia":[{"embeddable":true,"href":"https:\/\/www.cursosaominuto.pt\/wordpress\/wp-json\/wp\/v2\/media\/354"}],"wp:attachment":[{"href":"https:\/\/www.cursosaominuto.pt\/wordpress\/wp-json\/wp\/v2\/media?parent=60"}],"curies":[{"name":"wp","href":"https:\/\/api.w.org\/{rel}","templated":true}]}}