{"id":59,"date":"2016-01-18T13:42:38","date_gmt":"2016-01-18T13:42:38","guid":{"rendered":"http:\/\/localhost\/wordpress\/freesia-empire\/?page_id=58"},"modified":"2025-09-11T13:41:48","modified_gmt":"2025-09-11T13:41:48","slug":"curso-de-auxiliar-de-clinica-dentaria","status":"publish","type":"page","link":"https:\/\/www.cursosaominuto.pt\/wordpress\/portfolio\/curso-de-auxiliar-de-clinica-dentaria\/","title":{"rendered":"Auxiliar de Cl\u00ednica Dent\u00e1ria"},"content":{"rendered":"\n<p>A profiss\u00e3o de<strong> Auxiliar de Cl\u00ednica Dent\u00e1ria<\/strong> combina sa\u00fade, comunica\u00e7\u00e3o e trabalho em equipa.<\/p>\n\n\n<div class=\"wp-block-image\">\n<figure class=\"aligncenter size-large\"><img loading=\"lazy\" decoding=\"async\" width=\"1024\" height=\"683\" src=\"https:\/\/www.cursosaominuto.pt\/wordpress\/wp-content\/uploads\/2024\/01\/Design-sem-nome-6-3-1024x683.png\" alt=\"\" class=\"wp-image-430\" srcset=\"https:\/\/www.cursosaominuto.pt\/wordpress\/wp-content\/uploads\/2024\/01\/Design-sem-nome-6-3-1024x683.png 1024w, https:\/\/www.cursosaominuto.pt\/wordpress\/wp-content\/uploads\/2024\/01\/Design-sem-nome-6-3-300x200.png 300w, https:\/\/www.cursosaominuto.pt\/wordpress\/wp-content\/uploads\/2024\/01\/Design-sem-nome-6-3-768x512.png 768w, https:\/\/www.cursosaominuto.pt\/wordpress\/wp-content\/uploads\/2024\/01\/Design-sem-nome-6-3-1536x1024.png 1536w, https:\/\/www.cursosaominuto.pt\/wordpress\/wp-content\/uploads\/2024\/01\/Design-sem-nome-6-3-2048x1366.png 2048w, https:\/\/www.cursosaominuto.pt\/wordpress\/wp-content\/uploads\/2024\/01\/Design-sem-nome-6-3-600x400.png 600w\" sizes=\"auto, (max-width: 1024px) 100vw, 1024px\" \/><\/figure>\n<\/div>\n\n\n<p><\/p>\n\n\n\n<p>Al\u00e9m de apoiar os m\u00e9dicos dentistas, implica intera\u00e7\u00e3o direta com os pacientes, limpeza, gest\u00e3o de procedimentos e apoio administrativo. Se o teu interesse na \u00e1rea da sa\u00fade inclui contacto direto e trabalho em equipa, come\u00e7a a explorar com o <strong>Curso de Auxiliar de Cl\u00ednica Dent\u00e1ria.<\/strong><\/p>\n\n\n\n<p><\/p>\n\n\n\n<div class=\"wp-block-buttons is-content-justification-center is-layout-flex wp-container-core-buttons-is-layout-16018d1d wp-block-buttons-is-layout-flex\">\n<div class=\"wp-block-button\"><a class=\"wp-block-button__link has-vivid-red-background-color has-background wp-element-button\" href=\"https:\/\/cursos360.pt\/auxiliar-clinica-dentaria?utm_source=organico&amp;pilot=972&amp;utm_medium=opc&amp;utm_campaign=adstrategy&amp;utm_content=SITE_CM_OFERTA\" target=\"_blank\" rel=\"noopener\"><strong>INSCREVE-TE<\/strong><\/a><\/div>\n<\/div>\n\n\n\n<p><\/p>\n\n\n\n<h2 class=\"wp-block-heading has-text-align-center\">Principais Objetivos<\/h2>\n\n\n\n<ul class=\"wp-block-list\">\n<li>Conhecer as diversas \u00e1reas da Sa\u00fade Oral, a sua import\u00e2ncia e a\u00e7\u00e3o<\/li>\n\n\n\n<li>Compreender a influ\u00eancia da rece\u00e7\u00e3o, na primeira impress\u00e3o de um paciente<\/li>\n\n\n\n<li>Aprender t\u00e9cnicas de comunica\u00e7\u00e3o \u00fateis \u00e0 fideliza\u00e7\u00e3o de pacientes<\/li>\n\n\n\n<li>Conhecer os princ\u00edpios base de uma conduta \u00e9tica e os princ\u00edpios deontol\u00f3gicos da profiss\u00e3o<\/li>\n\n\n\n<li>Obter no\u00e7\u00f5es de anatomia, patologia, material dent\u00e1rio e manuten\u00e7\u00e3o de equipamentos utilizados em medicina dent\u00e1ria<\/li>\n\n\n\n<li>Identificar t\u00e9cnicas e procedimentos de assist\u00eancia, em medicina dent\u00e1ria generalista<\/li>\n\n\n\n<li>Aprender as particularidades da assist\u00eancia em especialidades como Implantologia, Ortodontia, Pr\u00f3tese, Odontopediatria, entre outras<\/li>\n\n\n\n<li>Reconhecer a import\u00e2ncia da desinfe\u00e7\u00e3o e esteriliza\u00e7\u00e3o<\/li>\n\n\n\n<li>Adquirir no\u00e7\u00f5es de primeiros socorros e cuidados com pacientes especiais<\/li>\n<\/ul>\n\n\n\n<h2 class=\"wp-block-heading has-text-align-center\">Sa\u00eddas Profissionais<\/h2>\n\n\n\n<ul class=\"wp-block-list\">\n<li>Auxiliar \/ Assistente de cl\u00ednica dent\u00e1ria ou policl\u00ednica, com especialidade de medicina dent\u00e1ria<\/li>\n\n\n\n<li>Recepcionista de cl\u00ednica dent\u00e1ria ou policl\u00ednica, com especialidade de medicina dent\u00e1ria<\/li>\n<\/ul>\n\n\n\n<p class=\"has-text-align-center\"><strong>PODER\u00c3O DESEMPENHAR ESTAS FUN\u00c7\u00d5ES EM:<\/strong><\/p>\n\n\n\n<ul class=\"wp-block-list\">\n<li>Hospitais privados ou p\u00fablicos com \u00e1rea de medicina dent\u00e1ria<\/li>\n\n\n\n<li>Cl\u00ednicas privadas<\/li>\n<\/ul>\n\n\n\n<p><\/p>\n\n\n\n<div class=\"wp-block-buttons is-content-justification-center is-layout-flex wp-container-core-buttons-is-layout-16018d1d wp-block-buttons-is-layout-flex\">\n<div class=\"wp-block-button\"><a class=\"wp-block-button__link has-vivid-red-background-color has-background wp-element-button\" href=\"https:\/\/cursos360.pt\/auxiliar-clinica-dentaria?utm_source=organico&amp;pilot=972&amp;utm_medium=opc&amp;utm_campaign=adstrategy&amp;utm_content=SITE_CM_OFERTA\" target=\"_blank\" rel=\"noopener\"><strong>SABE MAIS AQUI<\/strong><\/a><\/div>\n<\/div>\n\n\n\n<p><\/p>\n\n\n\n<h2 class=\"wp-block-heading has-text-align-center\">Vantagens<\/h2>\n\n\n\n<figure class=\"wp-block-table is-style-stripes has-small-font-size\"><table><tbody><tr><td class=\"has-text-align-center\" data-align=\"center\"><img decoding=\"async\" src=\"https:\/\/formacao-profissional.pt\/ADigital\/img\/bolsaestagios.png\" alt=\"Bolsa_De_Estagios\"><br><strong> BOLSA DE EST\u00c1GIOS<\/strong><\/td><td class=\"has-text-align-center\" data-align=\"center\"><img decoding=\"async\" src=\"https:\/\/formacao-profissional.pt\/ADigital\/img\/bolsaemprego.png\" alt=\"Bolsa_De_Emprego\"><br><strong>BOLSA DE EMPREGO<\/strong><\/td><td class=\"has-text-align-center\" data-align=\"center\"><strong><img decoding=\"async\" src=\"https:\/\/formacao-profissional.pt\/ADigital\/img\/casospraticos.png\" alt=\"CASOS_PR\u00c1TICOS\"><\/strong><br><strong>CASOS PR\u00c1TICOS<\/strong><\/td><td class=\"has-text-align-center\" data-align=\"center\"><img decoding=\"async\" src=\"https:\/\/formacao-profissional.pt\/ADigital\/img\/campusvirtual.png\" alt=\"CAMPUS_VIRTUAL\"><br><strong>CAMPUS VIRTUAL<\/strong><\/td><td class=\"has-text-align-center\" data-align=\"center\"><img decoding=\"async\" src=\"https:\/\/formacao-profissional.pt\/ADigital\/img\/tutor_especializado.png\" alt=\"TUTOR_ESPECIALIZADO\"><br><strong>TUTOR ESPECIALIZADO<\/strong><\/td><\/tr><\/tbody><\/table><\/figure>\n","protected":false},"excerpt":{"rendered":"<p>A profiss\u00e3o de Auxiliar de Cl\u00ednica Dent\u00e1ria combina sa\u00fade, comunica\u00e7\u00e3o e trabalho em equipa. Al\u00e9m de apoiar os m\u00e9dicos dentistas, implica intera\u00e7\u00e3o direta com os pacientes, limpeza, gest\u00e3o de procedimentos e apoio administrativo. Se o teu interesse na \u00e1rea da sa\u00fade inclui contacto direto e trabalho em equipa, come\u00e7a a explorar com o Curso de Auxiliar de Cl\u00ednica Dent\u00e1ria. Principais Objetivos Sa\u00eddas Profissionais PODER\u00c3O DESEMPENHAR&hellip; <\/p>\n","protected":false},"author":1,"featured_media":350,"parent":52,"menu_order":0,"comment_status":"closed","ping_status":"closed","template":"","meta":{"footnotes":""},"class_list":["post-59","page","type-page","status-publish","has-post-thumbnail","hentry","clearfix"],"_links":{"self":[{"href":"https:\/\/www.cursosaominuto.pt\/wordpress\/wp-json\/wp\/v2\/pages\/59","targetHints":{"allow":["GET"]}}],"collection":[{"href":"https:\/\/www.cursosaominuto.pt\/wordpress\/wp-json\/wp\/v2\/pages"}],"about":[{"href":"https:\/\/www.cursosaominuto.pt\/wordpress\/wp-json\/wp\/v2\/types\/page"}],"author":[{"embeddable":true,"href":"https:\/\/www.cursosaominuto.pt\/wordpress\/wp-json\/wp\/v2\/users\/1"}],"replies":[{"embeddable":true,"href":"https:\/\/www.cursosaominuto.pt\/wordpress\/wp-json\/wp\/v2\/comments?post=59"}],"version-history":[{"count":14,"href":"https:\/\/www.cursosaominuto.pt\/wordpress\/wp-json\/wp\/v2\/pages\/59\/revisions"}],"predecessor-version":[{"id":3786,"href":"https:\/\/www.cursosaominuto.pt\/wordpress\/wp-json\/wp\/v2\/pages\/59\/revisions\/3786"}],"up":[{"embeddable":true,"href":"https:\/\/www.cursosaominuto.pt\/wordpress\/wp-json\/wp\/v2\/pages\/52"}],"wp:featuredmedia":[{"embeddable":true,"href":"https:\/\/www.cursosaominuto.pt\/wordpress\/wp-json\/wp\/v2\/media\/350"}],"wp:attachment":[{"href":"https:\/\/www.cursosaominuto.pt\/wordpress\/wp-json\/wp\/v2\/media?parent=59"}],"curies":[{"name":"wp","href":"https:\/\/api.w.org\/{rel}","templated":true}]}}