{"id":58,"date":"2016-01-18T13:42:33","date_gmt":"2016-01-18T13:42:33","guid":{"rendered":"http:\/\/localhost\/wordpress\/freesia-empire\/?page_id=57"},"modified":"2025-09-11T15:09:02","modified_gmt":"2025-09-11T15:09:02","slug":"curso-de-decoracao-de-interiores","status":"publish","type":"page","link":"https:\/\/www.cursosaominuto.pt\/wordpress\/portfolio\/curso-de-decoracao-de-interiores\/","title":{"rendered":"Decora\u00e7\u00e3o de Interiores"},"content":{"rendered":"\n<p>Os <strong>decoradores de interiores<\/strong> s\u00e3o capazes de fazer a diferen\u00e7a e transformar o nosso lar exatamente como idealiz\u00e1mos.<\/p>\n\n\n\n<figure class=\"wp-block-image alignwide size-large\"><img loading=\"lazy\" decoding=\"async\" width=\"1024\" height=\"683\" src=\"https:\/\/www.cursosaominuto.pt\/wordpress\/wp-content\/uploads\/2024\/01\/Design-sem-nome-3-1024x683.png\" alt=\"\" class=\"wp-image-344\" srcset=\"https:\/\/www.cursosaominuto.pt\/wordpress\/wp-content\/uploads\/2024\/01\/Design-sem-nome-3-1024x683.png 1024w, https:\/\/www.cursosaominuto.pt\/wordpress\/wp-content\/uploads\/2024\/01\/Design-sem-nome-3-300x200.png 300w, https:\/\/www.cursosaominuto.pt\/wordpress\/wp-content\/uploads\/2024\/01\/Design-sem-nome-3-768x512.png 768w, https:\/\/www.cursosaominuto.pt\/wordpress\/wp-content\/uploads\/2024\/01\/Design-sem-nome-3-1536x1024.png 1536w, https:\/\/www.cursosaominuto.pt\/wordpress\/wp-content\/uploads\/2024\/01\/Design-sem-nome-3-2048x1366.png 2048w, https:\/\/www.cursosaominuto.pt\/wordpress\/wp-content\/uploads\/2024\/01\/Design-sem-nome-3-600x400.png 600w\" sizes=\"auto, (max-width: 1024px) 100vw, 1024px\" \/><\/figure>\n\n\n\n<p><\/p>\n\n\n\n<p>Os espa\u00e7os comerciais tamb\u00e9m reconhecem a import\u00e2ncia de se destacarem atrav\u00e9s de designs apelativos, proporcionando aos clientes uma experi\u00eancia \u00fanica de compra.<\/p>\n\n\n\n<p>A decora\u00e7\u00e3o de interiores \u00e9 uma \u00e1rea vers\u00e1til, com todas as ferramentas necess\u00e1rias para tornar a tua casa, escrit\u00f3rio ou espa\u00e7o comercial verdadeiramente \u00fanico.<\/p>\n\n\n\n<p>D\u00e1 o primeiro passo e aprofunda os teus conhecimentos nesta \u00e1rea com o <strong>Curso de Decora\u00e7\u00e3o de Interiores.<\/strong><\/p>\n\n\n\n<p><\/p>\n\n\n\n<div class=\"wp-block-buttons is-content-justification-center is-layout-flex wp-container-core-buttons-is-layout-16018d1d wp-block-buttons-is-layout-flex\">\n<div class=\"wp-block-button\"><a class=\"wp-block-button__link has-vivid-red-background-color has-background wp-element-button\" href=\"https:\/\/cursos360.pt\/decoracao-interiores?pilot=972&amp;utm_source=organico&amp;utm_medium=opc&amp;utm_campaign=adstrategy&amp;utm_content=SITE_CM_OFERTA\" target=\"_blank\" rel=\"noopener\"><strong>INSCREVE-TE<\/strong><\/a><\/div>\n<\/div>\n\n\n\n<p><\/p>\n\n\n\n<h2 class=\"wp-block-heading has-text-align-center\">Principais Objetivos<\/h2>\n\n\n\n<ul class=\"wp-block-list\">\n<li>Compreender a Hist\u00f3ria e os Estilos;<\/li>\n\n\n\n<li>Conhecer t\u00e9cnicas para an\u00e1lise de espa\u00e7os;<\/li>\n\n\n\n<li>Adquirir sentido cr\u00edtico;<\/li>\n\n\n\n<li>Desenvolver t\u00e9cnicas para definir programas de interven\u00e7\u00e3o ajustados;<\/li>\n\n\n\n<li>Reconhecer a import\u00e2ncia do trabalho em equipa, nesta \u00e1rea;<\/li>\n\n\n\n<li>Aprender a gerir or\u00e7amentos;<\/li>\n\n\n\n<li>Perceber as diferen\u00e7as entre Desenho Art\u00edstico e Desenho T\u00e9cnico;<\/li>\n\n\n\n<li>Adquirir conhecimentos base de AutoCAD;<\/li>\n\n\n\n<li>Distinguir diferentes materiais e respetiva aplica\u00e7\u00e3o;<\/li>\n\n\n\n<li>Desenvolver t\u00e9cnicas de representa\u00e7\u00e3o gr\u00e1fica.<\/li>\n<\/ul>\n\n\n\n<h2 class=\"wp-block-heading has-text-align-center\">Sa\u00eddas Profissionais<\/h2>\n\n\n\n<ul class=\"wp-block-list\">\n<li>Decorador de interiores;<\/li>\n\n\n\n<li>Consultor em decora\u00e7\u00e3o de interiores;<\/li>\n\n\n\n<li>Assessor de espa\u00e7os comerciais e de hotelaria\/restaura\u00e7\u00e3o;<\/li>\n\n\n\n<li>Vitrinista.<\/li>\n<\/ul>\n\n\n\n<p><\/p>\n\n\n\n<div class=\"wp-block-buttons is-content-justification-center is-layout-flex wp-container-core-buttons-is-layout-16018d1d wp-block-buttons-is-layout-flex\">\n<div class=\"wp-block-button\"><a class=\"wp-block-button__link has-vivid-red-background-color has-background wp-element-button\" href=\"https:\/\/cursos360.pt\/decoracao-interiores?pilot=972&amp;utm_source=organico&amp;utm_medium=opc&amp;utm_campaign=adstrategy&amp;utm_content=SITE_CM_OFERTA\" target=\"_blank\" rel=\"noopener\"><strong>SABE MAIS AQUI<\/strong><\/a><\/div>\n<\/div>\n\n\n\n<p><\/p>\n\n\n\n<h2 class=\"wp-block-heading has-text-align-center\">Vantagens<\/h2>\n\n\n\n<figure class=\"wp-block-table is-style-stripes has-small-font-size\"><table><tbody><tr><td class=\"has-text-align-center\" data-align=\"center\"><img decoding=\"async\" src=\"https:\/\/formacao-profissional.pt\/ADigital\/img\/bolsaestagios.png\" alt=\"Bolsa_De_Estagios\"><br><strong> BOLSA DE EST\u00c1GIOS<\/strong><\/td><td class=\"has-text-align-center\" data-align=\"center\"><img decoding=\"async\" src=\"https:\/\/formacao-profissional.pt\/ADigital\/img\/bolsaemprego.png\" alt=\"Bolsa_De_Emprego\"><br><strong>BOLSA DE EMPREGO<\/strong><\/td><td class=\"has-text-align-center\" data-align=\"center\"><strong><img decoding=\"async\" src=\"https:\/\/formacao-profissional.pt\/ADigital\/img\/casospraticos.png\" alt=\"CASOS_PR\u00c1TICOS\"><\/strong><br><strong>CASOS PR\u00c1TICOS<\/strong><\/td><td class=\"has-text-align-center\" data-align=\"center\"><img decoding=\"async\" src=\"https:\/\/formacao-profissional.pt\/ADigital\/img\/campusvirtual.png\" alt=\"CAMPUS_VIRTUAL\"><br><strong>CAMPUS VIRTUAL<\/strong><\/td><td class=\"has-text-align-center\" data-align=\"center\"><img decoding=\"async\" src=\"https:\/\/formacao-profissional.pt\/ADigital\/img\/tutor_especializado.png\" alt=\"TUTOR_ESPECIALIZADO\"><br><strong>TUTOR ESPECIALIZADO<\/strong><\/td><\/tr><\/tbody><\/table><\/figure>\n","protected":false},"excerpt":{"rendered":"<p>Os decoradores de interiores s\u00e3o capazes de fazer a diferen\u00e7a e transformar o nosso lar exatamente como idealiz\u00e1mos. Os espa\u00e7os comerciais tamb\u00e9m reconhecem a import\u00e2ncia de se destacarem atrav\u00e9s de designs apelativos, proporcionando aos clientes uma experi\u00eancia \u00fanica de compra. A decora\u00e7\u00e3o de interiores \u00e9 uma \u00e1rea vers\u00e1til, com todas as ferramentas necess\u00e1rias para tornar a tua casa, escrit\u00f3rio ou espa\u00e7o comercial verdadeiramente \u00fanico. D\u00e1&hellip; <\/p>\n","protected":false},"author":1,"featured_media":344,"parent":52,"menu_order":0,"comment_status":"closed","ping_status":"closed","template":"","meta":{"footnotes":""},"class_list":["post-58","page","type-page","status-publish","has-post-thumbnail","hentry","clearfix"],"_links":{"self":[{"href":"https:\/\/www.cursosaominuto.pt\/wordpress\/wp-json\/wp\/v2\/pages\/58","targetHints":{"allow":["GET"]}}],"collection":[{"href":"https:\/\/www.cursosaominuto.pt\/wordpress\/wp-json\/wp\/v2\/pages"}],"about":[{"href":"https:\/\/www.cursosaominuto.pt\/wordpress\/wp-json\/wp\/v2\/types\/page"}],"author":[{"embeddable":true,"href":"https:\/\/www.cursosaominuto.pt\/wordpress\/wp-json\/wp\/v2\/users\/1"}],"replies":[{"embeddable":true,"href":"https:\/\/www.cursosaominuto.pt\/wordpress\/wp-json\/wp\/v2\/comments?post=58"}],"version-history":[{"count":12,"href":"https:\/\/www.cursosaominuto.pt\/wordpress\/wp-json\/wp\/v2\/pages\/58\/revisions"}],"predecessor-version":[{"id":3829,"href":"https:\/\/www.cursosaominuto.pt\/wordpress\/wp-json\/wp\/v2\/pages\/58\/revisions\/3829"}],"up":[{"embeddable":true,"href":"https:\/\/www.cursosaominuto.pt\/wordpress\/wp-json\/wp\/v2\/pages\/52"}],"wp:featuredmedia":[{"embeddable":true,"href":"https:\/\/www.cursosaominuto.pt\/wordpress\/wp-json\/wp\/v2\/media\/344"}],"wp:attachment":[{"href":"https:\/\/www.cursosaominuto.pt\/wordpress\/wp-json\/wp\/v2\/media?parent=58"}],"curies":[{"name":"wp","href":"https:\/\/api.w.org\/{rel}","templated":true}]}}