{"id":56,"date":"2016-01-18T13:42:27","date_gmt":"2016-01-18T13:42:27","guid":{"rendered":"http:\/\/localhost\/wordpress\/freesia-empire\/?page_id=56"},"modified":"2025-09-11T13:58:55","modified_gmt":"2025-09-11T13:58:55","slug":"auxiliar-veterinaria","status":"publish","type":"page","link":"https:\/\/www.cursosaominuto.pt\/wordpress\/portfolio\/auxiliar-veterinaria\/","title":{"rendered":"Auxiliar de Veterin\u00e1ria"},"content":{"rendered":"\n<p>Escolher investir <strong>na \u00e1rea de veterin\u00e1ria<\/strong> pode ser motivado pelo amor aos animais e pela oportunidade de contribuir para o seu bem-estar.<\/p>\n\n\n\n<p><\/p>\n\n\n<div class=\"wp-block-image\">\n<figure class=\"aligncenter size-large\"><img loading=\"lazy\" decoding=\"async\" width=\"1024\" height=\"683\" src=\"https:\/\/www.cursosaominuto.pt\/wordpress\/wp-content\/uploads\/2024\/01\/Design-sem-nome-1-1024x683.png\" alt=\"\" class=\"wp-image-341\" srcset=\"https:\/\/www.cursosaominuto.pt\/wordpress\/wp-content\/uploads\/2024\/01\/Design-sem-nome-1-1024x683.png 1024w, https:\/\/www.cursosaominuto.pt\/wordpress\/wp-content\/uploads\/2024\/01\/Design-sem-nome-1-300x200.png 300w, https:\/\/www.cursosaominuto.pt\/wordpress\/wp-content\/uploads\/2024\/01\/Design-sem-nome-1-768x512.png 768w, https:\/\/www.cursosaominuto.pt\/wordpress\/wp-content\/uploads\/2024\/01\/Design-sem-nome-1-1536x1024.png 1536w, https:\/\/www.cursosaominuto.pt\/wordpress\/wp-content\/uploads\/2024\/01\/Design-sem-nome-1-2048x1366.png 2048w, https:\/\/www.cursosaominuto.pt\/wordpress\/wp-content\/uploads\/2024\/01\/Design-sem-nome-1-600x400.png 600w\" sizes=\"auto, (max-width: 1024px) 100vw, 1024px\" \/><\/figure>\n<\/div>\n\n\n<p><\/p>\n\n\n\n<p>O n\u00famero de empresas ligadas a este setor n\u00e3o para de aumentar, e as oportunidades de carreira est\u00e3o em expans\u00e3o. Come\u00e7a j\u00e1 a profundar os teus conhecimentos com o <strong>Curso de Auxiliar de Veterin\u00e1ria<\/strong>. Esta \u00e9 a tua oportunidade para fazer a diferen\u00e7a.<\/p>\n\n\n\n<p><\/p>\n\n\n\n<div class=\"wp-block-buttons is-content-justification-center is-layout-flex wp-container-core-buttons-is-layout-16018d1d wp-block-buttons-is-layout-flex\">\n<div class=\"wp-block-button\"><a class=\"wp-block-button__link has-vivid-red-background-color has-background wp-element-button\" href=\"https:\/\/cursos-de-formacao.pt\/auxiliar-veterinaria?pilot=972&amp;utm_source=organico&amp;utm_medium=opc&amp;utm_campaign=adstrategy&amp;utm_content=SITE_CM_OFERTA\" target=\"_blank\" rel=\"noopener\"><strong>INSCREVE-TE<\/strong><\/a><\/div>\n<\/div>\n\n\n\n<p><\/p>\n\n\n\n<h2 class=\"wp-block-heading has-text-align-center\">Principais Objetivos<\/h2>\n\n\n\n<ul class=\"wp-block-list\">\n<li>Conhecer as principais ra\u00e7as de c\u00e3es e gatos, segundo as caracter\u00edsticas de porte, tra\u00e7os e temperamento.<\/li>\n\n\n\n<li>Adquirir no\u00e7\u00f5es gerais sobre os animais ex\u00f3ticos, especialmente no que respeita \u00e0 sua alimenta\u00e7\u00e3o.<\/li>\n\n\n\n<li>Compreender as necessidades nutricionais dos animais de companhia, em fun\u00e7\u00e3o de fatores como a idade, a ra\u00e7a, o peso, etc.<\/li>\n\n\n\n<li>Conhecer a anatomia dos animais de companhia e as patologias mais comuns.<\/li>\n\n\n\n<li>Conhecer as normas b\u00e1sicas para emitir documentos, usados numa ag\u00eancia de viagens, e para calcular pre\u00e7os e tarifas.<\/li>\n\n\n\n<li>Aprender os principais meios\/t\u00e9cnicas de conten\u00e7\u00e3o de animais de companhia.<\/li>\n<\/ul>\n\n\n\n<h2 class=\"wp-block-heading has-text-align-center\">Sa\u00eddas Profissionais<\/h2>\n\n\n\n<ul class=\"wp-block-list\">\n<li>Auxiliar de Veterin\u00e1ria<\/li>\n\n\n\n<li>Pet sitter<\/li>\n\n\n\n<li>Operador comercial em Pet Shops<\/li>\n<\/ul>\n\n\n\n<p><\/p>\n\n\n\n<div class=\"wp-block-buttons is-content-justification-center is-layout-flex wp-container-core-buttons-is-layout-16018d1d wp-block-buttons-is-layout-flex\">\n<div class=\"wp-block-button\"><a class=\"wp-block-button__link has-vivid-red-background-color has-background wp-element-button\"><strong>SABE MAIS AQUI<\/strong><\/a><\/div>\n<\/div>\n\n\n\n<p><\/p>\n\n\n\n<h2 class=\"wp-block-heading has-text-align-center\">Vantagens<\/h2>\n\n\n\n<figure class=\"wp-block-table is-style-stripes has-small-font-size\"><table><tbody><tr><td class=\"has-text-align-center\" data-align=\"center\"><img decoding=\"async\" src=\"https:\/\/formacao-profissional.pt\/ADigital\/img\/bolsaestagios.png\" alt=\"Bolsa_De_Estagios\"><br><strong> BOLSA DE EST\u00c1GIOS<\/strong><\/td><td class=\"has-text-align-center\" data-align=\"center\"><img decoding=\"async\" src=\"https:\/\/formacao-profissional.pt\/ADigital\/img\/bolsaemprego.png\" alt=\"Bolsa_De_Emprego\"><br><strong>BOLSA DE EMPREGO<\/strong><\/td><td class=\"has-text-align-center\" data-align=\"center\"><strong><img decoding=\"async\" src=\"https:\/\/formacao-profissional.pt\/ADigital\/img\/casospraticos.png\" alt=\"CASOS_PR\u00c1TICOS\"><\/strong><br><strong>CASOS PR\u00c1TICOS<\/strong><\/td><td class=\"has-text-align-center\" data-align=\"center\"><img decoding=\"async\" src=\"https:\/\/formacao-profissional.pt\/ADigital\/img\/campusvirtual.png\" alt=\"CAMPUS_VIRTUAL\"><br><strong>CAMPUS VIRTUAL<\/strong><\/td><td class=\"has-text-align-center\" data-align=\"center\"><img decoding=\"async\" src=\"https:\/\/formacao-profissional.pt\/ADigital\/img\/tutor_especializado.png\" alt=\"TUTOR_ESPECIALIZADO\"><br><strong>TUTOR ESPECIALIZADO<\/strong><\/td><\/tr><\/tbody><\/table><\/figure>\n","protected":false},"excerpt":{"rendered":"<p>Escolher investir na \u00e1rea de veterin\u00e1ria pode ser motivado pelo amor aos animais e pela oportunidade de contribuir para o seu bem-estar. O n\u00famero de empresas ligadas a este setor n\u00e3o para de aumentar, e as oportunidades de carreira est\u00e3o em expans\u00e3o. Come\u00e7a j\u00e1 a profundar os teus conhecimentos com o Curso de Auxiliar de Veterin\u00e1ria. Esta \u00e9 a tua oportunidade para fazer a diferen\u00e7a.&hellip; <\/p>\n","protected":false},"author":1,"featured_media":341,"parent":52,"menu_order":0,"comment_status":"closed","ping_status":"closed","template":"","meta":{"footnotes":""},"class_list":["post-56","page","type-page","status-publish","has-post-thumbnail","hentry","clearfix"],"_links":{"self":[{"href":"https:\/\/www.cursosaominuto.pt\/wordpress\/wp-json\/wp\/v2\/pages\/56","targetHints":{"allow":["GET"]}}],"collection":[{"href":"https:\/\/www.cursosaominuto.pt\/wordpress\/wp-json\/wp\/v2\/pages"}],"about":[{"href":"https:\/\/www.cursosaominuto.pt\/wordpress\/wp-json\/wp\/v2\/types\/page"}],"author":[{"embeddable":true,"href":"https:\/\/www.cursosaominuto.pt\/wordpress\/wp-json\/wp\/v2\/users\/1"}],"replies":[{"embeddable":true,"href":"https:\/\/www.cursosaominuto.pt\/wordpress\/wp-json\/wp\/v2\/comments?post=56"}],"version-history":[{"count":21,"href":"https:\/\/www.cursosaominuto.pt\/wordpress\/wp-json\/wp\/v2\/pages\/56\/revisions"}],"predecessor-version":[{"id":3796,"href":"https:\/\/www.cursosaominuto.pt\/wordpress\/wp-json\/wp\/v2\/pages\/56\/revisions\/3796"}],"up":[{"embeddable":true,"href":"https:\/\/www.cursosaominuto.pt\/wordpress\/wp-json\/wp\/v2\/pages\/52"}],"wp:featuredmedia":[{"embeddable":true,"href":"https:\/\/www.cursosaominuto.pt\/wordpress\/wp-json\/wp\/v2\/media\/341"}],"wp:attachment":[{"href":"https:\/\/www.cursosaominuto.pt\/wordpress\/wp-json\/wp\/v2\/media?parent=56"}],"curies":[{"name":"wp","href":"https:\/\/api.w.org\/{rel}","templated":true}]}}