{"id":544,"date":"2024-01-17T12:10:46","date_gmt":"2024-01-17T12:10:46","guid":{"rendered":"https:\/\/www.cursosaominuto.pt\/wordpress\/?page_id=544"},"modified":"2025-09-23T15:11:15","modified_gmt":"2025-09-23T15:11:15","slug":"bem-estar-animal","status":"publish","type":"page","link":"https:\/\/www.cursosaominuto.pt\/wordpress\/bem-estar-animal\/","title":{"rendered":"Bem-Estar Animal"},"content":{"rendered":"\n<div class=\"wp-block-columns alignfull are-vertically-aligned-top is-layout-flex wp-container-core-columns-is-layout-9d6595d7 wp-block-columns-is-layout-flex\">\n<div class=\"wp-block-column is-vertically-aligned-top is-layout-flow wp-block-column-is-layout-flow\" style=\"flex-basis:25%\"><div class=\"wp-block-image\">\n<figure class=\"aligncenter size-large\"><a href=\"https:\/\/cursos-de-formacao.pt\/auxiliar-veterinaria?pilot=972&amp;utm_source=organico&amp;utm_medium=opc&amp;utm_campaign=adstrategy&amp;utm_content=SITE_CM_OFERTA\" target=\"_blank\" rel=\"noopener\"><img loading=\"lazy\" decoding=\"async\" width=\"1024\" height=\"683\" src=\"https:\/\/www.cursosaominuto.pt\/wordpress\/wp-content\/uploads\/2024\/01\/Design-sem-nome-1-1-1024x683.png\" alt=\"\" class=\"wp-image-427\" style=\"aspect-ratio:4\/3;object-fit:cover\" srcset=\"https:\/\/www.cursosaominuto.pt\/wordpress\/wp-content\/uploads\/2024\/01\/Design-sem-nome-1-1-1024x683.png 1024w, https:\/\/www.cursosaominuto.pt\/wordpress\/wp-content\/uploads\/2024\/01\/Design-sem-nome-1-1-300x200.png 300w, https:\/\/www.cursosaominuto.pt\/wordpress\/wp-content\/uploads\/2024\/01\/Design-sem-nome-1-1-768x512.png 768w, https:\/\/www.cursosaominuto.pt\/wordpress\/wp-content\/uploads\/2024\/01\/Design-sem-nome-1-1-1536x1024.png 1536w, https:\/\/www.cursosaominuto.pt\/wordpress\/wp-content\/uploads\/2024\/01\/Design-sem-nome-1-1-2048x1366.png 2048w, https:\/\/www.cursosaominuto.pt\/wordpress\/wp-content\/uploads\/2024\/01\/Design-sem-nome-1-1-600x400.png 600w\" sizes=\"auto, (max-width: 1024px) 100vw, 1024px\" \/><\/a><figcaption class=\"wp-element-caption\"><strong><a href=\"https:\/\/cursos-de-formacao.pt\/auxiliar-veterinaria?pilot=972&amp;utm_source=organico&amp;utm_medium=opc&amp;utm_campaign=adstrategy&amp;utm_content=SITE_CM_OFERTA\" target=\"_blank\" rel=\"noopener\">Auxiliar Veterin\u00e1ria<br><\/a><\/strong><\/figcaption><\/figure>\n<\/div><\/div>\n\n\n\n<div class=\"wp-block-column is-vertically-aligned-top is-layout-flow wp-block-column-is-layout-flow\" style=\"flex-basis:25%\"><div class=\"wp-block-image is-style-default\">\n<figure class=\"aligncenter size-full\"><a href=\"https:\/\/cursos360.pt\/auxiliar-veterinaria-animais-exoticos-tratador-zoologicos?pilot=972&amp;utm_source=organico&amp;utm_medium=opc&amp;utm_campaign=adstrategy&amp;utm_content=SITE_CM_OFERTA\" target=\"_blank\" rel=\"noopener\"><img loading=\"lazy\" decoding=\"async\" width=\"674\" height=\"469\" src=\"https:\/\/www.cursosaominuto.pt\/wordpress\/wp-content\/uploads\/2024\/01\/vet-zoo-1.jpeg\" alt=\"\" class=\"wp-image-548\" style=\"aspect-ratio:4\/3;object-fit:cover\" srcset=\"https:\/\/www.cursosaominuto.pt\/wordpress\/wp-content\/uploads\/2024\/01\/vet-zoo-1.jpeg 674w, https:\/\/www.cursosaominuto.pt\/wordpress\/wp-content\/uploads\/2024\/01\/vet-zoo-1-300x209.jpeg 300w, https:\/\/www.cursosaominuto.pt\/wordpress\/wp-content\/uploads\/2024\/01\/vet-zoo-1-600x418.jpeg 600w\" sizes=\"auto, (max-width: 674px) 100vw, 674px\" \/><\/a><figcaption class=\"wp-element-caption\"><strong><a href=\"https:\/\/cursos360.pt\/auxiliar-veterinaria-animais-exoticos-tratador-zoologicos?pilot=972&amp;utm_source=organico&amp;utm_medium=opc&amp;utm_campaign=adstrategy&amp;utm_content=SITE_CM_OFERTA\" target=\"_blank\" rel=\"noopener\">Auxiliar de Veterin\u00e1ria de Animais Ex\u00f3ticas e Tratador de Zool\u00f3gicos<br><\/a><\/strong><\/figcaption><\/figure>\n<\/div><\/div>\n\n\n\n<div class=\"wp-block-column is-vertically-aligned-top is-layout-flow wp-block-column-is-layout-flow\" style=\"flex-basis:25%\"><div class=\"wp-block-image\">\n<figure class=\"aligncenter size-full\"><a href=\"https:\/\/cursos360.pt\/auxiliar-veterinaria-equinos?pilot=972&amp;utm_source=organico&amp;utm_medium=opc&amp;utm_campaign=adstrategy&amp;utm_content=SITE_CM_OFERTA\" target=\"_blank\" rel=\"noopener\"><img loading=\"lazy\" decoding=\"async\" width=\"674\" height=\"469\" src=\"https:\/\/www.cursosaominuto.pt\/wordpress\/wp-content\/uploads\/2024\/01\/hourse-1.jpeg\" alt=\"\" class=\"wp-image-549\" style=\"aspect-ratio:4\/3;object-fit:cover\" srcset=\"https:\/\/www.cursosaominuto.pt\/wordpress\/wp-content\/uploads\/2024\/01\/hourse-1.jpeg 674w, https:\/\/www.cursosaominuto.pt\/wordpress\/wp-content\/uploads\/2024\/01\/hourse-1-300x209.jpeg 300w, https:\/\/www.cursosaominuto.pt\/wordpress\/wp-content\/uploads\/2024\/01\/hourse-1-600x418.jpeg 600w\" sizes=\"auto, (max-width: 674px) 100vw, 674px\" \/><\/a><figcaption class=\"wp-element-caption\"><strong><a href=\"https:\/\/cursos360.pt\/auxiliar-veterinaria-equinos?pilot=972&amp;utm_source=organico&amp;utm_medium=opc&amp;utm_campaign=adstrategy&amp;utm_content=SITE_CM_OFERTA\" target=\"_blank\" rel=\"noopener\">Auxiliar de Veterin\u00e1ria de Equinos<br><\/a><\/strong><\/figcaption><\/figure>\n<\/div><\/div>\n\n\n\n<div class=\"wp-block-column is-vertically-aligned-top is-layout-flow wp-block-column-is-layout-flow\" style=\"flex-basis:25%\"><div class=\"wp-block-image\">\n<figure class=\"aligncenter size-full\"><a href=\"https:\/\/cursos360.pt\/operador-petshop-especializacao-tosquia-grooming?pilot=972&amp;utm_source=organico&amp;utm_content=SITE_CM_OFERTA&amp;utm_campaign=adstrategy&amp;utm_medium=opc\" target=\"_blank\" rel=\"noopener\"><img loading=\"lazy\" decoding=\"async\" width=\"674\" height=\"469\" src=\"https:\/\/www.cursosaominuto.pt\/wordpress\/wp-content\/uploads\/2024\/01\/ope_petshop.jpeg\" alt=\"\" class=\"wp-image-541\" style=\"aspect-ratio:4\/3;object-fit:cover\" srcset=\"https:\/\/www.cursosaominuto.pt\/wordpress\/wp-content\/uploads\/2024\/01\/ope_petshop.jpeg 674w, https:\/\/www.cursosaominuto.pt\/wordpress\/wp-content\/uploads\/2024\/01\/ope_petshop-300x209.jpeg 300w, https:\/\/www.cursosaominuto.pt\/wordpress\/wp-content\/uploads\/2024\/01\/ope_petshop-600x418.jpeg 600w\" sizes=\"auto, (max-width: 674px) 100vw, 674px\" \/><\/a><figcaption class=\"wp-element-caption\"><a href=\"https:\/\/cursos360.pt\/operador-petshop-especializacao-tosquia-grooming?pilot=972&amp;utm_source=organico&amp;utm_content=SITE_CM_OFERTA&amp;utm_campaign=adstrategy&amp;utm_medium=opc\" target=\"_blank\" rel=\"noopener\"><strong>Operador de Petshop<\/strong><br><\/a>(com especializa\u00e7\u00e3o em Tosquia e Grooming)<\/figcaption><\/figure>\n<\/div><\/div>\n<\/div>\n\n\n\n<div class=\"wp-block-columns alignfull are-vertically-aligned-top is-layout-flex wp-container-core-columns-is-layout-9d6595d7 wp-block-columns-is-layout-flex\">\n<div class=\"wp-block-column is-vertically-aligned-top is-layout-flow wp-block-column-is-layout-flow\" style=\"flex-basis:25%\"><div class=\"wp-block-image\">\n<figure class=\"aligncenter size-full\"><a href=\"https:\/\/cursos-de-formacao.pt\/tosquia-grooming?utm_source=organico&amp;utm_medium=opc&amp;utm_campaign=adstrategy&amp;utm_content=SITE_CM_OFERTA\" target=\"_blank\" rel=\"noopener\"><img loading=\"lazy\" decoding=\"async\" width=\"674\" height=\"469\" src=\"https:\/\/www.cursosaominuto.pt\/wordpress\/wp-content\/uploads\/2024\/02\/9.png\" alt=\"\" class=\"wp-image-2040\" style=\"aspect-ratio:4\/3;object-fit:cover\" srcset=\"https:\/\/www.cursosaominuto.pt\/wordpress\/wp-content\/uploads\/2024\/02\/9.png 674w, https:\/\/www.cursosaominuto.pt\/wordpress\/wp-content\/uploads\/2024\/02\/9-300x209.png 300w, https:\/\/www.cursosaominuto.pt\/wordpress\/wp-content\/uploads\/2024\/02\/9-600x418.png 600w\" sizes=\"auto, (max-width: 674px) 100vw, 674px\" \/><\/a><figcaption class=\"wp-element-caption\"><strong><a href=\"https:\/\/cursos-de-formacao.pt\/tosquia-grooming?utm_source=organico&amp;utm_medium=opc&amp;utm_campaign=adstrategy&amp;utm_content=SITE_CM_OFERTA\" target=\"_blank\" rel=\"noopener\">Tosquias e Grooming <\/a><\/strong><\/figcaption><\/figure>\n<\/div><\/div>\n\n\n\n<div class=\"wp-block-column is-vertically-aligned-top is-layout-flow wp-block-column-is-layout-flow\" style=\"flex-basis:25%\"><div class=\"wp-block-image\">\n<figure class=\"aligncenter size-full is-resized\"><a href=\"https:\/\/cursos-de-formacao.pt\/treinador-caes?utm_source=organico&amp;utm_medium=opc&amp;utm_campaign=adstrategy&amp;utm_content=SITE_CM_OFERTA\" target=\"_blank\" rel=\"noopener\"><img loading=\"lazy\" decoding=\"async\" width=\"674\" height=\"469\" src=\"https:\/\/www.cursosaominuto.pt\/wordpress\/wp-content\/uploads\/2024\/04\/1-1.png\" alt=\"\" class=\"wp-image-2404\" style=\"aspect-ratio:1.3333333333333333;object-fit:cover;width:387px;height:auto\" srcset=\"https:\/\/www.cursosaominuto.pt\/wordpress\/wp-content\/uploads\/2024\/04\/1-1.png 674w, https:\/\/www.cursosaominuto.pt\/wordpress\/wp-content\/uploads\/2024\/04\/1-1-300x209.png 300w\" sizes=\"auto, (max-width: 674px) 100vw, 674px\" \/><\/a><figcaption class=\"wp-element-caption\"><strong><a href=\"https:\/\/cursos-de-formacao.pt\/treinador-caes?utm_source=organico&amp;utm_medium=opc&amp;utm_campaign=adstrategy&amp;utm_content=SITE_CM_OFERTA\" target=\"_blank\" rel=\"noopener\">Treinador de C\u00e3es<\/a><\/strong><\/figcaption><\/figure>\n<\/div><\/div>\n\n\n\n<div class=\"wp-block-column is-vertically-aligned-top is-layout-flow wp-block-column-is-layout-flow\" style=\"flex-basis:25%\"><div class=\"wp-block-image\">\n<figure class=\"aligncenter size-full\"><a href=\"https:\/\/cursos-de-formacao.pt\/tecnico-animais-exoticos?utm_source=organico&amp;utm_medium=opc&amp;utm_campaign=adstrategy&amp;utm_content=SITE_CM_OFERTA\" target=\"_blank\" rel=\"noopener\"><img loading=\"lazy\" decoding=\"async\" width=\"674\" height=\"469\" src=\"https:\/\/www.cursosaominuto.pt\/wordpress\/wp-content\/uploads\/2025\/09\/Tecnico-de-animais-exoticos.png\" alt=\"\" class=\"wp-image-3980\" style=\"aspect-ratio:4\/3;object-fit:cover\" srcset=\"https:\/\/www.cursosaominuto.pt\/wordpress\/wp-content\/uploads\/2025\/09\/Tecnico-de-animais-exoticos.png 674w, https:\/\/www.cursosaominuto.pt\/wordpress\/wp-content\/uploads\/2025\/09\/Tecnico-de-animais-exoticos-300x209.png 300w\" sizes=\"auto, (max-width: 674px) 100vw, 674px\" \/><\/a><figcaption class=\"wp-element-caption\"><strong><a href=\"https:\/\/cursos-de-formacao.pt\/tecnico-animais-exoticos?utm_source=organico&amp;utm_medium=opc&amp;utm_campaign=adstrategy&amp;utm_content=SITE_CM_OFERTA\" target=\"_blank\" rel=\"noopener\">T\u00e9cnico de Animais Ex\u00f3ticos<\/a><\/strong><\/figcaption><\/figure>\n<\/div><\/div>\n\n\n\n<div class=\"wp-block-column is-vertically-aligned-top is-layout-flow wp-block-column-is-layout-flow\" style=\"flex-basis:25%\"><div class=\"wp-block-image\">\n<figure class=\"aligncenter size-full\"><a href=\"https:\/\/cursos-de-formacao.pt\/tecnico-mamiferos-marinho?ads=&amp;utm_source=organico&amp;utm_content=SITE_CM_OFERTA&amp;utm_medium=opc&amp;utm_campaign=adstrategy\" target=\"_blank\" rel=\"noopener\"><img loading=\"lazy\" decoding=\"async\" width=\"674\" height=\"469\" src=\"https:\/\/www.cursosaominuto.pt\/wordpress\/wp-content\/uploads\/2025\/09\/Tecnico-de-Animais-Marinhos.png\" alt=\"\" class=\"wp-image-4016\" style=\"aspect-ratio:4\/3;object-fit:cover\" srcset=\"https:\/\/www.cursosaominuto.pt\/wordpress\/wp-content\/uploads\/2025\/09\/Tecnico-de-Animais-Marinhos.png 674w, https:\/\/www.cursosaominuto.pt\/wordpress\/wp-content\/uploads\/2025\/09\/Tecnico-de-Animais-Marinhos-300x209.png 300w\" sizes=\"auto, (max-width: 674px) 100vw, 674px\" \/><\/a><figcaption class=\"wp-element-caption\"><strong><a href=\"https:\/\/cursos-de-formacao.pt\/tecnico-mamiferos-marinho?ads=&amp;utm_source=organico&amp;utm_content=SITE_CM_OFERTA&amp;utm_medium=opc&amp;utm_campaign=adstrategy\" target=\"_blank\" rel=\"noopener\">T\u00e9cnico de Animais Marinhos<\/a><\/strong><\/figcaption><\/figure>\n<\/div><\/div>\n<\/div>\n\n\n\n<div class=\"wp-block-columns alignfull are-vertically-aligned-top is-layout-flex wp-container-core-columns-is-layout-9d6595d7 wp-block-columns-is-layout-flex\">\n<div class=\"wp-block-column is-vertically-aligned-top is-layout-flow wp-block-column-is-layout-flow\" style=\"flex-basis:25%\"><div class=\"wp-block-image\">\n<figure class=\"aligncenter size-full\"><a href=\"https:\/\/cursos360.pt\/terapia-assistida-animais?utm_source=organico&amp;utm_medium=opc&amp;utm_campaign=adstrategy&amp;utm_content=SITE_CM_OFERTA\" target=\"_blank\" rel=\"noopener\"><img loading=\"lazy\" decoding=\"async\" width=\"674\" height=\"469\" src=\"https:\/\/www.cursosaominuto.pt\/wordpress\/wp-content\/uploads\/2025\/07\/Terapia-Assistida-por-Animais.png\" alt=\"\" class=\"wp-image-3653\" style=\"aspect-ratio:4\/3;object-fit:cover\" srcset=\"https:\/\/www.cursosaominuto.pt\/wordpress\/wp-content\/uploads\/2025\/07\/Terapia-Assistida-por-Animais.png 674w, https:\/\/www.cursosaominuto.pt\/wordpress\/wp-content\/uploads\/2025\/07\/Terapia-Assistida-por-Animais-300x209.png 300w\" sizes=\"auto, (max-width: 674px) 100vw, 674px\" \/><\/a><figcaption class=\"wp-element-caption\"><strong><a href=\"https:\/\/cursos360.pt\/terapia-assistida-animais?utm_source=organico&amp;utm_medium=opc&amp;utm_campaign=adstrategy&amp;utm_content=SITE_CM_OFERTA\" target=\"_blank\" rel=\"noopener\">Terapia Assistida por Animais<\/a><\/strong><\/figcaption><\/figure>\n<\/div><\/div>\n\n\n\n<div class=\"wp-block-column is-vertically-aligned-top is-layout-flow wp-block-column-is-layout-flow\" style=\"flex-basis:25%\"><\/div>\n\n\n\n<div class=\"wp-block-column is-vertically-aligned-top is-layout-flow wp-block-column-is-layout-flow\" style=\"flex-basis:25%\"><\/div>\n\n\n\n<div class=\"wp-block-column is-vertically-aligned-top is-layout-flow wp-block-column-is-layout-flow\" style=\"flex-basis:25%\"><\/div>\n<\/div>\n\n\n\n<p><\/p>\n","protected":false},"excerpt":{"rendered":"","protected":false},"author":1,"featured_media":0,"parent":0,"menu_order":0,"comment_status":"closed","ping_status":"closed","template":"","meta":{"footnotes":""},"class_list":["post-544","page","type-page","status-publish","hentry","clearfix"],"_links":{"self":[{"href":"https:\/\/www.cursosaominuto.pt\/wordpress\/wp-json\/wp\/v2\/pages\/544","targetHints":{"allow":["GET"]}}],"collection":[{"href":"https:\/\/www.cursosaominuto.pt\/wordpress\/wp-json\/wp\/v2\/pages"}],"about":[{"href":"https:\/\/www.cursosaominuto.pt\/wordpress\/wp-json\/wp\/v2\/types\/page"}],"author":[{"embeddable":true,"href":"https:\/\/www.cursosaominuto.pt\/wordpress\/wp-json\/wp\/v2\/users\/1"}],"replies":[{"embeddable":true,"href":"https:\/\/www.cursosaominuto.pt\/wordpress\/wp-json\/wp\/v2\/comments?post=544"}],"version-history":[{"count":11,"href":"https:\/\/www.cursosaominuto.pt\/wordpress\/wp-json\/wp\/v2\/pages\/544\/revisions"}],"predecessor-version":[{"id":4047,"href":"https:\/\/www.cursosaominuto.pt\/wordpress\/wp-json\/wp\/v2\/pages\/544\/revisions\/4047"}],"wp:attachment":[{"href":"https:\/\/www.cursosaominuto.pt\/wordpress\/wp-json\/wp\/v2\/media?parent=544"}],"curies":[{"name":"wp","href":"https:\/\/api.w.org\/{rel}","templated":true}]}}