{"id":521,"date":"2024-01-17T11:59:14","date_gmt":"2024-01-17T11:59:14","guid":{"rendered":"https:\/\/www.cursosaominuto.pt\/wordpress\/?page_id=521"},"modified":"2025-09-23T15:32:24","modified_gmt":"2025-09-23T15:32:24","slug":"turismo-e-restauracao","status":"publish","type":"page","link":"https:\/\/www.cursosaominuto.pt\/wordpress\/turismo-e-restauracao\/","title":{"rendered":"Turismo e Restaura\u00e7\u00e3o"},"content":{"rendered":"\n<div class=\"wp-block-columns alignfull are-vertically-aligned-top is-layout-flex wp-container-core-columns-is-layout-9d6595d7 wp-block-columns-is-layout-flex\">\n<div class=\"wp-block-column is-vertically-aligned-top is-layout-flow wp-block-column-is-layout-flow\" style=\"flex-basis:25%\"><div class=\"wp-block-image is-style-default\">\n<figure class=\"aligncenter size-full\"><a href=\"https:\/\/cursos360.pt\/cozinha-pastelaria?pilot=972&amp;utm_source=organico&amp;pilot=972&amp;utm_medium=opc&amp;utm_campaign=adstrategy&amp;utm_content=SITE_CM_OFERTA\" target=\"_blank\" rel=\"noopener\"><img loading=\"lazy\" decoding=\"async\" width=\"674\" height=\"469\" src=\"https:\/\/www.cursosaominuto.pt\/wordpress\/wp-content\/uploads\/2024\/01\/avanpaste.jpeg\" alt=\"\" class=\"wp-image-601\" style=\"aspect-ratio:4\/3;object-fit:cover\" srcset=\"https:\/\/www.cursosaominuto.pt\/wordpress\/wp-content\/uploads\/2024\/01\/avanpaste.jpeg 674w, https:\/\/www.cursosaominuto.pt\/wordpress\/wp-content\/uploads\/2024\/01\/avanpaste-300x209.jpeg 300w, https:\/\/www.cursosaominuto.pt\/wordpress\/wp-content\/uploads\/2024\/01\/avanpaste-600x418.jpeg 600w\" sizes=\"auto, (max-width: 674px) 100vw, 674px\" \/><\/a><figcaption class=\"wp-element-caption\"><strong><a href=\"https:\/\/cursos360.pt\/cozinha-pastelaria?pilot=972&amp;utm_source=organico&amp;pilot=972&amp;utm_medium=opc&amp;utm_campaign=adstrategy&amp;utm_content=SITE_CM_OFERTA\" target=\"_blank\" rel=\"noopener\">Avan\u00e7ado em Cozinha e Pastelaria <\/a><\/strong><\/figcaption><\/figure>\n<\/div><\/div>\n\n\n\n<div class=\"wp-block-column is-vertically-aligned-top is-layout-flow wp-block-column-is-layout-flow\" style=\"flex-basis:25%\"><div class=\"wp-block-image\">\n<figure class=\"aligncenter size-full\"><a href=\"https:\/\/cursos360.pt\/avancado-turismo?pilot=972&amp;utm_source=organico&amp;utm_medium=opc&amp;utm_campaign=adstrategy&amp;utm_content=SITE_CM_OFERTA\" target=\"_blank\" rel=\"noopener\"><img loading=\"lazy\" decoding=\"async\" width=\"674\" height=\"469\" src=\"https:\/\/www.cursosaominuto.pt\/wordpress\/wp-content\/uploads\/2024\/01\/avanturi-1.jpeg\" alt=\"\" class=\"wp-image-603\" style=\"aspect-ratio:4\/3;object-fit:cover\" srcset=\"https:\/\/www.cursosaominuto.pt\/wordpress\/wp-content\/uploads\/2024\/01\/avanturi-1.jpeg 674w, https:\/\/www.cursosaominuto.pt\/wordpress\/wp-content\/uploads\/2024\/01\/avanturi-1-300x209.jpeg 300w, https:\/\/www.cursosaominuto.pt\/wordpress\/wp-content\/uploads\/2024\/01\/avanturi-1-600x418.jpeg 600w\" sizes=\"auto, (max-width: 674px) 100vw, 674px\" \/><\/a><figcaption class=\"wp-element-caption\"><strong><a href=\"https:\/\/cursos360.pt\/avancado-turismo?pilot=972&amp;utm_source=organico&amp;utm_medium=opc&amp;utm_campaign=adstrategy&amp;utm_content=SITE_CM_OFERTA\" target=\"_blank\" rel=\"noopener\">Avan\u00e7ado em Turismo <\/a><\/strong><\/figcaption><\/figure>\n<\/div><\/div>\n\n\n\n<div class=\"wp-block-column is-vertically-aligned-top is-layout-flow wp-block-column-is-layout-flow\" style=\"flex-basis:25%\"><div class=\"wp-block-image\">\n<figure class=\"aligncenter size-full\"><a href=\"https:\/\/cursos360.pt\/cozinha?pilot=972&amp;utm_source=organico&amp;utm_medium=opc&amp;utm_campaign=adstrategy&amp;utm_content=SITE_CM_OFERTA\" target=\"_blank\" rel=\"noopener\"><img loading=\"lazy\" decoding=\"async\" width=\"674\" height=\"469\" src=\"https:\/\/www.cursosaominuto.pt\/wordpress\/wp-content\/uploads\/2024\/01\/cozinha.jpeg\" alt=\"\" class=\"wp-image-604\" style=\"aspect-ratio:4\/3;object-fit:cover\" srcset=\"https:\/\/www.cursosaominuto.pt\/wordpress\/wp-content\/uploads\/2024\/01\/cozinha.jpeg 674w, https:\/\/www.cursosaominuto.pt\/wordpress\/wp-content\/uploads\/2024\/01\/cozinha-300x209.jpeg 300w, https:\/\/www.cursosaominuto.pt\/wordpress\/wp-content\/uploads\/2024\/01\/cozinha-600x418.jpeg 600w\" sizes=\"auto, (max-width: 674px) 100vw, 674px\" \/><\/a><figcaption class=\"wp-element-caption\"><strong><a href=\"https:\/\/cursos360.pt\/cozinha?pilot=972&amp;utm_source=organico&amp;utm_medium=opc&amp;utm_campaign=adstrategy&amp;utm_content=SITE_CM_OFERTA\" target=\"_blank\" rel=\"noopener\">Cozinha <\/a><\/strong><\/figcaption><\/figure>\n<\/div><\/div>\n\n\n\n<div class=\"wp-block-column is-vertically-aligned-top is-layout-flow wp-block-column-is-layout-flow\" style=\"flex-basis:25%\"><div class=\"wp-block-image is-style-default\">\n<figure class=\"aligncenter size-full\"><a href=\"https:\/\/cursos360.pt\/gestao-hostels-alojamento-local?pilot=972&amp;utm_source=organico&amp;utm_medium=opc&amp;utm_campaign=adstrategy&amp;utm_content=SITE_CM_OFERTA\" target=\"_blank\" rel=\"noopener\"><img loading=\"lazy\" decoding=\"async\" width=\"674\" height=\"469\" src=\"https:\/\/www.cursosaominuto.pt\/wordpress\/wp-content\/uploads\/2024\/01\/hostel.jpeg\" alt=\"\" class=\"wp-image-605\" style=\"aspect-ratio:4\/3;object-fit:cover\" srcset=\"https:\/\/www.cursosaominuto.pt\/wordpress\/wp-content\/uploads\/2024\/01\/hostel.jpeg 674w, https:\/\/www.cursosaominuto.pt\/wordpress\/wp-content\/uploads\/2024\/01\/hostel-300x209.jpeg 300w, https:\/\/www.cursosaominuto.pt\/wordpress\/wp-content\/uploads\/2024\/01\/hostel-600x418.jpeg 600w\" sizes=\"auto, (max-width: 674px) 100vw, 674px\" \/><\/a><figcaption class=\"wp-element-caption\"><strong><a href=\"https:\/\/cursos360.pt\/gestao-hostels-alojamento-local?pilot=972&amp;utm_source=organico&amp;utm_medium=opc&amp;utm_campaign=adstrategy&amp;utm_content=SITE_CM_OFERTA\" target=\"_blank\" rel=\"noopener\">Gest\u00e3o de Hostels e Alojamento Local <\/a><\/strong><\/figcaption><\/figure>\n<\/div><\/div>\n<\/div>\n\n\n\n<div class=\"wp-block-columns alignfull are-vertically-aligned-top is-layout-flex wp-container-core-columns-is-layout-9d6595d7 wp-block-columns-is-layout-flex\">\n<div class=\"wp-block-column is-vertically-aligned-top is-layout-flow wp-block-column-is-layout-flow\" style=\"flex-basis:25%\"><div class=\"wp-block-image\">\n<figure class=\"aligncenter size-full\"><a href=\"https:\/\/cursos360.pt\/gestao-turismo-espaco-rural?pilot=972&amp;utm_source=organico&amp;utm_medium=opc&amp;utm_campaign=adstrategy&amp;utm_content=SITE_CM_OFERTA\" target=\"_blank\" rel=\"noopener\"><img loading=\"lazy\" decoding=\"async\" width=\"674\" height=\"469\" src=\"https:\/\/www.cursosaominuto.pt\/wordpress\/wp-content\/uploads\/2024\/01\/trural.jpeg\" alt=\"\" class=\"wp-image-606\" style=\"aspect-ratio:4\/3;object-fit:cover\" srcset=\"https:\/\/www.cursosaominuto.pt\/wordpress\/wp-content\/uploads\/2024\/01\/trural.jpeg 674w, https:\/\/www.cursosaominuto.pt\/wordpress\/wp-content\/uploads\/2024\/01\/trural-300x209.jpeg 300w, https:\/\/www.cursosaominuto.pt\/wordpress\/wp-content\/uploads\/2024\/01\/trural-600x418.jpeg 600w\" sizes=\"auto, (max-width: 674px) 100vw, 674px\" \/><\/a><figcaption class=\"wp-element-caption\"><strong><a href=\"https:\/\/cursos360.pt\/gestao-turismo-espaco-rural?pilot=972&amp;utm_source=organico&amp;utm_medium=opc&amp;utm_campaign=adstrategy&amp;utm_content=SITE_CM_OFERTA\" target=\"_blank\" rel=\"noopener\">Gest\u00e3o de Turismo no Espa\u00e7o Rural <\/a><\/strong><\/figcaption><\/figure>\n<\/div><\/div>\n\n\n\n<div class=\"wp-block-column is-vertically-aligned-top is-layout-flow wp-block-column-is-layout-flow\" style=\"flex-basis:25%\"><div class=\"wp-block-image\">\n<figure class=\"aligncenter size-full\"><a href=\"https:\/\/cursos360.pt\/governanta-hotel?pilot=972&amp;utm_source=organico&amp;utm_medium=opc&amp;utm_campaign=adstrategy&amp;utm_content=SITE_CM_OFERTA\" target=\"_blank\" rel=\"noopener\"><img loading=\"lazy\" decoding=\"async\" width=\"674\" height=\"469\" src=\"https:\/\/www.cursosaominuto.pt\/wordpress\/wp-content\/uploads\/2024\/01\/governanta.jpeg\" alt=\"\" class=\"wp-image-607\" style=\"aspect-ratio:4\/3;object-fit:cover\" srcset=\"https:\/\/www.cursosaominuto.pt\/wordpress\/wp-content\/uploads\/2024\/01\/governanta.jpeg 674w, https:\/\/www.cursosaominuto.pt\/wordpress\/wp-content\/uploads\/2024\/01\/governanta-300x209.jpeg 300w, https:\/\/www.cursosaominuto.pt\/wordpress\/wp-content\/uploads\/2024\/01\/governanta-600x418.jpeg 600w\" sizes=\"auto, (max-width: 674px) 100vw, 674px\" \/><\/a><figcaption class=\"wp-element-caption\"><strong><a href=\"https:\/\/cursos360.pt\/governanta-hotel?pilot=972&amp;utm_source=organico&amp;utm_medium=opc&amp;utm_campaign=adstrategy&amp;utm_content=SITE_CM_OFERTA\" target=\"_blank\" rel=\"noopener\">Governanta\/e de Hotel <\/a><\/strong><\/figcaption><\/figure>\n<\/div><\/div>\n\n\n\n<div class=\"wp-block-column is-vertically-aligned-top is-layout-flow wp-block-column-is-layout-flow\" style=\"flex-basis:25%\"><div class=\"wp-block-image\">\n<figure class=\"aligncenter size-full\"><a href=\"https:\/\/cursos360.pt\/rececionista-hotel-unidades-turisticas?pilot=972&amp;utm_source=organico&amp;utm_medium=opc&amp;utm_campaign=adstrategy&amp;utm_content=SITE_CM_OFERTA\" target=\"_blank\" rel=\"noopener\"><img loading=\"lazy\" decoding=\"async\" width=\"674\" height=\"469\" src=\"https:\/\/www.cursosaominuto.pt\/wordpress\/wp-content\/uploads\/2024\/01\/recephotel.jpeg\" alt=\"\" class=\"wp-image-608\" style=\"aspect-ratio:4\/3;object-fit:cover\" srcset=\"https:\/\/www.cursosaominuto.pt\/wordpress\/wp-content\/uploads\/2024\/01\/recephotel.jpeg 674w, https:\/\/www.cursosaominuto.pt\/wordpress\/wp-content\/uploads\/2024\/01\/recephotel-300x209.jpeg 300w, https:\/\/www.cursosaominuto.pt\/wordpress\/wp-content\/uploads\/2024\/01\/recephotel-600x418.jpeg 600w\" sizes=\"auto, (max-width: 674px) 100vw, 674px\" \/><\/a><figcaption class=\"wp-element-caption\"><strong><a href=\"https:\/\/cursos360.pt\/rececionista-hotel-unidades-turisticas?pilot=972&amp;utm_source=organico&amp;utm_medium=opc&amp;utm_campaign=adstrategy&amp;utm_content=SITE_CM_OFERTA\" target=\"_blank\" rel=\"noopener\">Rececionista de Hotel e Unidades Tur\u00edsticas <\/a><\/strong><\/figcaption><\/figure>\n<\/div><\/div>\n\n\n\n<div class=\"wp-block-column is-vertically-aligned-top is-layout-flow wp-block-column-is-layout-flow\" style=\"flex-basis:25%\"><div class=\"wp-block-image\">\n<figure class=\"aligncenter size-full\"><a href=\"https:\/\/cursos360.pt\/tecnico-turismo?pilot=972&amp;utm_source=organico&amp;utm_medium=opc&amp;utm_campaign=adstrategy&amp;utm_content=SITE_CM_OFERTA\" target=\"_blank\" rel=\"noopener\"><img loading=\"lazy\" decoding=\"async\" width=\"674\" height=\"469\" src=\"https:\/\/www.cursosaominuto.pt\/wordpress\/wp-content\/uploads\/2024\/01\/turismo.jpeg\" alt=\"\" class=\"wp-image-609\" style=\"aspect-ratio:4\/3;object-fit:cover\" srcset=\"https:\/\/www.cursosaominuto.pt\/wordpress\/wp-content\/uploads\/2024\/01\/turismo.jpeg 674w, https:\/\/www.cursosaominuto.pt\/wordpress\/wp-content\/uploads\/2024\/01\/turismo-300x209.jpeg 300w, https:\/\/www.cursosaominuto.pt\/wordpress\/wp-content\/uploads\/2024\/01\/turismo-600x418.jpeg 600w\" sizes=\"auto, (max-width: 674px) 100vw, 674px\" \/><\/a><figcaption class=\"wp-element-caption\"><strong><a href=\"https:\/\/cursos360.pt\/tecnico-turismo?pilot=972&amp;utm_source=organico&amp;utm_medium=opc&amp;utm_campaign=adstrategy&amp;utm_content=SITE_CM_OFERTA\" target=\"_blank\" rel=\"noopener\">T\u00e9cnico de Turismo <\/a><\/strong><\/figcaption><\/figure>\n<\/div><\/div>\n<\/div>\n\n\n\n<div class=\"wp-block-columns alignfull are-vertically-aligned-top is-layout-flex wp-container-core-columns-is-layout-9d6595d7 wp-block-columns-is-layout-flex\">\n<div class=\"wp-block-column is-vertically-aligned-top is-layout-flow wp-block-column-is-layout-flow\" style=\"flex-basis:25%\"><div class=\"wp-block-image\">\n<figure class=\"aligncenter size-full is-resized\"><a href=\"https:\/\/cursos360.pt\/tecnico-turismo-especializacao-agencias-viagens?pilot=972&amp;utm_source=organico&amp;utm_medium=opc&amp;utm_campaign=adstrategy&amp;utm_content=SITE_CM_OFERTA\" target=\"_blank\" rel=\"noopener\"><img loading=\"lazy\" decoding=\"async\" width=\"674\" height=\"469\" src=\"https:\/\/www.cursosaominuto.pt\/wordpress\/wp-content\/uploads\/2024\/01\/tecturi.jpeg\" alt=\"\" class=\"wp-image-610\" style=\"aspect-ratio:1.3333333333333333;object-fit:cover;width:396px;height:auto\" srcset=\"https:\/\/www.cursosaominuto.pt\/wordpress\/wp-content\/uploads\/2024\/01\/tecturi.jpeg 674w, https:\/\/www.cursosaominuto.pt\/wordpress\/wp-content\/uploads\/2024\/01\/tecturi-300x209.jpeg 300w, https:\/\/www.cursosaominuto.pt\/wordpress\/wp-content\/uploads\/2024\/01\/tecturi-600x418.jpeg 600w\" sizes=\"auto, (max-width: 674px) 100vw, 674px\" \/><\/a><figcaption class=\"wp-element-caption\"><a href=\"https:\/\/cursos360.pt\/tecnico-turismo-especializacao-agencias-viagens?pilot=972&amp;utm_source=organico&amp;utm_medium=opc&amp;utm_campaign=adstrategy&amp;utm_content=SITE_CM_OFERTA\" target=\"_blank\" rel=\"noopener\"><strong>T\u00e9cnico de Turismo <\/strong><br><\/a>(com especializa\u00e7\u00e3o em Ag\u00eancias de Viagens)<\/figcaption><\/figure>\n<\/div><\/div>\n\n\n\n<div class=\"wp-block-column is-layout-flow wp-block-column-is-layout-flow\" style=\"flex-basis:25%\"><div class=\"wp-block-image is-style-default\">\n<figure class=\"aligncenter size-full\"><a href=\"https:\/\/cursos360.pt\/avancado-pastelaria?pilot=972&amp;utm_source=organico&amp;utm_medium=opc&amp;utm_campaign=adstrategy&amp;utm_content=SITE_CM_OFERTA\" target=\"_blank\" rel=\"noopener\"><img loading=\"lazy\" decoding=\"async\" width=\"674\" height=\"469\" src=\"https:\/\/www.cursosaominuto.pt\/wordpress\/wp-content\/uploads\/2024\/02\/6.png\" alt=\"\" class=\"wp-image-2041\" style=\"aspect-ratio:4\/3;object-fit:cover\" srcset=\"https:\/\/www.cursosaominuto.pt\/wordpress\/wp-content\/uploads\/2024\/02\/6.png 674w, https:\/\/www.cursosaominuto.pt\/wordpress\/wp-content\/uploads\/2024\/02\/6-300x209.png 300w, https:\/\/www.cursosaominuto.pt\/wordpress\/wp-content\/uploads\/2024\/02\/6-600x418.png 600w\" sizes=\"auto, (max-width: 674px) 100vw, 674px\" \/><\/a><figcaption class=\"wp-element-caption\"><strong><a href=\"https:\/\/cursos360.pt\/avancado-pastelaria?pilot=972&amp;utm_source=organico&amp;utm_medium=opc&amp;utm_campaign=adstrategy&amp;utm_content=SITE_CM_OFERTA\" target=\"_blank\" rel=\"noopener\">Pastelaria<\/a><\/strong><\/figcaption><\/figure>\n<\/div><\/div>\n\n\n\n<div class=\"wp-block-column is-layout-flow wp-block-column-is-layout-flow\" style=\"flex-basis:25%\"><div class=\"wp-block-image is-style-default\">\n<figure class=\"aligncenter size-full\"><a href=\"https:\/\/cursos360.pt\/avancado-gestao-hoteleira?pilot=972&amp;utm_source=organico&amp;utm_medium=opc&amp;utm_campaign=adstrategy&amp;utm_content=SITE_CM_OFERTA\" target=\"_blank\" rel=\"noopener\"><img loading=\"lazy\" decoding=\"async\" width=\"674\" height=\"469\" src=\"https:\/\/www.cursosaominuto.pt\/wordpress\/wp-content\/uploads\/2024\/02\/1.png\" alt=\"\" class=\"wp-image-2031\" style=\"aspect-ratio:4\/3;object-fit:cover\" srcset=\"https:\/\/www.cursosaominuto.pt\/wordpress\/wp-content\/uploads\/2024\/02\/1.png 674w, https:\/\/www.cursosaominuto.pt\/wordpress\/wp-content\/uploads\/2024\/02\/1-300x209.png 300w, https:\/\/www.cursosaominuto.pt\/wordpress\/wp-content\/uploads\/2024\/02\/1-600x418.png 600w\" sizes=\"auto, (max-width: 674px) 100vw, 674px\" \/><\/a><figcaption class=\"wp-element-caption\"><strong><a href=\"https:\/\/cursos360.pt\/avancado-gestao-hoteleira?pilot=972&amp;utm_source=organico&amp;utm_medium=opc&amp;utm_campaign=adstrategy&amp;utm_content=SITE_CM_OFERTA\" target=\"_blank\" rel=\"noopener\">Avan\u00e7ado em Gest\u00e3o Hoteleira<\/a><\/strong><\/figcaption><\/figure>\n<\/div><\/div>\n\n\n\n<div class=\"wp-block-column is-layout-flow wp-block-column-is-layout-flow\" style=\"flex-basis:25%\"><\/div>\n<\/div>\n","protected":false},"excerpt":{"rendered":"","protected":false},"author":1,"featured_media":0,"parent":0,"menu_order":0,"comment_status":"closed","ping_status":"closed","template":"","meta":{"footnotes":""},"class_list":["post-521","page","type-page","status-publish","hentry","clearfix"],"_links":{"self":[{"href":"https:\/\/www.cursosaominuto.pt\/wordpress\/wp-json\/wp\/v2\/pages\/521","targetHints":{"allow":["GET"]}}],"collection":[{"href":"https:\/\/www.cursosaominuto.pt\/wordpress\/wp-json\/wp\/v2\/pages"}],"about":[{"href":"https:\/\/www.cursosaominuto.pt\/wordpress\/wp-json\/wp\/v2\/types\/page"}],"author":[{"embeddable":true,"href":"https:\/\/www.cursosaominuto.pt\/wordpress\/wp-json\/wp\/v2\/users\/1"}],"replies":[{"embeddable":true,"href":"https:\/\/www.cursosaominuto.pt\/wordpress\/wp-json\/wp\/v2\/comments?post=521"}],"version-history":[{"count":12,"href":"https:\/\/www.cursosaominuto.pt\/wordpress\/wp-json\/wp\/v2\/pages\/521\/revisions"}],"predecessor-version":[{"id":4066,"href":"https:\/\/www.cursosaominuto.pt\/wordpress\/wp-json\/wp\/v2\/pages\/521\/revisions\/4066"}],"wp:attachment":[{"href":"https:\/\/www.cursosaominuto.pt\/wordpress\/wp-json\/wp\/v2\/media?parent=521"}],"curies":[{"name":"wp","href":"https:\/\/api.w.org\/{rel}","templated":true}]}}