{"id":517,"date":"2024-01-17T11:58:32","date_gmt":"2024-01-17T11:58:32","guid":{"rendered":"https:\/\/www.cursosaominuto.pt\/wordpress\/?page_id=517"},"modified":"2025-09-23T15:29:10","modified_gmt":"2025-09-23T15:29:10","slug":"saude-e-bem-estar","status":"publish","type":"page","link":"https:\/\/www.cursosaominuto.pt\/wordpress\/saude-e-bem-estar\/","title":{"rendered":"Sa\u00fade e Bem-Estar"},"content":{"rendered":"\n<div class=\"wp-block-columns alignfull are-vertically-aligned-top is-layout-flex wp-container-core-columns-is-layout-9d6595d7 wp-block-columns-is-layout-flex\">\n<div class=\"wp-block-column is-vertically-aligned-top is-layout-flow wp-block-column-is-layout-flow\" style=\"flex-basis:25%\"><div class=\"wp-block-image\">\n<figure class=\"aligncenter size-full\"><a href=\"https:\/\/cursos360.pt\/auxiliar-clinica-dentaria?utm_source=organico&amp;pilot=972&amp;utm_medium=opc&amp;utm_campaign=adstrategy&amp;utm_content=SITE_CM_OFERTA\" target=\"_blank\" rel=\"noopener\"><img loading=\"lazy\" decoding=\"async\" width=\"2560\" height=\"1707\" src=\"https:\/\/www.cursosaominuto.pt\/wordpress\/wp-content\/uploads\/2024\/01\/Design-sem-nome-6.png\" alt=\"\" class=\"wp-image-350\" style=\"aspect-ratio:4\/3;object-fit:cover\" srcset=\"https:\/\/www.cursosaominuto.pt\/wordpress\/wp-content\/uploads\/2024\/01\/Design-sem-nome-6.png 2560w, https:\/\/www.cursosaominuto.pt\/wordpress\/wp-content\/uploads\/2024\/01\/Design-sem-nome-6-300x200.png 300w, https:\/\/www.cursosaominuto.pt\/wordpress\/wp-content\/uploads\/2024\/01\/Design-sem-nome-6-1024x683.png 1024w, https:\/\/www.cursosaominuto.pt\/wordpress\/wp-content\/uploads\/2024\/01\/Design-sem-nome-6-768x512.png 768w, https:\/\/www.cursosaominuto.pt\/wordpress\/wp-content\/uploads\/2024\/01\/Design-sem-nome-6-1536x1024.png 1536w, https:\/\/www.cursosaominuto.pt\/wordpress\/wp-content\/uploads\/2024\/01\/Design-sem-nome-6-2048x1366.png 2048w, https:\/\/www.cursosaominuto.pt\/wordpress\/wp-content\/uploads\/2024\/01\/Design-sem-nome-6-600x400.png 600w\" sizes=\"auto, (max-width: 2560px) 100vw, 2560px\" \/><\/a><figcaption class=\"wp-element-caption\"><strong><a href=\"https:\/\/cursos360.pt\/auxiliar-clinica-dentaria?utm_source=organico&amp;pilot=972&amp;utm_medium=opc&amp;utm_campaign=adstrategy&amp;utm_content=SITE_CM_OFERTA\" target=\"_blank\" rel=\"noopener\">Auxiliar de Cl\u00ednica Dent\u00e1ria<\/a><\/strong><\/figcaption><\/figure>\n<\/div><\/div>\n\n\n\n<div class=\"wp-block-column is-vertically-aligned-top is-layout-flow wp-block-column-is-layout-flow\" style=\"flex-basis:25%\"><div class=\"wp-block-image is-style-default\">\n<figure class=\"aligncenter size-full\"><a href=\"https:\/\/cursos360.pt\/auxiliar-clinica-dentaria-especializacao-gestao-administrativa?pilot=972&amp;utm_source=organico&amp;utm_medium=opc&amp;utm_campaign=adstrategy&amp;utm_content=SITE_CM_OFERTA\" target=\"_blank\" rel=\"noopener\"><img loading=\"lazy\" decoding=\"async\" width=\"674\" height=\"469\" src=\"https:\/\/www.cursosaominuto.pt\/wordpress\/wp-content\/uploads\/2024\/01\/admin_dent.jpeg\" alt=\"\" class=\"wp-image-588\" style=\"aspect-ratio:4\/3;object-fit:cover\" srcset=\"https:\/\/www.cursosaominuto.pt\/wordpress\/wp-content\/uploads\/2024\/01\/admin_dent.jpeg 674w, https:\/\/www.cursosaominuto.pt\/wordpress\/wp-content\/uploads\/2024\/01\/admin_dent-300x209.jpeg 300w, https:\/\/www.cursosaominuto.pt\/wordpress\/wp-content\/uploads\/2024\/01\/admin_dent-600x418.jpeg 600w\" sizes=\"auto, (max-width: 674px) 100vw, 674px\" \/><\/a><figcaption class=\"wp-element-caption\"><a href=\"https:\/\/cursos360.pt\/auxiliar-clinica-dentaria-especializacao-gestao-administrativa?pilot=972&amp;utm_source=organico&amp;utm_medium=opc&amp;utm_campaign=adstrategy&amp;utm_content=SITE_CM_OFERTA\" target=\"_blank\" rel=\"noopener\"><strong>Auxiliar de Cl\u00ednica Dent\u00e1ria <\/strong><br><\/a>(com especializa\u00e7\u00e3o em Gest\u00e3o Administrativa)<\/figcaption><\/figure>\n<\/div><\/div>\n\n\n\n<div class=\"wp-block-column is-vertically-aligned-top is-layout-flow wp-block-column-is-layout-flow\" style=\"flex-basis:25%\"><div class=\"wp-block-image\">\n<figure class=\"aligncenter size-full\"><a href=\"https:\/\/cursos360.pt\/auxiliar-geriatria?pilot=972&amp;utm_source=organico&amp;utm_medium=opc&amp;utm_campaign=adstrategy&amp;utm_content=SITE_CM_OFERTA\" target=\"_blank\" rel=\"noopener\"><img loading=\"lazy\" decoding=\"async\" width=\"674\" height=\"469\" src=\"https:\/\/www.cursosaominuto.pt\/wordpress\/wp-content\/uploads\/2024\/01\/socio_ger.jpeg\" alt=\"\" class=\"wp-image-589\" style=\"aspect-ratio:4\/3;object-fit:cover\" srcset=\"https:\/\/www.cursosaominuto.pt\/wordpress\/wp-content\/uploads\/2024\/01\/socio_ger.jpeg 674w, https:\/\/www.cursosaominuto.pt\/wordpress\/wp-content\/uploads\/2024\/01\/socio_ger-300x209.jpeg 300w, https:\/\/www.cursosaominuto.pt\/wordpress\/wp-content\/uploads\/2024\/01\/socio_ger-600x418.jpeg 600w\" sizes=\"auto, (max-width: 674px) 100vw, 674px\" \/><\/a><figcaption class=\"wp-element-caption\"><strong><a href=\"https:\/\/cursos360.pt\/auxiliar-geriatria?pilot=972&amp;utm_source=organico&amp;utm_medium=opc&amp;utm_campaign=adstrategy&amp;utm_content=SITE_CM_OFERTA\" target=\"_blank\" rel=\"noopener\">Auxiliar de Geriatria <\/a><\/strong><\/figcaption><\/figure>\n<\/div><\/div>\n\n\n\n<div class=\"wp-block-column is-vertically-aligned-top is-layout-flow wp-block-column-is-layout-flow\" style=\"flex-basis:25%\"><div class=\"wp-block-image\">\n<figure class=\"aligncenter size-full\"><a href=\"https:\/\/cursos360.pt\/auxiliar-geriatria-especializacao-animacao-sociocultural?pilot=972&amp;utm_source=organico&amp;utm_medium=opc&amp;utm_campaign=adstrategy&amp;utm_content=SITE_CM_OFERTA\" target=\"_blank\" rel=\"noopener\"><img loading=\"lazy\" decoding=\"async\" width=\"674\" height=\"469\" src=\"https:\/\/www.cursosaominuto.pt\/wordpress\/wp-content\/uploads\/2024\/01\/geri-social.jpeg\" alt=\"\" class=\"wp-image-594\" style=\"aspect-ratio:4\/3;object-fit:cover\" srcset=\"https:\/\/www.cursosaominuto.pt\/wordpress\/wp-content\/uploads\/2024\/01\/geri-social.jpeg 674w, https:\/\/www.cursosaominuto.pt\/wordpress\/wp-content\/uploads\/2024\/01\/geri-social-300x209.jpeg 300w, https:\/\/www.cursosaominuto.pt\/wordpress\/wp-content\/uploads\/2024\/01\/geri-social-600x418.jpeg 600w\" sizes=\"auto, (max-width: 674px) 100vw, 674px\" \/><\/a><figcaption class=\"wp-element-caption\"><a href=\"https:\/\/cursos360.pt\/auxiliar-geriatria-especializacao-animacao-sociocultural?pilot=972&amp;utm_source=organico&amp;utm_medium=opc&amp;utm_campaign=adstrategy&amp;utm_content=SITE_CM_OFERTA\" target=\"_blank\" rel=\"noopener\"><strong>Auxiliar de Geriatria <\/strong><br><\/a>(com especializa\u00e7\u00e3o em Anima\u00e7\u00e3o Sociocultural)<\/figcaption><\/figure>\n<\/div><\/div>\n<\/div>\n\n\n\n<div class=\"wp-block-columns alignfull are-vertically-aligned-top is-layout-flex wp-container-core-columns-is-layout-9d6595d7 wp-block-columns-is-layout-flex\">\n<div class=\"wp-block-column is-vertically-aligned-top is-layout-flow wp-block-column-is-layout-flow\" style=\"flex-basis:25%\"><div class=\"wp-block-image\">\n<figure class=\"aligncenter size-full is-resized\"><a href=\"https:\/\/cursos360.pt\/auxiliar-saude-especializacao-geriatria?pilot=972&amp;utm_source=organico&amp;utm_content=SITE_CM_OFERTA&amp;utm_campaign=adstrategy&amp;utm_medium=opc\" target=\"_blank\" rel=\"noopener\"><img loading=\"lazy\" decoding=\"async\" width=\"674\" height=\"469\" src=\"https:\/\/www.cursosaominuto.pt\/wordpress\/wp-content\/uploads\/2024\/01\/sau_ger.jpeg\" alt=\"\" class=\"wp-image-591\" style=\"aspect-ratio:1.3333333333333333;object-fit:cover;width:396px;height:auto\" srcset=\"https:\/\/www.cursosaominuto.pt\/wordpress\/wp-content\/uploads\/2024\/01\/sau_ger.jpeg 674w, https:\/\/www.cursosaominuto.pt\/wordpress\/wp-content\/uploads\/2024\/01\/sau_ger-300x209.jpeg 300w, https:\/\/www.cursosaominuto.pt\/wordpress\/wp-content\/uploads\/2024\/01\/sau_ger-600x418.jpeg 600w\" sizes=\"auto, (max-width: 674px) 100vw, 674px\" \/><\/a><figcaption class=\"wp-element-caption\"><a href=\"https:\/\/cursos360.pt\/auxiliar-saude-especializacao-geriatria?pilot=972&amp;utm_source=organico&amp;utm_content=SITE_CM_OFERTA&amp;utm_campaign=adstrategy&amp;utm_medium=opc\" target=\"_blank\" rel=\"noopener\"><strong>Auxiliar de Sa\u00fade <\/strong><br><\/a>(com especializa\u00e7\u00e3o em Geriatria)<\/figcaption><\/figure>\n<\/div><\/div>\n\n\n\n<div class=\"wp-block-column is-vertically-aligned-top is-layout-flow wp-block-column-is-layout-flow\" style=\"flex-basis:25%\"><div class=\"wp-block-image is-style-default\">\n<figure class=\"aligncenter size-full\"><a href=\"https:\/\/cursos360.pt\/nutricao-dietetica-suplementacao-desportiva?pilot=972&amp;utm_source=organico&amp;utm_medium=opc&amp;utm_campaign=adstrategy&amp;utm_content=SITE_CM_OFERTA\" target=\"_blank\" rel=\"noopener\"><img loading=\"lazy\" decoding=\"async\" width=\"674\" height=\"469\" src=\"https:\/\/www.cursosaominuto.pt\/wordpress\/wp-content\/uploads\/2024\/01\/nut.jpeg\" alt=\"\" class=\"wp-image-592\" style=\"aspect-ratio:4\/3;object-fit:cover\" srcset=\"https:\/\/www.cursosaominuto.pt\/wordpress\/wp-content\/uploads\/2024\/01\/nut.jpeg 674w, https:\/\/www.cursosaominuto.pt\/wordpress\/wp-content\/uploads\/2024\/01\/nut-300x209.jpeg 300w, https:\/\/www.cursosaominuto.pt\/wordpress\/wp-content\/uploads\/2024\/01\/nut-600x418.jpeg 600w\" sizes=\"auto, (max-width: 674px) 100vw, 674px\" \/><\/a><figcaption class=\"wp-element-caption\"><a href=\"https:\/\/cursos360.pt\/nutricao-dietetica-suplementacao-desportiva?pilot=972&amp;utm_source=organico&amp;utm_medium=opc&amp;utm_campaign=adstrategy&amp;utm_content=SITE_CM_OFERTA\" target=\"_blank\" rel=\"noopener\"><strong>Nutri\u00e7\u00e3o <\/strong><br><\/a>(com especializa\u00e7\u00e3o em Diet\u00e9tica e Suplementa\u00e7\u00e3o Desportiva)<\/figcaption><\/figure>\n<\/div><\/div>\n\n\n\n<div class=\"wp-block-column is-vertically-aligned-top is-layout-flow wp-block-column-is-layout-flow\" style=\"flex-basis:25%\"><div class=\"wp-block-image\">\n<figure class=\"aligncenter size-full\"><a href=\"https:\/\/cursos360.pt\/parafarmacia-dietetica-nutricao?pilot=972&amp;utm_source=organico&amp;utm_medium=opc&amp;utm_campaign=adstrategy&amp;utm_content=SITE_CM_OFERTA\" target=\"_blank\" rel=\"noopener\"><img loading=\"lazy\" decoding=\"async\" width=\"674\" height=\"469\" src=\"https:\/\/www.cursosaominuto.pt\/wordpress\/wp-content\/uploads\/2024\/01\/farma.jpeg\" alt=\"\" class=\"wp-image-593\" style=\"aspect-ratio:4\/3;object-fit:cover\" srcset=\"https:\/\/www.cursosaominuto.pt\/wordpress\/wp-content\/uploads\/2024\/01\/farma.jpeg 674w, https:\/\/www.cursosaominuto.pt\/wordpress\/wp-content\/uploads\/2024\/01\/farma-300x209.jpeg 300w, https:\/\/www.cursosaominuto.pt\/wordpress\/wp-content\/uploads\/2024\/01\/farma-600x418.jpeg 600w\" sizes=\"auto, (max-width: 674px) 100vw, 674px\" \/><\/a><figcaption class=\"wp-element-caption\"><strong><a href=\"https:\/\/cursos360.pt\/parafarmacia-dietetica-nutricao?pilot=972&amp;utm_source=organico&amp;utm_medium=opc&amp;utm_campaign=adstrategy&amp;utm_content=SITE_CM_OFERTA\" target=\"_blank\" rel=\"noopener\">Parafarm\u00e1cia, Diet\u00e9tica e Nutri\u00e7\u00e3o <\/a><\/strong><\/figcaption><\/figure>\n<\/div><\/div>\n\n\n\n<div class=\"wp-block-column is-vertically-aligned-top is-layout-flow wp-block-column-is-layout-flow\" style=\"flex-basis:25%\"><div class=\"wp-block-image\">\n<figure class=\"aligncenter size-full\"><a href=\"https:\/\/cursos360.pt\/auxiliar-saude?pilot=972&amp;utm_source=organico&amp;utm_medium=opc&amp;utm_campaign=adstrategy&amp;utm_content=SITE_CM_OFERTA\" target=\"_blank\" rel=\"noopener\"><img loading=\"lazy\" decoding=\"async\" width=\"674\" height=\"469\" src=\"https:\/\/www.cursosaominuto.pt\/wordpress\/wp-content\/uploads\/2024\/02\/5.png\" alt=\"\" class=\"wp-image-2038\" style=\"aspect-ratio:4\/3;object-fit:cover\" srcset=\"https:\/\/www.cursosaominuto.pt\/wordpress\/wp-content\/uploads\/2024\/02\/5.png 674w, https:\/\/www.cursosaominuto.pt\/wordpress\/wp-content\/uploads\/2024\/02\/5-300x209.png 300w, https:\/\/www.cursosaominuto.pt\/wordpress\/wp-content\/uploads\/2024\/02\/5-600x418.png 600w\" sizes=\"auto, (max-width: 674px) 100vw, 674px\" \/><\/a><figcaption class=\"wp-element-caption\"><strong><a href=\"https:\/\/cursos360.pt\/auxiliar-saude?pilot=972&amp;utm_source=organico&amp;utm_medium=opc&amp;utm_campaign=adstrategy&amp;utm_content=SITE_CM_OFERTA\" target=\"_blank\" rel=\"noopener\">Auxiliar de Sa\u00fade<\/a><\/strong><\/figcaption><\/figure>\n<\/div><\/div>\n<\/div>\n\n\n\n<div class=\"wp-block-columns alignfull are-vertically-aligned-top is-layout-flex wp-container-core-columns-is-layout-9d6595d7 wp-block-columns-is-layout-flex\">\n<div class=\"wp-block-column is-vertically-aligned-top is-layout-flow wp-block-column-is-layout-flow\" style=\"flex-basis:25%\"><div class=\"wp-block-image is-style-default\">\n<figure class=\"aligncenter size-full\"><a href=\"https:\/\/cursos-de-formacao.pt\/personal-trainer-nutricao-desportiva?utm_source=organico&amp;utm_medium=opc&amp;utm_campaign=adstrategy&amp;utm_content=SITE_CM_OFERTA\" target=\"_blank\" rel=\"noopener\"><img loading=\"lazy\" decoding=\"async\" width=\"674\" height=\"469\" src=\"https:\/\/www.cursosaominuto.pt\/wordpress\/wp-content\/uploads\/2024\/04\/3.png\" alt=\"\" class=\"wp-image-2395\" style=\"aspect-ratio:4\/3;object-fit:cover\" srcset=\"https:\/\/www.cursosaominuto.pt\/wordpress\/wp-content\/uploads\/2024\/04\/3.png 674w, https:\/\/www.cursosaominuto.pt\/wordpress\/wp-content\/uploads\/2024\/04\/3-300x209.png 300w\" sizes=\"auto, (max-width: 674px) 100vw, 674px\" \/><\/a><figcaption class=\"wp-element-caption\"><strong><a href=\"https:\/\/cursos-de-formacao.pt\/personal-trainer-nutricao-desportiva?utm_source=organico&amp;utm_medium=opc&amp;utm_campaign=adstrategy&amp;utm_content=SITE_CM_OFERTA\" target=\"_blank\" rel=\"noopener\">Personal Trainer e Nutri\u00e7\u00e3o Deportiva<\/a><\/strong><\/figcaption><\/figure>\n<\/div><\/div>\n\n\n\n<div class=\"wp-block-column is-vertically-aligned-top is-layout-flow wp-block-column-is-layout-flow\" style=\"flex-basis:25%\"><div class=\"wp-block-image\">\n<figure class=\"aligncenter size-full\"><a href=\"https:\/\/cursos360.pt\/massagem?pilot=972&amp;utm_source=organico&amp;utm_medium=opc&amp;utm_campaign=adstrategy&amp;utm_content=SITE_CM_OFERTA\" target=\"_blank\" rel=\"noopener\"><img loading=\"lazy\" decoding=\"async\" width=\"674\" height=\"469\" src=\"https:\/\/www.cursosaominuto.pt\/wordpress\/wp-content\/uploads\/2024\/08\/MASSAGEM-E-BEM-ESTAR.png\" alt=\"\" class=\"wp-image-2735\" style=\"aspect-ratio:4\/3;object-fit:cover\" srcset=\"https:\/\/www.cursosaominuto.pt\/wordpress\/wp-content\/uploads\/2024\/08\/MASSAGEM-E-BEM-ESTAR.png 674w, https:\/\/www.cursosaominuto.pt\/wordpress\/wp-content\/uploads\/2024\/08\/MASSAGEM-E-BEM-ESTAR-300x209.png 300w\" sizes=\"auto, (max-width: 674px) 100vw, 674px\" \/><\/a><figcaption class=\"wp-element-caption\"><strong><a href=\"https:\/\/cursos360.pt\/massagem?pilot=972&amp;utm_source=organico&amp;utm_medium=opc&amp;utm_campaign=adstrategy&amp;utm_content=SITE_CM_OFERTA\" target=\"_blank\" rel=\"noopener\">Massagem e Bem-estar<\/a><\/strong><\/figcaption><\/figure>\n<\/div><\/div>\n\n\n\n<div class=\"wp-block-column is-vertically-aligned-top is-layout-flow wp-block-column-is-layout-flow\" style=\"flex-basis:25%\"><div class=\"wp-block-image\">\n<figure class=\"aligncenter size-full\"><a href=\"https:\/\/cursos-de-formacao.pt\/massagem-terapeutica?utm_source=organico&amp;utm_medium=opc&amp;utm_campaign=adstrategy&amp;utm_content=SITE_CM_OFERTA\" target=\"_blank\" rel=\"noopener\"><img loading=\"lazy\" decoding=\"async\" width=\"674\" height=\"469\" src=\"https:\/\/www.cursosaominuto.pt\/wordpress\/wp-content\/uploads\/2024\/08\/MASSAGEM-TERAPEUTICA.png\" alt=\"\" class=\"wp-image-2734\" style=\"aspect-ratio:4\/3;object-fit:cover\" srcset=\"https:\/\/www.cursosaominuto.pt\/wordpress\/wp-content\/uploads\/2024\/08\/MASSAGEM-TERAPEUTICA.png 674w, https:\/\/www.cursosaominuto.pt\/wordpress\/wp-content\/uploads\/2024\/08\/MASSAGEM-TERAPEUTICA-300x209.png 300w\" sizes=\"auto, (max-width: 674px) 100vw, 674px\" \/><\/a><figcaption class=\"wp-element-caption\"><strong><a href=\"https:\/\/cursos-de-formacao.pt\/massagem-terapeutica?utm_source=organico&amp;utm_medium=opc&amp;utm_campaign=adstrategy&amp;utm_content=SITE_CM_OFERTA\" target=\"_blank\" rel=\"noopener\">Massagem Terap\u00eautica<\/a><\/strong><\/figcaption><\/figure>\n<\/div><\/div>\n\n\n\n<div class=\"wp-block-column is-layout-flow wp-block-column-is-layout-flow\" style=\"flex-basis:25%\"><div class=\"wp-block-image\">\n<figure class=\"aligncenter size-full\"><a href=\"https:\/\/cursos-de-formacao.pt\/reiki?utm_source=organico&amp;utm_medium=opc&amp;utm_campaign=adstrategy&amp;utm_content=SITE_CM_OFERTA\" target=\"_blank\" rel=\"noopener\"><img loading=\"lazy\" decoding=\"async\" width=\"674\" height=\"469\" src=\"https:\/\/www.cursosaominuto.pt\/wordpress\/wp-content\/uploads\/2024\/09\/reiki.png\" alt=\"\" class=\"wp-image-2780\" style=\"aspect-ratio:4\/3;object-fit:cover\" srcset=\"https:\/\/www.cursosaominuto.pt\/wordpress\/wp-content\/uploads\/2024\/09\/reiki.png 674w, https:\/\/www.cursosaominuto.pt\/wordpress\/wp-content\/uploads\/2024\/09\/reiki-300x209.png 300w\" sizes=\"auto, (max-width: 674px) 100vw, 674px\" \/><\/a><figcaption class=\"wp-element-caption\"><strong><a href=\"https:\/\/cursos-de-formacao.pt\/reiki?utm_source=organico&amp;utm_medium=opc&amp;utm_campaign=adstrategy&amp;utm_content=SITE_CM_OFERTA\" target=\"_blank\" rel=\"noopener\">Reiki<\/a><\/strong><\/figcaption><\/figure>\n<\/div><\/div>\n<\/div>\n\n\n\n<div class=\"wp-block-columns alignfull are-vertically-aligned-top is-layout-flex wp-container-core-columns-is-layout-9d6595d7 wp-block-columns-is-layout-flex\">\n<div class=\"wp-block-column is-vertically-aligned-top is-layout-flow wp-block-column-is-layout-flow\" style=\"flex-basis:25%\"><div class=\"wp-block-image\">\n<figure class=\"aligncenter size-full\"><a href=\"https:\/\/cursos-de-formacao.pt\/inteligencia-artificial-saude?utm_source=organico&amp;utm_medium=opc&amp;utm_campaign=adstrategy&amp;utm_content=SITE_CM_OFERTA\" target=\"_blank\" rel=\"noopener\"><img loading=\"lazy\" decoding=\"async\" width=\"674\" height=\"469\" src=\"https:\/\/www.cursosaominuto.pt\/wordpress\/wp-content\/uploads\/2025\/09\/Inteligencia-Artificial-na-Saude.png\" alt=\"\" class=\"wp-image-3982\" style=\"aspect-ratio:4\/3;object-fit:cover\" srcset=\"https:\/\/www.cursosaominuto.pt\/wordpress\/wp-content\/uploads\/2025\/09\/Inteligencia-Artificial-na-Saude.png 674w, https:\/\/www.cursosaominuto.pt\/wordpress\/wp-content\/uploads\/2025\/09\/Inteligencia-Artificial-na-Saude-300x209.png 300w\" sizes=\"auto, (max-width: 674px) 100vw, 674px\" \/><\/a><figcaption class=\"wp-element-caption\"><strong><a href=\"https:\/\/cursos-de-formacao.pt\/inteligencia-artificial-saude?utm_source=organico&amp;utm_medium=opc&amp;utm_campaign=adstrategy&amp;utm_content=SITE_CM_OFERTA\" target=\"_blank\" rel=\"noopener\">Mestrado de Intelig\u00eancia Artificial na Sa\u00fade<\/a><\/strong><\/figcaption><\/figure>\n<\/div><\/div>\n\n\n\n<div class=\"wp-block-column is-vertically-aligned-top is-layout-flow wp-block-column-is-layout-flow\" style=\"flex-basis:25%\"><\/div>\n\n\n\n<div class=\"wp-block-column is-vertically-aligned-top is-layout-flow wp-block-column-is-layout-flow\" style=\"flex-basis:25%\"><\/div>\n\n\n\n<div class=\"wp-block-column is-layout-flow wp-block-column-is-layout-flow\" style=\"flex-basis:25%\"><\/div>\n<\/div>\n\n\n\n<p><\/p>\n","protected":false},"excerpt":{"rendered":"","protected":false},"author":1,"featured_media":0,"parent":0,"menu_order":0,"comment_status":"closed","ping_status":"closed","template":"","meta":{"footnotes":""},"class_list":["post-517","page","type-page","status-publish","hentry","clearfix"],"_links":{"self":[{"href":"https:\/\/www.cursosaominuto.pt\/wordpress\/wp-json\/wp\/v2\/pages\/517","targetHints":{"allow":["GET"]}}],"collection":[{"href":"https:\/\/www.cursosaominuto.pt\/wordpress\/wp-json\/wp\/v2\/pages"}],"about":[{"href":"https:\/\/www.cursosaominuto.pt\/wordpress\/wp-json\/wp\/v2\/types\/page"}],"author":[{"embeddable":true,"href":"https:\/\/www.cursosaominuto.pt\/wordpress\/wp-json\/wp\/v2\/users\/1"}],"replies":[{"embeddable":true,"href":"https:\/\/www.cursosaominuto.pt\/wordpress\/wp-json\/wp\/v2\/comments?post=517"}],"version-history":[{"count":15,"href":"https:\/\/www.cursosaominuto.pt\/wordpress\/wp-json\/wp\/v2\/pages\/517\/revisions"}],"predecessor-version":[{"id":4064,"href":"https:\/\/www.cursosaominuto.pt\/wordpress\/wp-json\/wp\/v2\/pages\/517\/revisions\/4064"}],"wp:attachment":[{"href":"https:\/\/www.cursosaominuto.pt\/wordpress\/wp-json\/wp\/v2\/media?parent=517"}],"curies":[{"name":"wp","href":"https:\/\/api.w.org\/{rel}","templated":true}]}}