{"id":358,"date":"2024-01-16T14:45:48","date_gmt":"2024-01-16T14:45:48","guid":{"rendered":"https:\/\/www.cursosaominuto.pt\/wordpress\/?page_id=358"},"modified":"2025-09-11T15:45:01","modified_gmt":"2025-09-11T15:45:01","slug":"curso-de-gestao-agricola","status":"publish","type":"page","link":"https:\/\/www.cursosaominuto.pt\/wordpress\/curso-de-gestao-agricola\/","title":{"rendered":"Gest\u00e3o Agr\u00edcola"},"content":{"rendered":"\n<p>O <strong>setor agr\u00edcola<\/strong> destaca-se pelo potencial de proporcionar novas oportunidades de neg\u00f3cio para profissionais qualificados, tornando-se uma op\u00e7\u00e3o atrativa para muitos empreendedores e profissionais.<\/p>\n\n\n\n<p><\/p>\n\n\n<div class=\"wp-block-image\">\n<figure class=\"aligncenter size-large\"><img loading=\"lazy\" decoding=\"async\" width=\"1024\" height=\"683\" src=\"https:\/\/www.cursosaominuto.pt\/wordpress\/wp-content\/uploads\/2024\/01\/Design-sem-nome-8-1-1024x683.png\" alt=\"\" class=\"wp-image-425\" srcset=\"https:\/\/www.cursosaominuto.pt\/wordpress\/wp-content\/uploads\/2024\/01\/Design-sem-nome-8-1-1024x683.png 1024w, https:\/\/www.cursosaominuto.pt\/wordpress\/wp-content\/uploads\/2024\/01\/Design-sem-nome-8-1-300x200.png 300w, https:\/\/www.cursosaominuto.pt\/wordpress\/wp-content\/uploads\/2024\/01\/Design-sem-nome-8-1-768x512.png 768w, https:\/\/www.cursosaominuto.pt\/wordpress\/wp-content\/uploads\/2024\/01\/Design-sem-nome-8-1-1536x1024.png 1536w, https:\/\/www.cursosaominuto.pt\/wordpress\/wp-content\/uploads\/2024\/01\/Design-sem-nome-8-1-2048x1366.png 2048w, https:\/\/www.cursosaominuto.pt\/wordpress\/wp-content\/uploads\/2024\/01\/Design-sem-nome-8-1-600x400.png 600w\" sizes=\"auto, (max-width: 1024px) 100vw, 1024px\" \/><\/figure>\n<\/div>\n\n\n<p><\/p>\n\n\n\n<p>A agricultura est\u00e1 em constante reinven\u00e7\u00e3o, procurando os melhores talentos para uma gest\u00e3o mais eficiente. A boa not\u00edcia \u00e9 que j\u00e1 podes iniciar a tua aprendizagem nesta \u00e1rea com o <strong>Curso de Gest\u00e3o Agr\u00edcola<\/strong>.<\/p>\n\n\n\n<div class=\"wp-block-buttons is-content-justification-center is-layout-flex wp-container-core-buttons-is-layout-16018d1d wp-block-buttons-is-layout-flex\">\n<div class=\"wp-block-button\"><a class=\"wp-block-button__link has-vivid-red-background-color has-background wp-element-button\" href=\"https:\/\/cursos360.pt\/gestao-agricola?pilot=972&amp;utm_source=organico&amp;utm_medium=opc&amp;utm_campaign=adstrategy&amp;utm_content=SITE_CM_OFERTA\" target=\"_blank\" rel=\"noreferrer noopener\"><strong>INSCREVE-TE<\/strong><\/a><\/div>\n<\/div>\n\n\n\n<p><\/p>\n\n\n\n<h2 class=\"wp-block-heading has-text-align-center\">Principais Objetivos<\/h2>\n\n\n\n<ul class=\"wp-block-list\">\n<li>Adquirir algumas no\u00e7\u00f5es e ferramentas de gest\u00e3o e contabilidade;<\/li>\n\n\n\n<li>Conhecer a estrutura de uma empresa agr\u00edcola;<br>Compreender a import\u00e2ncia da gest\u00e3o di\u00e1ria de uma empresa agr\u00edcola;<\/li>\n\n\n\n<li>Conhecer as t\u00e9cnicas de produ\u00e7\u00e3o: Integrada e Modo de produ\u00e7\u00e3o biol\u00f3gico;<\/li>\n\n\n\n<li>Saber avaliar as oportunidades de neg\u00f3cio e suas potencialidades;<\/li>\n\n\n\n<li>Adquirir no\u00e7\u00f5es sobre o processo de implementa\u00e7\u00e3o de uma marca ou produto no mercado internacional;<\/li>\n\n\n\n<li>Conhecer as ferramentas que um agricultor tem ao seu dispor para publicitar os seus produtos;<\/li>\n\n\n\n<li>Conhecer as pol\u00edticas de incentivo e apoio que Portugal e a Uni\u00e3o Europeia disponibilizam aos produtores agr\u00edcolas;<\/li>\n<\/ul>\n\n\n\n<h2 class=\"wp-block-heading has-text-align-center\">Sa\u00eddas Profissionais<\/h2>\n\n\n\n<ul class=\"wp-block-list\">\n<li>Gestor Agr\u00edcola<\/li>\n\n\n\n<li>Respons\u00e1vel de explora\u00e7\u00e3o agr\u00edcola<\/li>\n\n\n\n<li>Respons\u00e1vel de produ\u00e7\u00e3o e\/ou aprovisionamento de uma explora\u00e7\u00e3o agr\u00edcola<\/li>\n\n\n\n<li>Empreendedores na \u00e1rea agr\u00edcola<\/li>\n<\/ul>\n\n\n\n<p><\/p>\n\n\n\n<div class=\"wp-block-buttons is-content-justification-center is-layout-flex wp-container-core-buttons-is-layout-16018d1d wp-block-buttons-is-layout-flex\">\n<div class=\"wp-block-button\"><a class=\"wp-block-button__link has-vivid-red-background-color has-background wp-element-button\" href=\"https:\/\/cursos360.pt\/gestao-agricola?pilot=972&amp;utm_source=organico&amp;utm_medium=opc&amp;utm_campaign=adstrategy&amp;utm_content=SITE_CM_OFERTA\" target=\"_blank\" rel=\"noopener\"><strong>SABE MAIS AQUI<\/strong><\/a><\/div>\n<\/div>\n\n\n\n<p><\/p>\n\n\n\n<h2 class=\"wp-block-heading has-text-align-center\">Vantagens<\/h2>\n\n\n\n<figure class=\"wp-block-table is-style-stripes has-small-font-size\"><table><tbody><tr><td class=\"has-text-align-center\" data-align=\"center\"><img decoding=\"async\" src=\"https:\/\/formacao-profissional.pt\/ADigital\/img\/bolsaestagios.png\" alt=\"Bolsa_De_Estagios\"><br><strong> BOLSA DE EST\u00c1GIOS<\/strong><\/td><td class=\"has-text-align-center\" data-align=\"center\"><img decoding=\"async\" src=\"https:\/\/formacao-profissional.pt\/ADigital\/img\/bolsaemprego.png\" alt=\"Bolsa_De_Emprego\"><br><strong>BOLSA DE EMPREGO<\/strong><\/td><td class=\"has-text-align-center\" data-align=\"center\"><strong><img decoding=\"async\" src=\"https:\/\/formacao-profissional.pt\/ADigital\/img\/casospraticos.png\" alt=\"CASOS_PR\u00c1TICOS\"><\/strong><br><strong>CASOS PR\u00c1TICOS<\/strong><\/td><td class=\"has-text-align-center\" data-align=\"center\"><img decoding=\"async\" src=\"https:\/\/formacao-profissional.pt\/ADigital\/img\/campusvirtual.png\" alt=\"CAMPUS_VIRTUAL\"><br><strong>CAMPUS VIRTUAL<\/strong><\/td><td class=\"has-text-align-center\" data-align=\"center\"><img decoding=\"async\" src=\"https:\/\/formacao-profissional.pt\/ADigital\/img\/tutor_especializado.png\" alt=\"TUTOR_ESPECIALIZADO\"><br><strong>TUTOR ESPECIALIZADO<\/strong><\/td><\/tr><\/tbody><\/table><\/figure>\n","protected":false},"excerpt":{"rendered":"<p>O setor agr\u00edcola destaca-se pelo potencial de proporcionar novas oportunidades de neg\u00f3cio para profissionais qualificados, tornando-se uma op\u00e7\u00e3o atrativa para muitos empreendedores e profissionais. A agricultura est\u00e1 em constante reinven\u00e7\u00e3o, procurando os melhores talentos para uma gest\u00e3o mais eficiente. A boa not\u00edcia \u00e9 que j\u00e1 podes iniciar a tua aprendizagem nesta \u00e1rea com o Curso de Gest\u00e3o Agr\u00edcola. Principais Objetivos Sa\u00eddas Profissionais Vantagens BOLSA DE&hellip; <\/p>\n","protected":false},"author":1,"featured_media":359,"parent":0,"menu_order":0,"comment_status":"closed","ping_status":"closed","template":"","meta":{"footnotes":""},"class_list":["post-358","page","type-page","status-publish","has-post-thumbnail","hentry","clearfix"],"_links":{"self":[{"href":"https:\/\/www.cursosaominuto.pt\/wordpress\/wp-json\/wp\/v2\/pages\/358","targetHints":{"allow":["GET"]}}],"collection":[{"href":"https:\/\/www.cursosaominuto.pt\/wordpress\/wp-json\/wp\/v2\/pages"}],"about":[{"href":"https:\/\/www.cursosaominuto.pt\/wordpress\/wp-json\/wp\/v2\/types\/page"}],"author":[{"embeddable":true,"href":"https:\/\/www.cursosaominuto.pt\/wordpress\/wp-json\/wp\/v2\/users\/1"}],"replies":[{"embeddable":true,"href":"https:\/\/www.cursosaominuto.pt\/wordpress\/wp-json\/wp\/v2\/comments?post=358"}],"version-history":[{"count":13,"href":"https:\/\/www.cursosaominuto.pt\/wordpress\/wp-json\/wp\/v2\/pages\/358\/revisions"}],"predecessor-version":[{"id":3851,"href":"https:\/\/www.cursosaominuto.pt\/wordpress\/wp-json\/wp\/v2\/pages\/358\/revisions\/3851"}],"wp:featuredmedia":[{"embeddable":true,"href":"https:\/\/www.cursosaominuto.pt\/wordpress\/wp-json\/wp\/v2\/media\/359"}],"wp:attachment":[{"href":"https:\/\/www.cursosaominuto.pt\/wordpress\/wp-json\/wp\/v2\/media?parent=358"}],"curies":[{"name":"wp","href":"https:\/\/api.w.org\/{rel}","templated":true}]}}