{"id":34,"date":"2016-01-17T14:07:23","date_gmt":"2016-01-17T14:07:23","guid":{"rendered":"http:\/\/localhost\/wordpress\/freesia-empire\/?page_id=34"},"modified":"2025-08-04T10:07:00","modified_gmt":"2025-08-04T10:07:00","slug":"areas-formacao","status":"publish","type":"page","link":"https:\/\/www.cursosaominuto.pt\/wordpress\/all\/areas-formacao\/","title":{"rendered":"\u00c1REAS DE FORMA\u00c7\u00c3O"},"content":{"rendered":"\n<div class=\"wp-block-columns alignfull are-vertically-aligned-top is-layout-flex wp-container-core-columns-is-layout-9d6595d7 wp-block-columns-is-layout-flex\">\n<div class=\"wp-block-column is-vertically-aligned-top is-layout-flow wp-block-column-is-layout-flow\" style=\"flex-basis:25%\"><div class=\"wp-block-image\">\n<figure class=\"aligncenter size-large\"><a href=\"https:\/\/www.cursosaominuto.pt\/wordpress\/agricultura\/\"><img loading=\"lazy\" decoding=\"async\" width=\"1024\" height=\"678\" src=\"https:\/\/www.cursosaominuto.pt\/wordpress\/wp-content\/uploads\/2024\/01\/pexels-mark-stebnicki-2255801-1024x678.jpg\" alt=\"\" class=\"wp-image-660\" style=\"aspect-ratio:4\/3;object-fit:cover\" srcset=\"https:\/\/www.cursosaominuto.pt\/wordpress\/wp-content\/uploads\/2024\/01\/pexels-mark-stebnicki-2255801-1024x678.jpg 1024w, https:\/\/www.cursosaominuto.pt\/wordpress\/wp-content\/uploads\/2024\/01\/pexels-mark-stebnicki-2255801-300x199.jpg 300w, https:\/\/www.cursosaominuto.pt\/wordpress\/wp-content\/uploads\/2024\/01\/pexels-mark-stebnicki-2255801-768x509.jpg 768w, https:\/\/www.cursosaominuto.pt\/wordpress\/wp-content\/uploads\/2024\/01\/pexels-mark-stebnicki-2255801-1536x1017.jpg 1536w, https:\/\/www.cursosaominuto.pt\/wordpress\/wp-content\/uploads\/2024\/01\/pexels-mark-stebnicki-2255801-2048x1356.jpg 2048w, https:\/\/www.cursosaominuto.pt\/wordpress\/wp-content\/uploads\/2024\/01\/pexels-mark-stebnicki-2255801-600x397.jpg 600w\" sizes=\"auto, (max-width: 1024px) 100vw, 1024px\" \/><\/a><figcaption class=\"wp-element-caption\"><strong><a href=\"https:\/\/www.cursosaominuto.pt\/wordpress\/agricultura\/\">Agricultura<\/a><\/strong><\/figcaption><\/figure>\n<\/div><\/div>\n\n\n\n<div class=\"wp-block-column is-vertically-aligned-top is-layout-flow wp-block-column-is-layout-flow\" style=\"flex-basis:25%\"><div class=\"wp-block-image is-style-default\">\n<figure class=\"aligncenter size-full\"><a href=\"https:\/\/www.cursosaominuto.pt\/wordpress\/beleza\/\"><img loading=\"lazy\" decoding=\"async\" width=\"2560\" height=\"1707\" src=\"https:\/\/www.cursosaominuto.pt\/wordpress\/wp-content\/uploads\/2024\/01\/pexels-adrienn-1523528-scaled.jpg\" alt=\"\" class=\"wp-image-661\" style=\"aspect-ratio:4\/3;object-fit:cover\" srcset=\"https:\/\/www.cursosaominuto.pt\/wordpress\/wp-content\/uploads\/2024\/01\/pexels-adrienn-1523528-scaled.jpg 2560w, https:\/\/www.cursosaominuto.pt\/wordpress\/wp-content\/uploads\/2024\/01\/pexels-adrienn-1523528-300x200.jpg 300w, https:\/\/www.cursosaominuto.pt\/wordpress\/wp-content\/uploads\/2024\/01\/pexels-adrienn-1523528-1024x683.jpg 1024w, https:\/\/www.cursosaominuto.pt\/wordpress\/wp-content\/uploads\/2024\/01\/pexels-adrienn-1523528-768x512.jpg 768w, https:\/\/www.cursosaominuto.pt\/wordpress\/wp-content\/uploads\/2024\/01\/pexels-adrienn-1523528-1536x1024.jpg 1536w, https:\/\/www.cursosaominuto.pt\/wordpress\/wp-content\/uploads\/2024\/01\/pexels-adrienn-1523528-2048x1365.jpg 2048w, https:\/\/www.cursosaominuto.pt\/wordpress\/wp-content\/uploads\/2024\/01\/pexels-adrienn-1523528-600x400.jpg 600w\" sizes=\"auto, (max-width: 2560px) 100vw, 2560px\" \/><\/a><figcaption class=\"wp-element-caption\"><strong><a href=\"https:\/\/www.cursosaominuto.pt\/wordpress\/beleza\/\">Beleza<\/a><\/strong><\/figcaption><\/figure>\n<\/div><\/div>\n\n\n\n<div class=\"wp-block-column is-vertically-aligned-top is-layout-flow wp-block-column-is-layout-flow\" style=\"flex-basis:25%\"><div class=\"wp-block-image\">\n<figure class=\"aligncenter size-full\"><a href=\"https:\/\/www.cursosaominuto.pt\/wordpress\/bem-estar-animal\/\"><img loading=\"lazy\" decoding=\"async\" width=\"2560\" height=\"1707\" src=\"https:\/\/www.cursosaominuto.pt\/wordpress\/wp-content\/uploads\/2024\/01\/pexels-mikhail-nilov-7469228-scaled.jpg\" alt=\"\" class=\"wp-image-662\" style=\"aspect-ratio:4\/3;object-fit:cover\" srcset=\"https:\/\/www.cursosaominuto.pt\/wordpress\/wp-content\/uploads\/2024\/01\/pexels-mikhail-nilov-7469228-scaled.jpg 2560w, https:\/\/www.cursosaominuto.pt\/wordpress\/wp-content\/uploads\/2024\/01\/pexels-mikhail-nilov-7469228-300x200.jpg 300w, https:\/\/www.cursosaominuto.pt\/wordpress\/wp-content\/uploads\/2024\/01\/pexels-mikhail-nilov-7469228-1024x683.jpg 1024w, https:\/\/www.cursosaominuto.pt\/wordpress\/wp-content\/uploads\/2024\/01\/pexels-mikhail-nilov-7469228-768x512.jpg 768w, https:\/\/www.cursosaominuto.pt\/wordpress\/wp-content\/uploads\/2024\/01\/pexels-mikhail-nilov-7469228-1536x1024.jpg 1536w, https:\/\/www.cursosaominuto.pt\/wordpress\/wp-content\/uploads\/2024\/01\/pexels-mikhail-nilov-7469228-2048x1365.jpg 2048w, https:\/\/www.cursosaominuto.pt\/wordpress\/wp-content\/uploads\/2024\/01\/pexels-mikhail-nilov-7469228-600x400.jpg 600w\" sizes=\"auto, (max-width: 2560px) 100vw, 2560px\" \/><\/a><figcaption class=\"wp-element-caption\"><strong><a href=\"https:\/\/www.cursosaominuto.pt\/wordpress\/bem-estar-animal\/\">Bem-Estar Animal<\/a><\/strong><\/figcaption><\/figure>\n<\/div><\/div>\n\n\n\n<div class=\"wp-block-column is-vertically-aligned-top is-layout-flow wp-block-column-is-layout-flow\" style=\"flex-basis:25%\"><div class=\"wp-block-image\">\n<figure class=\"aligncenter size-large\"><a href=\"https:\/\/www.cursosaominuto.pt\/wordpress\/construcao-e-ambiente\/\"><img loading=\"lazy\" decoding=\"async\" width=\"1024\" height=\"684\" src=\"https:\/\/www.cursosaominuto.pt\/wordpress\/wp-content\/uploads\/2024\/01\/pexels-los-muertos-crew-8853502-1024x684.jpg\" alt=\"\" class=\"wp-image-664\" style=\"aspect-ratio:4\/3;object-fit:cover\" srcset=\"https:\/\/www.cursosaominuto.pt\/wordpress\/wp-content\/uploads\/2024\/01\/pexels-los-muertos-crew-8853502-1024x684.jpg 1024w, https:\/\/www.cursosaominuto.pt\/wordpress\/wp-content\/uploads\/2024\/01\/pexels-los-muertos-crew-8853502-300x200.jpg 300w, https:\/\/www.cursosaominuto.pt\/wordpress\/wp-content\/uploads\/2024\/01\/pexels-los-muertos-crew-8853502-768x513.jpg 768w, https:\/\/www.cursosaominuto.pt\/wordpress\/wp-content\/uploads\/2024\/01\/pexels-los-muertos-crew-8853502-1536x1026.jpg 1536w, https:\/\/www.cursosaominuto.pt\/wordpress\/wp-content\/uploads\/2024\/01\/pexels-los-muertos-crew-8853502-2048x1368.jpg 2048w, https:\/\/www.cursosaominuto.pt\/wordpress\/wp-content\/uploads\/2024\/01\/pexels-los-muertos-crew-8853502-600x401.jpg 600w\" sizes=\"auto, (max-width: 1024px) 100vw, 1024px\" \/><\/a><figcaption class=\"wp-element-caption\"><strong><a href=\"https:\/\/www.cursosaominuto.pt\/wordpress\/construcao-e-ambiente\/\">Constru\u00e7\u00e3o e Ambiente<\/a><\/strong><\/figcaption><\/figure>\n<\/div><\/div>\n<\/div>\n\n\n\n<div class=\"wp-block-columns alignfull are-vertically-aligned-top is-layout-flex wp-container-core-columns-is-layout-9d6595d7 wp-block-columns-is-layout-flex\">\n<div class=\"wp-block-column is-vertically-aligned-top is-layout-flow wp-block-column-is-layout-flow\" style=\"flex-basis:25%\"><div class=\"wp-block-image\">\n<figure class=\"aligncenter size-large\"><a href=\"https:\/\/www.cursosaominuto.pt\/wordpress\/desenho-artes\/\"><img loading=\"lazy\" decoding=\"async\" width=\"1024\" height=\"683\" src=\"https:\/\/www.cursosaominuto.pt\/wordpress\/wp-content\/uploads\/2024\/01\/pexels-greta-hoffman-7859597-1024x683.jpg\" alt=\"\" class=\"wp-image-665\" style=\"aspect-ratio:4\/3;object-fit:cover\" srcset=\"https:\/\/www.cursosaominuto.pt\/wordpress\/wp-content\/uploads\/2024\/01\/pexels-greta-hoffman-7859597-1024x683.jpg 1024w, https:\/\/www.cursosaominuto.pt\/wordpress\/wp-content\/uploads\/2024\/01\/pexels-greta-hoffman-7859597-300x200.jpg 300w, https:\/\/www.cursosaominuto.pt\/wordpress\/wp-content\/uploads\/2024\/01\/pexels-greta-hoffman-7859597-768x512.jpg 768w, https:\/\/www.cursosaominuto.pt\/wordpress\/wp-content\/uploads\/2024\/01\/pexels-greta-hoffman-7859597-1536x1024.jpg 1536w, https:\/\/www.cursosaominuto.pt\/wordpress\/wp-content\/uploads\/2024\/01\/pexels-greta-hoffman-7859597-2048x1365.jpg 2048w, https:\/\/www.cursosaominuto.pt\/wordpress\/wp-content\/uploads\/2024\/01\/pexels-greta-hoffman-7859597-600x400.jpg 600w\" sizes=\"auto, (max-width: 1024px) 100vw, 1024px\" \/><\/a><figcaption class=\"wp-element-caption\"><strong><a href=\"https:\/\/www.cursosaominuto.pt\/wordpress\/desenho-artes\/\">Desenho e Artes<\/a><\/strong><\/figcaption><\/figure>\n<\/div><\/div>\n\n\n\n<div class=\"wp-block-column is-vertically-aligned-top is-layout-flow wp-block-column-is-layout-flow\" style=\"flex-basis:25%\"><div class=\"wp-block-image is-style-default\">\n<figure class=\"aligncenter size-full\"><a href=\"https:\/\/www.cursosaominuto.pt\/wordpress\/eletricidade-e-eletronica\/\"><img loading=\"lazy\" decoding=\"async\" width=\"2560\" height=\"1709\" src=\"https:\/\/www.cursosaominuto.pt\/wordpress\/wp-content\/uploads\/2024\/01\/pexels-pavel-danilyuk-8438976-scaled.jpg\" alt=\"\" class=\"wp-image-666\" style=\"aspect-ratio:4\/3;object-fit:cover\" srcset=\"https:\/\/www.cursosaominuto.pt\/wordpress\/wp-content\/uploads\/2024\/01\/pexels-pavel-danilyuk-8438976-scaled.jpg 2560w, https:\/\/www.cursosaominuto.pt\/wordpress\/wp-content\/uploads\/2024\/01\/pexels-pavel-danilyuk-8438976-300x200.jpg 300w, https:\/\/www.cursosaominuto.pt\/wordpress\/wp-content\/uploads\/2024\/01\/pexels-pavel-danilyuk-8438976-1024x684.jpg 1024w, https:\/\/www.cursosaominuto.pt\/wordpress\/wp-content\/uploads\/2024\/01\/pexels-pavel-danilyuk-8438976-768x513.jpg 768w, https:\/\/www.cursosaominuto.pt\/wordpress\/wp-content\/uploads\/2024\/01\/pexels-pavel-danilyuk-8438976-1536x1025.jpg 1536w, https:\/\/www.cursosaominuto.pt\/wordpress\/wp-content\/uploads\/2024\/01\/pexels-pavel-danilyuk-8438976-2048x1367.jpg 2048w, https:\/\/www.cursosaominuto.pt\/wordpress\/wp-content\/uploads\/2024\/01\/pexels-pavel-danilyuk-8438976-600x401.jpg 600w\" sizes=\"auto, (max-width: 2560px) 100vw, 2560px\" \/><\/a><figcaption class=\"wp-element-caption\"><strong><a href=\"https:\/\/www.cursosaominuto.pt\/wordpress\/eletricidade-e-eletronica\/\">Eletricidade e Eletr\u00f3nica<\/a><\/strong><\/figcaption><\/figure>\n<\/div><\/div>\n\n\n\n<div class=\"wp-block-column is-vertically-aligned-top is-layout-flow wp-block-column-is-layout-flow\" style=\"flex-basis:25%\"><div class=\"wp-block-image\">\n<figure class=\"aligncenter size-full\"><a href=\"https:\/\/www.cursosaominuto.pt\/wordpress\/empresariais\/\"><img loading=\"lazy\" decoding=\"async\" width=\"2090\" height=\"2560\" src=\"https:\/\/www.cursosaominuto.pt\/wordpress\/wp-content\/uploads\/2024\/01\/pexels-sora-shimazaki-5668839-scaled.jpg\" alt=\"\" class=\"wp-image-668\" style=\"aspect-ratio:4\/3;object-fit:cover\" srcset=\"https:\/\/www.cursosaominuto.pt\/wordpress\/wp-content\/uploads\/2024\/01\/pexels-sora-shimazaki-5668839-scaled.jpg 2090w, https:\/\/www.cursosaominuto.pt\/wordpress\/wp-content\/uploads\/2024\/01\/pexels-sora-shimazaki-5668839-245x300.jpg 245w, https:\/\/www.cursosaominuto.pt\/wordpress\/wp-content\/uploads\/2024\/01\/pexels-sora-shimazaki-5668839-836x1024.jpg 836w, https:\/\/www.cursosaominuto.pt\/wordpress\/wp-content\/uploads\/2024\/01\/pexels-sora-shimazaki-5668839-768x941.jpg 768w, https:\/\/www.cursosaominuto.pt\/wordpress\/wp-content\/uploads\/2024\/01\/pexels-sora-shimazaki-5668839-1254x1536.jpg 1254w, https:\/\/www.cursosaominuto.pt\/wordpress\/wp-content\/uploads\/2024\/01\/pexels-sora-shimazaki-5668839-1672x2048.jpg 1672w, https:\/\/www.cursosaominuto.pt\/wordpress\/wp-content\/uploads\/2024\/01\/pexels-sora-shimazaki-5668839-600x735.jpg 600w\" sizes=\"auto, (max-width: 2090px) 100vw, 2090px\" \/><\/a><figcaption class=\"wp-element-caption\"><strong><a href=\"https:\/\/www.cursosaominuto.pt\/wordpress\/empresariais\/\">Empresariais<\/a><\/strong><\/figcaption><\/figure>\n<\/div><\/div>\n\n\n\n<div class=\"wp-block-column is-vertically-aligned-top is-layout-flow wp-block-column-is-layout-flow\" style=\"flex-basis:25%\"><div class=\"wp-block-image\">\n<figure class=\"aligncenter size-large\"><a href=\"https:\/\/www.cursosaominuto.pt\/wordpress\/informatica\/\"><img loading=\"lazy\" decoding=\"async\" width=\"1024\" height=\"768\" src=\"https:\/\/www.cursosaominuto.pt\/wordpress\/wp-content\/uploads\/2024\/01\/pexels-pixabay-207580-1024x768.jpg\" alt=\"\" class=\"wp-image-669\" style=\"aspect-ratio:4\/3;object-fit:cover\" srcset=\"https:\/\/www.cursosaominuto.pt\/wordpress\/wp-content\/uploads\/2024\/01\/pexels-pixabay-207580-1024x768.jpg 1024w, https:\/\/www.cursosaominuto.pt\/wordpress\/wp-content\/uploads\/2024\/01\/pexels-pixabay-207580-300x225.jpg 300w, https:\/\/www.cursosaominuto.pt\/wordpress\/wp-content\/uploads\/2024\/01\/pexels-pixabay-207580-768x576.jpg 768w, https:\/\/www.cursosaominuto.pt\/wordpress\/wp-content\/uploads\/2024\/01\/pexels-pixabay-207580-1536x1152.jpg 1536w, https:\/\/www.cursosaominuto.pt\/wordpress\/wp-content\/uploads\/2024\/01\/pexels-pixabay-207580-2048x1536.jpg 2048w, https:\/\/www.cursosaominuto.pt\/wordpress\/wp-content\/uploads\/2024\/01\/pexels-pixabay-207580-600x450.jpg 600w\" sizes=\"auto, (max-width: 1024px) 100vw, 1024px\" \/><\/a><figcaption class=\"wp-element-caption\"><strong><a href=\"https:\/\/www.cursosaominuto.pt\/wordpress\/informatica\/\">Inform\u00e1tica<\/a><\/strong><\/figcaption><\/figure>\n<\/div><\/div>\n<\/div>\n\n\n\n<div class=\"wp-block-columns alignfull are-vertically-aligned-top is-layout-flex wp-container-core-columns-is-layout-9d6595d7 wp-block-columns-is-layout-flex\">\n<div class=\"wp-block-column is-vertically-aligned-top is-layout-flow wp-block-column-is-layout-flow\" style=\"flex-basis:25%\"><div class=\"wp-block-image\">\n<figure class=\"aligncenter size-large is-resized\"><a href=\"https:\/\/www.cursosaominuto.pt\/wordpress\/marketing\/\"><img loading=\"lazy\" decoding=\"async\" width=\"1024\" height=\"1024\" src=\"https:\/\/www.cursosaominuto.pt\/wordpress\/wp-content\/uploads\/2024\/01\/Design-sem-nome-15-1024x1024.png\" alt=\"\" class=\"wp-image-676\" style=\"aspect-ratio:4\/3;object-fit:cover;width:396px;height:auto\" srcset=\"https:\/\/www.cursosaominuto.pt\/wordpress\/wp-content\/uploads\/2024\/01\/Design-sem-nome-15-1024x1024.png 1024w, https:\/\/www.cursosaominuto.pt\/wordpress\/wp-content\/uploads\/2024\/01\/Design-sem-nome-15-300x300.png 300w, https:\/\/www.cursosaominuto.pt\/wordpress\/wp-content\/uploads\/2024\/01\/Design-sem-nome-15-150x150.png 150w, https:\/\/www.cursosaominuto.pt\/wordpress\/wp-content\/uploads\/2024\/01\/Design-sem-nome-15-768x768.png 768w, https:\/\/www.cursosaominuto.pt\/wordpress\/wp-content\/uploads\/2024\/01\/Design-sem-nome-15-600x600.png 600w, https:\/\/www.cursosaominuto.pt\/wordpress\/wp-content\/uploads\/2024\/01\/Design-sem-nome-15-100x100.png 100w, https:\/\/www.cursosaominuto.pt\/wordpress\/wp-content\/uploads\/2024\/01\/Design-sem-nome-15.png 1080w\" sizes=\"auto, (max-width: 1024px) 100vw, 1024px\" \/><\/a><figcaption class=\"wp-element-caption\"><strong><a href=\"https:\/\/www.cursosaominuto.pt\/wordpress\/marketing\/\">Marketing<\/a><\/strong><\/figcaption><\/figure>\n<\/div><\/div>\n\n\n\n<div class=\"wp-block-column is-vertically-aligned-top is-layout-flow wp-block-column-is-layout-flow\" style=\"flex-basis:25%\"><div class=\"wp-block-image is-style-default\">\n<figure class=\"aligncenter size-full\"><a href=\"https:\/\/www.cursosaominuto.pt\/wordpress\/moda\/\"><img loading=\"lazy\" decoding=\"async\" width=\"2560\" height=\"1767\" src=\"https:\/\/www.cursosaominuto.pt\/wordpress\/wp-content\/uploads\/2024\/01\/pexels-shattha-pilabut-135620-scaled.jpg\" alt=\"\" class=\"wp-image-671\" style=\"aspect-ratio:4\/3;object-fit:cover\" srcset=\"https:\/\/www.cursosaominuto.pt\/wordpress\/wp-content\/uploads\/2024\/01\/pexels-shattha-pilabut-135620-scaled.jpg 2560w, https:\/\/www.cursosaominuto.pt\/wordpress\/wp-content\/uploads\/2024\/01\/pexels-shattha-pilabut-135620-300x207.jpg 300w, https:\/\/www.cursosaominuto.pt\/wordpress\/wp-content\/uploads\/2024\/01\/pexels-shattha-pilabut-135620-1024x707.jpg 1024w, https:\/\/www.cursosaominuto.pt\/wordpress\/wp-content\/uploads\/2024\/01\/pexels-shattha-pilabut-135620-768x530.jpg 768w, https:\/\/www.cursosaominuto.pt\/wordpress\/wp-content\/uploads\/2024\/01\/pexels-shattha-pilabut-135620-1536x1060.jpg 1536w, https:\/\/www.cursosaominuto.pt\/wordpress\/wp-content\/uploads\/2024\/01\/pexels-shattha-pilabut-135620-2048x1414.jpg 2048w, https:\/\/www.cursosaominuto.pt\/wordpress\/wp-content\/uploads\/2024\/01\/pexels-shattha-pilabut-135620-600x414.jpg 600w\" sizes=\"auto, (max-width: 2560px) 100vw, 2560px\" \/><\/a><figcaption class=\"wp-element-caption\"><strong><a href=\"https:\/\/www.cursosaominuto.pt\/wordpress\/moda\/\">Moda<\/a><\/strong><\/figcaption><\/figure>\n<\/div><\/div>\n\n\n\n<div class=\"wp-block-column is-vertically-aligned-top is-layout-flow wp-block-column-is-layout-flow\" style=\"flex-basis:25%\"><div class=\"wp-block-image\">\n<figure class=\"aligncenter size-full is-resized\"><a href=\"https:\/\/www.cursosaominuto.pt\/wordpress\/saude-e-bem-estar\/\"><img loading=\"lazy\" decoding=\"async\" width=\"2560\" height=\"1707\" src=\"https:\/\/www.cursosaominuto.pt\/wordpress\/wp-content\/uploads\/2024\/01\/pexels-edward-jenner-4031417-scaled.jpg\" alt=\"\" class=\"wp-image-674\" style=\"aspect-ratio:1.3333333333333333;object-fit:cover;width:396px;height:auto\" srcset=\"https:\/\/www.cursosaominuto.pt\/wordpress\/wp-content\/uploads\/2024\/01\/pexels-edward-jenner-4031417-scaled.jpg 2560w, https:\/\/www.cursosaominuto.pt\/wordpress\/wp-content\/uploads\/2024\/01\/pexels-edward-jenner-4031417-300x200.jpg 300w, https:\/\/www.cursosaominuto.pt\/wordpress\/wp-content\/uploads\/2024\/01\/pexels-edward-jenner-4031417-1024x683.jpg 1024w, https:\/\/www.cursosaominuto.pt\/wordpress\/wp-content\/uploads\/2024\/01\/pexels-edward-jenner-4031417-768x512.jpg 768w, https:\/\/www.cursosaominuto.pt\/wordpress\/wp-content\/uploads\/2024\/01\/pexels-edward-jenner-4031417-1536x1024.jpg 1536w, https:\/\/www.cursosaominuto.pt\/wordpress\/wp-content\/uploads\/2024\/01\/pexels-edward-jenner-4031417-2048x1365.jpg 2048w, https:\/\/www.cursosaominuto.pt\/wordpress\/wp-content\/uploads\/2024\/01\/pexels-edward-jenner-4031417-600x400.jpg 600w\" sizes=\"auto, (max-width: 2560px) 100vw, 2560px\" \/><\/a><figcaption class=\"wp-element-caption\"><strong><a href=\"https:\/\/www.cursosaominuto.pt\/wordpress\/saude-e-bem-estar\/\">Sa\u00fade e Bem-Estar<\/a><\/strong><\/figcaption><\/figure>\n<\/div><\/div>\n\n\n\n<div class=\"wp-block-column is-vertically-aligned-top is-layout-flow wp-block-column-is-layout-flow\" style=\"flex-basis:25%\"><div class=\"wp-block-image\">\n<figure class=\"aligncenter size-full is-resized\"><a href=\"https:\/\/www.cursosaominuto.pt\/wordpress\/desporto\/\"><img loading=\"lazy\" decoding=\"async\" width=\"674\" height=\"469\" src=\"https:\/\/www.cursosaominuto.pt\/wordpress\/wp-content\/uploads\/2024\/04\/Design-sem-nome-26-1.png\" alt=\"\" class=\"wp-image-2445\" style=\"aspect-ratio:1.3333333333333333;object-fit:cover;width:387px;height:auto\" srcset=\"https:\/\/www.cursosaominuto.pt\/wordpress\/wp-content\/uploads\/2024\/04\/Design-sem-nome-26-1.png 674w, https:\/\/www.cursosaominuto.pt\/wordpress\/wp-content\/uploads\/2024\/04\/Design-sem-nome-26-1-300x209.png 300w\" sizes=\"auto, (max-width: 674px) 100vw, 674px\" \/><\/a><figcaption class=\"wp-element-caption\"><strong><a href=\"https:\/\/www.cursosaominuto.pt\/wordpress\/desporto\/\">Desporto<\/a><\/strong><\/figcaption><\/figure>\n<\/div><\/div>\n<\/div>\n\n\n\n<div class=\"wp-block-columns alignfull are-vertically-aligned-top is-layout-flex wp-container-core-columns-is-layout-9d6595d7 wp-block-columns-is-layout-flex\">\n<div class=\"wp-block-column is-vertically-aligned-top is-layout-flow wp-block-column-is-layout-flow\" style=\"flex-basis:25%\"><div class=\"wp-block-image\">\n<figure class=\"aligncenter size-large is-resized\"><a href=\"https:\/\/www.cursosaominuto.pt\/wordpress\/turismo-e-restauracao\/\"><img loading=\"lazy\" decoding=\"async\" width=\"1024\" height=\"1024\" src=\"https:\/\/www.cursosaominuto.pt\/wordpress\/wp-content\/uploads\/2024\/01\/Design-sem-nome-16-1024x1024.png\" alt=\"\" class=\"wp-image-677\" style=\"aspect-ratio:1.3333333333333333;object-fit:cover;width:396px;height:auto\" srcset=\"https:\/\/www.cursosaominuto.pt\/wordpress\/wp-content\/uploads\/2024\/01\/Design-sem-nome-16-1024x1024.png 1024w, https:\/\/www.cursosaominuto.pt\/wordpress\/wp-content\/uploads\/2024\/01\/Design-sem-nome-16-300x300.png 300w, https:\/\/www.cursosaominuto.pt\/wordpress\/wp-content\/uploads\/2024\/01\/Design-sem-nome-16-150x150.png 150w, https:\/\/www.cursosaominuto.pt\/wordpress\/wp-content\/uploads\/2024\/01\/Design-sem-nome-16-768x768.png 768w, https:\/\/www.cursosaominuto.pt\/wordpress\/wp-content\/uploads\/2024\/01\/Design-sem-nome-16-600x600.png 600w, https:\/\/www.cursosaominuto.pt\/wordpress\/wp-content\/uploads\/2024\/01\/Design-sem-nome-16-100x100.png 100w, https:\/\/www.cursosaominuto.pt\/wordpress\/wp-content\/uploads\/2024\/01\/Design-sem-nome-16.png 1080w\" sizes=\"auto, (max-width: 1024px) 100vw, 1024px\" \/><\/a><figcaption class=\"wp-element-caption\"><strong><a href=\"https:\/\/www.cursosaominuto.pt\/wordpress\/turismo-e-restauracao\/\">Turismo e Restaura\u00e7\u00e3o<\/a><\/strong><\/figcaption><\/figure>\n<\/div><\/div>\n\n\n\n<div class=\"wp-block-column is-layout-flow wp-block-column-is-layout-flow\" style=\"flex-basis:25%\"><div class=\"wp-block-image\">\n<figure class=\"aligncenter size-large\"><a href=\"https:\/\/www.cursosaominuto.pt\/wordpress\/eventos\/\"><img loading=\"lazy\" decoding=\"async\" width=\"1024\" height=\"676\" src=\"https:\/\/www.cursosaominuto.pt\/wordpress\/wp-content\/uploads\/2024\/02\/pexels-cedric-fauntleroy-7219314-1024x676.jpg\" alt=\"\" class=\"wp-image-2151\" style=\"aspect-ratio:4\/3;object-fit:cover\" srcset=\"https:\/\/www.cursosaominuto.pt\/wordpress\/wp-content\/uploads\/2024\/02\/pexels-cedric-fauntleroy-7219314-1024x676.jpg 1024w, https:\/\/www.cursosaominuto.pt\/wordpress\/wp-content\/uploads\/2024\/02\/pexels-cedric-fauntleroy-7219314-300x198.jpg 300w, https:\/\/www.cursosaominuto.pt\/wordpress\/wp-content\/uploads\/2024\/02\/pexels-cedric-fauntleroy-7219314-768x507.jpg 768w, https:\/\/www.cursosaominuto.pt\/wordpress\/wp-content\/uploads\/2024\/02\/pexels-cedric-fauntleroy-7219314-1536x1015.jpg 1536w, https:\/\/www.cursosaominuto.pt\/wordpress\/wp-content\/uploads\/2024\/02\/pexels-cedric-fauntleroy-7219314-2048x1353.jpg 2048w, https:\/\/www.cursosaominuto.pt\/wordpress\/wp-content\/uploads\/2024\/02\/pexels-cedric-fauntleroy-7219314-600x396.jpg 600w\" sizes=\"auto, (max-width: 1024px) 100vw, 1024px\" \/><\/a><figcaption class=\"wp-element-caption\"><strong><a href=\"https:\/\/www.cursosaominuto.pt\/wordpress\/eventos\/\">Eventos <\/a><\/strong><\/figcaption><\/figure>\n<\/div><\/div>\n\n\n\n<div class=\"wp-block-column is-layout-flow wp-block-column-is-layout-flow\" style=\"flex-basis:25%\"><div class=\"wp-block-image\">\n<figure class=\"aligncenter size-large\"><a href=\"https:\/\/www.cursosaominuto.pt\/wordpress\/educacao\/\"><img loading=\"lazy\" decoding=\"async\" width=\"1024\" height=\"683\" src=\"https:\/\/www.cursosaominuto.pt\/wordpress\/wp-content\/uploads\/2024\/02\/pexels-max-fischer-5212345-1024x683.jpg\" alt=\"\" class=\"wp-image-2157\" style=\"aspect-ratio:4\/3;object-fit:cover\" srcset=\"https:\/\/www.cursosaominuto.pt\/wordpress\/wp-content\/uploads\/2024\/02\/pexels-max-fischer-5212345-1024x683.jpg 1024w, https:\/\/www.cursosaominuto.pt\/wordpress\/wp-content\/uploads\/2024\/02\/pexels-max-fischer-5212345-300x200.jpg 300w, https:\/\/www.cursosaominuto.pt\/wordpress\/wp-content\/uploads\/2024\/02\/pexels-max-fischer-5212345-768x512.jpg 768w, https:\/\/www.cursosaominuto.pt\/wordpress\/wp-content\/uploads\/2024\/02\/pexels-max-fischer-5212345-1536x1024.jpg 1536w, https:\/\/www.cursosaominuto.pt\/wordpress\/wp-content\/uploads\/2024\/02\/pexels-max-fischer-5212345-2048x1365.jpg 2048w, https:\/\/www.cursosaominuto.pt\/wordpress\/wp-content\/uploads\/2024\/02\/pexels-max-fischer-5212345-600x400.jpg 600w\" sizes=\"auto, (max-width: 1024px) 100vw, 1024px\" \/><\/a><figcaption class=\"wp-element-caption\"><strong><a href=\"https:\/\/www.cursosaominuto.pt\/wordpress\/educacao\/\">Educa\u00e7\u00e3o<\/a><\/strong><\/figcaption><\/figure>\n<\/div><\/div>\n\n\n\n<div class=\"wp-block-column is-layout-flow wp-block-column-is-layout-flow\" style=\"flex-basis:25%\"><\/div>\n<\/div>\n","protected":false},"excerpt":{"rendered":"","protected":false},"author":1,"featured_media":374,"parent":24,"menu_order":0,"comment_status":"closed","ping_status":"closed","template":"","meta":{"footnotes":""},"class_list":["post-34","page","type-page","status-publish","has-post-thumbnail","hentry","clearfix"],"_links":{"self":[{"href":"https:\/\/www.cursosaominuto.pt\/wordpress\/wp-json\/wp\/v2\/pages\/34","targetHints":{"allow":["GET"]}}],"collection":[{"href":"https:\/\/www.cursosaominuto.pt\/wordpress\/wp-json\/wp\/v2\/pages"}],"about":[{"href":"https:\/\/www.cursosaominuto.pt\/wordpress\/wp-json\/wp\/v2\/types\/page"}],"author":[{"embeddable":true,"href":"https:\/\/www.cursosaominuto.pt\/wordpress\/wp-json\/wp\/v2\/users\/1"}],"replies":[{"embeddable":true,"href":"https:\/\/www.cursosaominuto.pt\/wordpress\/wp-json\/wp\/v2\/comments?post=34"}],"version-history":[{"count":22,"href":"https:\/\/www.cursosaominuto.pt\/wordpress\/wp-json\/wp\/v2\/pages\/34\/revisions"}],"predecessor-version":[{"id":3687,"href":"https:\/\/www.cursosaominuto.pt\/wordpress\/wp-json\/wp\/v2\/pages\/34\/revisions\/3687"}],"up":[{"embeddable":true,"href":"https:\/\/www.cursosaominuto.pt\/wordpress\/wp-json\/wp\/v2\/pages\/24"}],"wp:featuredmedia":[{"embeddable":true,"href":"https:\/\/www.cursosaominuto.pt\/wordpress\/wp-json\/wp\/v2\/media\/374"}],"wp:attachment":[{"href":"https:\/\/www.cursosaominuto.pt\/wordpress\/wp-json\/wp\/v2\/media?parent=34"}],"curies":[{"name":"wp","href":"https:\/\/api.w.org\/{rel}","templated":true}]}}