{"id":2646,"date":"2024-06-17T08:45:53","date_gmt":"2024-06-17T08:45:53","guid":{"rendered":"https:\/\/www.cursosaominuto.pt\/wordpress\/?page_id=2646"},"modified":"2024-06-17T08:45:54","modified_gmt":"2024-06-17T08:45:54","slug":"pos-graduacao-em-criminologia-e-reinsercao-social","status":"publish","type":"page","link":"https:\/\/www.cursosaominuto.pt\/wordpress\/pos-graduacao-em-criminologia-e-reinsercao-social\/","title":{"rendered":"P\u00f3s-Gradua\u00e7\u00e3o em Criminologia e Reinserc\u0327a\u0303o Social"},"content":{"rendered":"\n<p>A P\u00f3s-gradua\u00e7\u00e3o em Criminologia e Reinser\u00e7\u00e3o Social do ISCSP oferece uma abordagem interdisciplinar na an\u00e1lise dos crimes e na defini\u00e7\u00e3o de estrat\u00e9gias mais adequadas para a sua preven\u00e7\u00e3o, para a reinser\u00e7\u00e3o de transgressores e prote\u00e7\u00e3o e apoio a v\u00edtimas.<\/p>\n\n\n\n<p><\/p>\n\n\n<div class=\"wp-block-image\">\n<figure class=\"aligncenter size-large is-resized\"><img loading=\"lazy\" decoding=\"async\" width=\"1024\" height=\"1024\" src=\"https:\/\/www.cursosaominuto.pt\/wordpress\/wp-content\/uploads\/2024\/06\/1080x1080-Criminologia-e-Reinsercao-Social1-1024x1024.png\" alt=\"\" class=\"wp-image-2647\" style=\"width:656px;height:auto\" srcset=\"https:\/\/www.cursosaominuto.pt\/wordpress\/wp-content\/uploads\/2024\/06\/1080x1080-Criminologia-e-Reinsercao-Social1-1024x1024.png 1024w, https:\/\/www.cursosaominuto.pt\/wordpress\/wp-content\/uploads\/2024\/06\/1080x1080-Criminologia-e-Reinsercao-Social1-300x300.png 300w, https:\/\/www.cursosaominuto.pt\/wordpress\/wp-content\/uploads\/2024\/06\/1080x1080-Criminologia-e-Reinsercao-Social1-150x150.png 150w, https:\/\/www.cursosaominuto.pt\/wordpress\/wp-content\/uploads\/2024\/06\/1080x1080-Criminologia-e-Reinsercao-Social1-768x768.png 768w, https:\/\/www.cursosaominuto.pt\/wordpress\/wp-content\/uploads\/2024\/06\/1080x1080-Criminologia-e-Reinsercao-Social1.png 1080w\" sizes=\"auto, (max-width: 1024px) 100vw, 1024px\" \/><\/figure>\n<\/div>\n\n\n<p><\/p>\n\n\n\n<div class=\"wp-block-buttons is-content-justification-center is-layout-flex wp-container-core-buttons-is-layout-16018d1d wp-block-buttons-is-layout-flex\">\n<div class=\"wp-block-button\"><a class=\"wp-block-button__link has-vivid-red-background-color has-background wp-element-button\" href=\"https:\/\/tracking.adstrategysites.com\/aff_c?offer_id=3778&amp;aff_id=2170&amp;url_id=10242&amp;source=site_cm\" target=\"_blank\" rel=\"noopener\"><strong>SABER MAIS<\/strong><\/a><\/div>\n<\/div>\n\n\n\n<p><\/p>\n\n\n\n<h2 class=\"wp-block-heading has-text-align-center\">Principais Objetivos<\/h2>\n\n\n\n<ul class=\"wp-block-list\">\n<li>Conhecimentos sobre os sistemas da aplica\u00e7\u00e3o e execu\u00e7\u00e3o de penas e de medidas a jovens delinquentes e saber interpretar a avalia\u00e7\u00e3o de risco de reincid\u00eancia<\/li>\n\n\n\n<li>Conhecimentos sobre as boas pr\u00e1ticas na preven\u00e7\u00e3o do crime e na reinser\u00e7\u00e3o social de adultos e de jovens com medida de internamento em Centro Educativo, incluindo observa\u00e7\u00e3o em visitas de estudo<\/li>\n\n\n\n<li>Compet\u00eancias para trabalhar em EP&#8217;s, Centros Educativos para jovens, Centros de Apoio a V\u00edtimas, Autarquias e outros organismos desenvolvendo projetos de preven\u00e7\u00e3o da delinqu\u00eancia e da criminalidade<\/li>\n<\/ul>\n\n\n\n<h2 class=\"wp-block-heading has-text-align-center\">Destinat\u00e1rios<\/h2>\n\n\n\n<ul class=\"wp-block-list\">\n<li>Juristas<\/li>\n\n\n\n<li>T\u00e9cnicos de servi\u00e7o social<\/li>\n\n\n\n<li>Soci\u00f3logos e Psic\u00f3logos<\/li>\n\n\n\n<li>Animadores Socioculturais<\/li>\n<\/ul>\n\n\n\n<h2 class=\"wp-block-heading has-text-align-center\">O Que Vais Aprender?<\/h2>\n\n\n\n<ul class=\"wp-block-list\">\n<li>Criminologia<\/li>\n\n\n\n<li>Estrat\u00e9gias de Reinser\u00e7\u00e3o Social e media e Comunica\u00e7\u00e3o<\/li>\n\n\n\n<li>\u00c9tica em reinser\u00e7\u00e3o social<\/li>\n\n\n\n<li>Justi\u00e7a restaurativa<\/li>\n\n\n\n<li>Gest\u00e3o de medidas alternativas \u00e0 priva\u00e7\u00e3o da liberdade<\/li>\n\n\n\n<li>Criminalidade violenta<\/li>\n\n\n\n<li>Avalia\u00e7\u00e3o do risco de reincid\u00eancia em comportamentos criminais<\/li>\n\n\n\n<li>A aplica\u00e7\u00e3o das penas e o sistema de justi\u00e7a<\/li>\n\n\n\n<li>Vitimologia<\/li>\n\n\n\n<li>Delinqu\u00eancia juvenil<\/li>\n<\/ul>\n\n\n\n<div class=\"wp-block-buttons is-content-justification-center is-layout-flex wp-container-core-buttons-is-layout-16018d1d wp-block-buttons-is-layout-flex\">\n<div class=\"wp-block-button\"><a class=\"wp-block-button__link has-vivid-red-background-color has-background wp-element-button\" href=\"https:\/\/tracking.adstrategysites.com\/aff_c?offer_id=3778&amp;aff_id=2170&amp;url_id=10242&amp;source=site_cm\" target=\"_blank\" rel=\"noopener\"><strong>VER PROGRAMA COMPLETO<\/strong><\/a><\/div>\n<\/div>\n","protected":false},"excerpt":{"rendered":"<p>A P\u00f3s-gradua\u00e7\u00e3o em Criminologia e Reinser\u00e7\u00e3o Social do ISCSP oferece uma abordagem interdisciplinar na an\u00e1lise dos crimes e na defini\u00e7\u00e3o de estrat\u00e9gias mais adequadas para a sua preven\u00e7\u00e3o, para a reinser\u00e7\u00e3o de transgressores e prote\u00e7\u00e3o e apoio a v\u00edtimas. Principais Objetivos Destinat\u00e1rios O Que Vais Aprender?<\/p>\n","protected":false},"author":1,"featured_media":0,"parent":0,"menu_order":0,"comment_status":"closed","ping_status":"closed","template":"","meta":{"footnotes":""},"class_list":["post-2646","page","type-page","status-publish","hentry","clearfix"],"_links":{"self":[{"href":"https:\/\/www.cursosaominuto.pt\/wordpress\/wp-json\/wp\/v2\/pages\/2646","targetHints":{"allow":["GET"]}}],"collection":[{"href":"https:\/\/www.cursosaominuto.pt\/wordpress\/wp-json\/wp\/v2\/pages"}],"about":[{"href":"https:\/\/www.cursosaominuto.pt\/wordpress\/wp-json\/wp\/v2\/types\/page"}],"author":[{"embeddable":true,"href":"https:\/\/www.cursosaominuto.pt\/wordpress\/wp-json\/wp\/v2\/users\/1"}],"replies":[{"embeddable":true,"href":"https:\/\/www.cursosaominuto.pt\/wordpress\/wp-json\/wp\/v2\/comments?post=2646"}],"version-history":[{"count":1,"href":"https:\/\/www.cursosaominuto.pt\/wordpress\/wp-json\/wp\/v2\/pages\/2646\/revisions"}],"predecessor-version":[{"id":2648,"href":"https:\/\/www.cursosaominuto.pt\/wordpress\/wp-json\/wp\/v2\/pages\/2646\/revisions\/2648"}],"wp:attachment":[{"href":"https:\/\/www.cursosaominuto.pt\/wordpress\/wp-json\/wp\/v2\/media?parent=2646"}],"curies":[{"name":"wp","href":"https:\/\/api.w.org\/{rel}","templated":true}]}}