{"id":2634,"date":"2024-06-14T08:32:01","date_gmt":"2024-06-14T08:32:01","guid":{"rendered":"https:\/\/www.cursosaominuto.pt\/wordpress\/?page_id=2634"},"modified":"2025-09-22T16:06:56","modified_gmt":"2025-09-22T16:06:56","slug":"assistente-de-contabilidade","status":"publish","type":"page","link":"https:\/\/www.cursosaominuto.pt\/wordpress\/assistente-de-contabilidade\/","title":{"rendered":"Assistente de Contabilidade"},"content":{"rendered":"\n<p>A \u00e1rea financeira desempenha um papel fundamental nas empresas, sendo vital a qualifica\u00e7\u00e3o de profissionais e a sua integra\u00e7\u00e3o no mercado de trabalho.<\/p>\n\n\n\n<p><\/p>\n\n\n<div class=\"wp-block-image\">\n<figure class=\"aligncenter size-full\"><img loading=\"lazy\" decoding=\"async\" width=\"674\" height=\"469\" src=\"https:\/\/www.cursosaominuto.pt\/wordpress\/wp-content\/uploads\/2024\/06\/10.png\" alt=\"\" class=\"wp-image-2632\" srcset=\"https:\/\/www.cursosaominuto.pt\/wordpress\/wp-content\/uploads\/2024\/06\/10.png 674w, https:\/\/www.cursosaominuto.pt\/wordpress\/wp-content\/uploads\/2024\/06\/10-300x209.png 300w\" sizes=\"auto, (max-width: 674px) 100vw, 674px\" \/><\/figure>\n<\/div>\n\n\n<p><\/p>\n\n\n\n<p>Com a forma\u00e7\u00e3o de Assistente de Contabilidade ficar\u00e1 preparado para apoiar na an\u00e1lise, classifica\u00e7\u00e3o e opera\u00e7\u00f5es contabil\u00edsticas; colaborar no processo de fatura\u00e7\u00e3o; gerir e negociar pagamentos em atraso; registar e controlar opera\u00e7\u00f5es banc\u00e1rias e realizar o apuramento de impostos e preenchimento de documenta\u00e7\u00e3o associada.&nbsp;<\/p>\n\n\n\n<p><\/p>\n\n\n\n<div class=\"wp-block-buttons is-content-justification-center is-layout-flex wp-container-core-buttons-is-layout-16018d1d wp-block-buttons-is-layout-flex\">\n<div class=\"wp-block-button\"><a class=\"wp-block-button__link has-vivid-red-background-color has-background wp-element-button\" href=\"https:\/\/cursos360.pt\/assistente-contabilidade?pilot=972&amp;utm_source=organico&amp;utm_medium=opc&amp;utm_campaign=adstrategy&amp;utm_content=SITE_CM_OFERTA\" target=\"_blank\" rel=\"noopener\"><strong>INSCREVE-TE<\/strong><\/a><\/div>\n<\/div>\n\n\n\n<p><\/p>\n\n\n\n<h2 class=\"wp-block-heading has-text-align-center\">Principais Objetivos<\/h2>\n\n\n\n<ul class=\"wp-block-list\">\n<li>Reconhecer a import\u00e2ncia da contabilidade para a empresa;<\/li>\n\n\n\n<li>Compreender o que \u00e9 o patrim\u00f3nio e os seus componentes;<\/li>\n\n\n\n<li>Aprender o que \u00e9 uma conta, a sua tipologia e o seu funcionamento;<\/li>\n\n\n\n<li>Conhecer o Sistema de Normaliza\u00e7\u00e3o Contabil\u00edstica (SNC);<\/li>\n\n\n\n<li>Compreender o conceito de exerc\u00edcio financeiro\/per\u00edodo contabil\u00edstico;<\/li>\n\n\n\n<li>Aprender a contabilizar as diversas despesas, tais como despesas gen\u00e9ricas, despesas de gest\u00e3o e sal\u00e1rios;<\/li>\n\n\n\n<li>Compreender o conceito de invent\u00e1rio, os diferentes tipos e o respetivo tratamento contabil\u00edstico;<\/li>\n\n\n\n<li>Aprender a contabilizar o Imposto sobre o Valor Acrescentado (IVA) e em que opera\u00e7\u00f5es se aplica;<\/li>\n\n\n\n<li>Compreender as diferen\u00e7as entre a regulamenta\u00e7\u00e3o contabil\u00edstica e a fiscal;<\/li>\n\n\n\n<li>Perceber os passos e os requisitos necess\u00e1rios para a constitui\u00e7\u00e3o de uma sociedade comercial.<\/li>\n<\/ul>\n\n\n\n<h2 class=\"wp-block-heading has-text-align-center\">Sa\u00eddas Profissionais<\/h2>\n\n\n\n<ul class=\"wp-block-list\">\n<li>Assistente de contabilidade<\/li>\n\n\n\n<li>Assistente de tesouraria<\/li>\n\n\n\n<li>Gestor de cobran\u00e7as<\/li>\n\n\n\n<li>Assistente comercial<\/li>\n<\/ul>\n\n\n\n<p><\/p>\n\n\n\n<div class=\"wp-block-buttons is-content-justification-center is-layout-flex wp-container-core-buttons-is-layout-16018d1d wp-block-buttons-is-layout-flex\">\n<div class=\"wp-block-button\"><a class=\"wp-block-button__link has-vivid-red-background-color has-background wp-element-button\" href=\"https:\/\/cursos360.pt\/assistente-contabilidade?pilot=972&amp;utm_source=organico&amp;utm_medium=opc&amp;utm_campaign=adstrategy&amp;utm_content=SITE_CM_OFERTA\" target=\"_blank\" rel=\"noopener\"><strong>SABE MAIS AQUI<\/strong><\/a><\/div>\n<\/div>\n\n\n\n<p><\/p>\n","protected":false},"excerpt":{"rendered":"<p>A \u00e1rea financeira desempenha um papel fundamental nas empresas, sendo vital a qualifica\u00e7\u00e3o de profissionais e a sua integra\u00e7\u00e3o no mercado de trabalho. Com a forma\u00e7\u00e3o de Assistente de Contabilidade ficar\u00e1 preparado para apoiar na an\u00e1lise, classifica\u00e7\u00e3o e opera\u00e7\u00f5es contabil\u00edsticas; colaborar no processo de fatura\u00e7\u00e3o; gerir e negociar pagamentos em atraso; registar e controlar opera\u00e7\u00f5es banc\u00e1rias e realizar o apuramento de impostos e preenchimento de&hellip; <\/p>\n","protected":false},"author":1,"featured_media":0,"parent":0,"menu_order":0,"comment_status":"closed","ping_status":"closed","template":"","meta":{"footnotes":""},"class_list":["post-2634","page","type-page","status-publish","hentry","clearfix"],"_links":{"self":[{"href":"https:\/\/www.cursosaominuto.pt\/wordpress\/wp-json\/wp\/v2\/pages\/2634","targetHints":{"allow":["GET"]}}],"collection":[{"href":"https:\/\/www.cursosaominuto.pt\/wordpress\/wp-json\/wp\/v2\/pages"}],"about":[{"href":"https:\/\/www.cursosaominuto.pt\/wordpress\/wp-json\/wp\/v2\/types\/page"}],"author":[{"embeddable":true,"href":"https:\/\/www.cursosaominuto.pt\/wordpress\/wp-json\/wp\/v2\/users\/1"}],"replies":[{"embeddable":true,"href":"https:\/\/www.cursosaominuto.pt\/wordpress\/wp-json\/wp\/v2\/comments?post=2634"}],"version-history":[{"count":2,"href":"https:\/\/www.cursosaominuto.pt\/wordpress\/wp-json\/wp\/v2\/pages\/2634\/revisions"}],"predecessor-version":[{"id":3951,"href":"https:\/\/www.cursosaominuto.pt\/wordpress\/wp-json\/wp\/v2\/pages\/2634\/revisions\/3951"}],"wp:attachment":[{"href":"https:\/\/www.cursosaominuto.pt\/wordpress\/wp-json\/wp\/v2\/media?parent=2634"}],"curies":[{"name":"wp","href":"https:\/\/api.w.org\/{rel}","templated":true}]}}