{"id":2438,"date":"2024-04-12T08:24:49","date_gmt":"2024-04-12T08:24:49","guid":{"rendered":"https:\/\/www.cursosaominuto.pt\/wordpress\/?page_id=2438"},"modified":"2025-09-22T16:01:50","modified_gmt":"2025-09-22T16:01:50","slug":"mestrado-em-comunicacao-e-jornalismo-desportivo","status":"publish","type":"page","link":"https:\/\/www.cursosaominuto.pt\/wordpress\/mestrado-em-comunicacao-e-jornalismo-desportivo\/","title":{"rendered":"Mestrado em Comunica\u00e7\u00e3o e Jornalismo Desportivo"},"content":{"rendered":"\n<p>O mestrado em Comunica\u00e7\u00e3o e Jornalismo Desportivo permite uma especializa\u00e7\u00e3o numa \u00e1rea espec\u00edfica, o que possibilita o desenvolvimento de um conhecimento aprofundado em comunica\u00e7\u00e3o e jornalismo desportivo.<\/p>\n\n\n\n<p><\/p>\n\n\n<div class=\"wp-block-image\">\n<figure class=\"aligncenter size-full\"><img loading=\"lazy\" decoding=\"async\" width=\"674\" height=\"469\" src=\"https:\/\/www.cursosaominuto.pt\/wordpress\/wp-content\/uploads\/2024\/04\/5-1.png\" alt=\"\" class=\"wp-image-2439\" srcset=\"https:\/\/www.cursosaominuto.pt\/wordpress\/wp-content\/uploads\/2024\/04\/5-1.png 674w, https:\/\/www.cursosaominuto.pt\/wordpress\/wp-content\/uploads\/2024\/04\/5-1-300x209.png 300w\" sizes=\"auto, (max-width: 674px) 100vw, 674px\" \/><\/figure>\n<\/div>\n\n\n<p><\/p>\n\n\n\n<p>Com o crescente interesse no desporto e a procura por conte\u00fado desportivo de qualidade, os profissionais especializados nesta \u00e1rea est\u00e3o com uma grande procura. Um mestrado pode destac\u00e1-lo no mercado de trabalho e abrir portas para oportunidades profissionais mais competitivas.<\/p>\n\n\n\n<p>Em resumo, investir num mestrado em Comunica\u00e7\u00e3o e Jornalismo Desportivo pode ser uma excelente forma de aprimorar compet\u00eancias, expandir conhecimentos e aumentar as tuas oportunidades de sucesso no mercado de trabalho.<\/p>\n\n\n\n<p><\/p>\n\n\n\n<div class=\"wp-block-buttons is-content-justification-center is-layout-flex wp-container-core-buttons-is-layout-16018d1d wp-block-buttons-is-layout-flex\">\n<div class=\"wp-block-button\"><a class=\"wp-block-button__link has-vivid-red-background-color has-background has-text-align-center wp-element-button\" href=\"https:\/\/cursos-de-formacao.pt\/comunicacao-jornalismo-desportivo?utm_source=organico&amp;utm_medium=opc&amp;utm_campaign=adstrategy&amp;utm_content=SITE_CM_OFERTA\" target=\"_blank\" rel=\"noopener\"><strong>INSCREVE-TE<\/strong><\/a><\/div>\n<\/div>\n\n\n\n<p><\/p>\n\n\n\n<h2 class=\"wp-block-heading has-text-align-center\">Principais Objetivos <\/h2>\n\n\n\n<ul class=\"wp-block-list\">\n<li>Utilizar\u00e1 corretamente a&nbsp;<strong>linguagem jornal\u00edstica<\/strong>&nbsp;em todos os tipos de produtos e em diferentes canais<\/li>\n\n\n\n<li>Ir\u00e1 mergulhar nas&nbsp;<strong>t\u00e9cnicas e ferramentas mais comuns nos meios de comunica\u00e7\u00e3o<\/strong>&nbsp;e redes sociais<\/li>\n\n\n\n<li>Aprender\u00e1 a&nbsp;<strong>gerir departamentos de comunica\u00e7\u00e3o<\/strong>&nbsp;e gabinetes de imprensa de qualquer organiza\u00e7\u00e3o<\/li>\n<\/ul>\n\n\n\n<h2 class=\"wp-block-heading has-text-align-center\">Sa\u00eddas Profissionais<\/h2>\n\n\n\n<ul class=\"wp-block-list\">\n<li>Redator de meios desportivos<\/li>\n\n\n\n<li>Respons\u00e1vel de comunica\u00e7\u00e3o de organiza\u00e7\u00f5es profissionais<\/li>\n\n\n\n<li>Locutor de eventos desportivos<\/li>\n\n\n\n<li>Comentador desportivo<\/li>\n\n\n\n<li>Respons\u00e1vel de imprensa em clubes e empresas desportivas<\/li>\n\n\n\n<li>Apresentador<\/li>\n\n\n\n<li>Community manager<\/li>\n\n\n\n<li>Gestor de Meios de Comunica\u00e7\u00e3o Social Desportiva<\/li>\n\n\n\n<li>Gestor de conte\u00fados digitais<\/li>\n<\/ul>\n\n\n\n<h2 class=\"wp-block-heading has-text-align-center\">Vantagens<\/h2>\n\n\n\n<figure class=\"wp-block-image size-large\"><img loading=\"lazy\" decoding=\"async\" width=\"1024\" height=\"175\" src=\"https:\/\/www.cursosaominuto.pt\/wordpress\/wp-content\/uploads\/2024\/04\/Captura-de-ecra-2024-04-12-as-09.22.51-1024x175.png\" alt=\"\" class=\"wp-image-2440\" srcset=\"https:\/\/www.cursosaominuto.pt\/wordpress\/wp-content\/uploads\/2024\/04\/Captura-de-ecra-2024-04-12-as-09.22.51-1024x175.png 1024w, https:\/\/www.cursosaominuto.pt\/wordpress\/wp-content\/uploads\/2024\/04\/Captura-de-ecra-2024-04-12-as-09.22.51-300x51.png 300w, https:\/\/www.cursosaominuto.pt\/wordpress\/wp-content\/uploads\/2024\/04\/Captura-de-ecra-2024-04-12-as-09.22.51-768x131.png 768w, https:\/\/www.cursosaominuto.pt\/wordpress\/wp-content\/uploads\/2024\/04\/Captura-de-ecra-2024-04-12-as-09.22.51.png 1211w\" sizes=\"auto, (max-width: 1024px) 100vw, 1024px\" \/><\/figure>\n","protected":false},"excerpt":{"rendered":"<p>O mestrado em Comunica\u00e7\u00e3o e Jornalismo Desportivo permite uma especializa\u00e7\u00e3o numa \u00e1rea espec\u00edfica, o que possibilita o desenvolvimento de um conhecimento aprofundado em comunica\u00e7\u00e3o e jornalismo desportivo. Com o crescente interesse no desporto e a procura por conte\u00fado desportivo de qualidade, os profissionais especializados nesta \u00e1rea est\u00e3o com uma grande procura. Um mestrado pode destac\u00e1-lo no mercado de trabalho e abrir portas para oportunidades profissionais&hellip; <\/p>\n","protected":false},"author":1,"featured_media":0,"parent":0,"menu_order":0,"comment_status":"closed","ping_status":"closed","template":"","meta":{"footnotes":""},"class_list":["post-2438","page","type-page","status-publish","hentry","clearfix"],"_links":{"self":[{"href":"https:\/\/www.cursosaominuto.pt\/wordpress\/wp-json\/wp\/v2\/pages\/2438","targetHints":{"allow":["GET"]}}],"collection":[{"href":"https:\/\/www.cursosaominuto.pt\/wordpress\/wp-json\/wp\/v2\/pages"}],"about":[{"href":"https:\/\/www.cursosaominuto.pt\/wordpress\/wp-json\/wp\/v2\/types\/page"}],"author":[{"embeddable":true,"href":"https:\/\/www.cursosaominuto.pt\/wordpress\/wp-json\/wp\/v2\/users\/1"}],"replies":[{"embeddable":true,"href":"https:\/\/www.cursosaominuto.pt\/wordpress\/wp-json\/wp\/v2\/comments?post=2438"}],"version-history":[{"count":2,"href":"https:\/\/www.cursosaominuto.pt\/wordpress\/wp-json\/wp\/v2\/pages\/2438\/revisions"}],"predecessor-version":[{"id":3943,"href":"https:\/\/www.cursosaominuto.pt\/wordpress\/wp-json\/wp\/v2\/pages\/2438\/revisions\/3943"}],"wp:attachment":[{"href":"https:\/\/www.cursosaominuto.pt\/wordpress\/wp-json\/wp\/v2\/media?parent=2438"}],"curies":[{"name":"wp","href":"https:\/\/api.w.org\/{rel}","templated":true}]}}