{"id":2428,"date":"2024-04-11T16:18:07","date_gmt":"2024-04-11T16:18:07","guid":{"rendered":"https:\/\/www.cursosaominuto.pt\/wordpress\/?page_id=2428"},"modified":"2025-09-22T15:58:55","modified_gmt":"2025-09-22T15:58:55","slug":"gestao-desportiva","status":"publish","type":"page","link":"https:\/\/www.cursosaominuto.pt\/wordpress\/gestao-desportiva\/","title":{"rendered":"Mestrado  em Gest\u00e3o Desportiva"},"content":{"rendered":"\n<p>Se \u00e9s um verdadeiro apaixonado pelo desporto, a Gest\u00e3o Desportiva oferece-te a oportunidade de transformar essa paix\u00e3o numa carreira gratificante. Trabalhar num ambiente dedicado ao desporto torna o trabalho mais estimulante e recompensador.<\/p>\n\n\n\n<p><\/p>\n\n\n<div class=\"wp-block-image\">\n<figure class=\"aligncenter size-full\"><img loading=\"lazy\" decoding=\"async\" width=\"674\" height=\"469\" src=\"https:\/\/www.cursosaominuto.pt\/wordpress\/wp-content\/uploads\/2024\/04\/4-1.png\" alt=\"\" class=\"wp-image-2429\" srcset=\"https:\/\/www.cursosaominuto.pt\/wordpress\/wp-content\/uploads\/2024\/04\/4-1.png 674w, https:\/\/www.cursosaominuto.pt\/wordpress\/wp-content\/uploads\/2024\/04\/4-1-300x209.png 300w\" sizes=\"auto, (max-width: 674px) 100vw, 674px\" \/><\/figure>\n<\/div>\n\n\n<p><\/p>\n\n\n\n<p>Apostar na \u00e1rea de Gest\u00e3o Desportiva \u00e9 uma escolha que te permite combinar paix\u00e3o com carreira, explorar uma variedade de oportunidades profissionais e fazer a diferen\u00e7a na tua comunidade atrav\u00e9s do desporto. Se \u00e9s apaixonado pelo desporto e est\u00e1s \u00e0 procura de uma carreira din\u00e2mica e gratificante, o curso de Gest\u00e3o Desportiva pode ser o caminho certo para ti.<\/p>\n\n\n\n<p><\/p>\n\n\n\n<div class=\"wp-block-buttons is-content-justification-center is-layout-flex wp-container-core-buttons-is-layout-16018d1d wp-block-buttons-is-layout-flex\">\n<div class=\"wp-block-button\"><a class=\"wp-block-button__link has-vivid-red-background-color has-background wp-element-button\" href=\"https:\/\/cursos-de-formacao.pt\/gestao-desportiva?utm_source=organico&amp;utm_medium=opc&amp;utm_campaign=adstrategy&amp;utm_content=SITE_CM_OFERTA\" target=\"_blank\" rel=\"noopener\"><strong>INSCREVE-TE<\/strong><\/a><\/div>\n<\/div>\n\n\n\n<p><\/p>\n\n\n\n<h2 class=\"wp-block-heading has-text-align-center\">Principais Objetivos<\/h2>\n\n\n\n<ul class=\"wp-block-list\">\n<li>Aprender\u00e1 a<strong>&nbsp;conceber e planear<\/strong>&nbsp;qualquer tipo de evento ou atividade desportiva<\/li>\n\n\n\n<li>Adquirir\u00e1 a vis\u00e3o estrat\u00e9gica necess\u00e1ria para&nbsp;<strong>exercer a lideran\u00e7a<\/strong>&nbsp;dentro de uma organiza\u00e7\u00e3o desportiva<\/li>\n\n\n\n<li>Aprender\u00e1 os principais fundamentos da&nbsp;<strong>economia do desporto e do marketing desportivo<\/strong><\/li>\n<\/ul>\n\n\n\n<h2 class=\"wp-block-heading has-text-align-center\"><strong>Sa\u00eddas Profissionais<\/strong><\/h2>\n\n\n\n<ul class=\"wp-block-list\">\n<li><strong>Diretor Gerente (CEO) de Empresas Desportivas:<\/strong>&nbsp;3.000 \u20ac a 7.000 \u20ac<\/li>\n\n\n\n<li><strong>Respons\u00e1vel de Marketing\/Comunica\u00e7\u00e3o:<\/strong>&nbsp;750 \u20ac a 2.300 \u20ac<\/li>\n\n\n\n<li><strong>Respons\u00e1vel Financeiro:<\/strong>&nbsp;1.000 \u20ac a 4.100 \u20ac<\/li>\n\n\n\n<li><strong>Diretor de Instala\u00e7\u00f5es Desportivas:<\/strong>&nbsp;800 \u20ac a 2.400 \u20ac<\/li>\n\n\n\n<li><strong>Respons\u00e1vel de Atividades Desportivas:<\/strong>&nbsp;1.500 \u20ac a 3.500 \u20ac<\/li>\n\n\n\n<li><strong>Respons\u00e1vel de Seguran\u00e7a e Protocolo:<\/strong>&nbsp;1.500 \u20ac a 3.500 \u20ac<\/li>\n\n\n\n<li><strong>Respons\u00e1vel de Recursos Humanos:<\/strong>&nbsp;900 \u20ac a 3.000 \u20ac<\/li>\n\n\n\n<li><strong>Gestor em entidades desportivas:<\/strong>&nbsp;900 \u20ac a 3.000 \u20ac<\/li>\n\n\n\n<li><strong>Diretor de Eventos:<\/strong>&nbsp;1.500 \u20ac a 3.500 \u20ac<\/li>\n\n\n\n<li><strong>Promotor de Eventos:<\/strong>&nbsp;800 \u20ac a 1.500 \u20ac<\/li>\n\n\n\n<li><strong>Gestor Desportivo:<\/strong>&nbsp;1.500 \u20ac a 3.500 \u20ac<\/li>\n\n\n\n<li><strong>Race Manager:<\/strong>&nbsp;1.500 \u20ac a 3.500 \u20ac<\/li>\n\n\n\n<li><strong>Respons\u00e1vel de Patroc\u00ednios:<\/strong>&nbsp;1.500 \u20ac a 3.500 \u20ac<\/li>\n\n\n\n<li><strong>Coordenador de Voluntariado:<\/strong>&nbsp;1.000 \u20ac a 2.500 \u20ac<\/li>\n\n\n\n<li><strong>Respons\u00e1vel de Ticketing e Hospitality:<\/strong>&nbsp;1.500 \u20ac a 3.500 \u20ac<\/li>\n<\/ul>\n\n\n\n<h2 class=\"wp-block-heading has-text-align-center\">Vantagens<\/h2>\n\n\n\n<figure class=\"wp-block-image size-large\"><img decoding=\"async\" src=\"https:\/\/www.cursosaominuto.pt\/wordpress\/wp-content\/uploads\/2024\/04\/Captura-de-ecra-2024-04-11-as-17.16.40-1024x172.png\" alt=\"\" class=\"wp-image-2430\"\/><\/figure>\n","protected":false},"excerpt":{"rendered":"<p>Se \u00e9s um verdadeiro apaixonado pelo desporto, a Gest\u00e3o Desportiva oferece-te a oportunidade de transformar essa paix\u00e3o numa carreira gratificante. Trabalhar num ambiente dedicado ao desporto torna o trabalho mais estimulante e recompensador. Apostar na \u00e1rea de Gest\u00e3o Desportiva \u00e9 uma escolha que te permite combinar paix\u00e3o com carreira, explorar uma variedade de oportunidades profissionais e fazer a diferen\u00e7a na tua comunidade atrav\u00e9s do desporto.&hellip; <\/p>\n","protected":false},"author":1,"featured_media":0,"parent":0,"menu_order":0,"comment_status":"closed","ping_status":"closed","template":"","meta":{"footnotes":""},"class_list":["post-2428","page","type-page","status-publish","hentry","clearfix"],"_links":{"self":[{"href":"https:\/\/www.cursosaominuto.pt\/wordpress\/wp-json\/wp\/v2\/pages\/2428","targetHints":{"allow":["GET"]}}],"collection":[{"href":"https:\/\/www.cursosaominuto.pt\/wordpress\/wp-json\/wp\/v2\/pages"}],"about":[{"href":"https:\/\/www.cursosaominuto.pt\/wordpress\/wp-json\/wp\/v2\/types\/page"}],"author":[{"embeddable":true,"href":"https:\/\/www.cursosaominuto.pt\/wordpress\/wp-json\/wp\/v2\/users\/1"}],"replies":[{"embeddable":true,"href":"https:\/\/www.cursosaominuto.pt\/wordpress\/wp-json\/wp\/v2\/comments?post=2428"}],"version-history":[{"count":5,"href":"https:\/\/www.cursosaominuto.pt\/wordpress\/wp-json\/wp\/v2\/pages\/2428\/revisions"}],"predecessor-version":[{"id":3941,"href":"https:\/\/www.cursosaominuto.pt\/wordpress\/wp-json\/wp\/v2\/pages\/2428\/revisions\/3941"}],"wp:attachment":[{"href":"https:\/\/www.cursosaominuto.pt\/wordpress\/wp-json\/wp\/v2\/media?parent=2428"}],"curies":[{"name":"wp","href":"https:\/\/api.w.org\/{rel}","templated":true}]}}