{"id":2089,"date":"2024-02-12T11:24:51","date_gmt":"2024-02-12T11:24:51","guid":{"rendered":"https:\/\/www.cursosaominuto.pt\/wordpress\/?page_id=2089"},"modified":"2025-09-22T15:39:20","modified_gmt":"2025-09-22T15:39:20","slug":"web-design-com-especializacao-em-marketing-digital","status":"publish","type":"page","link":"https:\/\/www.cursosaominuto.pt\/wordpress\/web-design-com-especializacao-em-marketing-digital\/","title":{"rendered":"Web Design com especializa\u00e7\u00e3o em Marketing Digital"},"content":{"rendered":"\n<p>Investir em <strong>Web Design com especializa\u00e7\u00e3o em Marketing Digital<\/strong> \u00e9 estrat\u00e9gico. Um website bem projetado \u00e9 essencial hoje. <\/p>\n\n\n\n<p><\/p>\n\n\n<div class=\"wp-block-image\">\n<figure class=\"aligncenter size-full\"><img loading=\"lazy\" decoding=\"async\" width=\"674\" height=\"469\" src=\"https:\/\/www.cursosaominuto.pt\/wordpress\/wp-content\/uploads\/2024\/02\/10.png\" alt=\"\" class=\"wp-image-2045\" style=\"aspect-ratio:4\/3;object-fit:cover\" srcset=\"https:\/\/www.cursosaominuto.pt\/wordpress\/wp-content\/uploads\/2024\/02\/10.png 674w, https:\/\/www.cursosaominuto.pt\/wordpress\/wp-content\/uploads\/2024\/02\/10-300x209.png 300w, https:\/\/www.cursosaominuto.pt\/wordpress\/wp-content\/uploads\/2024\/02\/10-600x418.png 600w\" sizes=\"auto, (max-width: 674px) 100vw, 674px\" \/><\/figure>\n<\/div>\n\n\n<p><\/p>\n\n\n\n<p>Com habilidades em marketing digital, pode-se alcan\u00e7ar e reter clientes de forma eficaz. A procura por profissionais nesta \u00e1rea est\u00e1 em alta, garantindo oportunidades de carreira promissoras. Come\u00e7a j\u00e1 a investir nesta \u00e1rea com <strong>o Curso de Web Design com especializa\u00e7\u00e3o em Marketing Digital.<\/strong><\/p>\n\n\n\n<p><\/p>\n\n\n\n<div class=\"wp-block-buttons is-content-justification-center is-layout-flex wp-container-core-buttons-is-layout-16018d1d wp-block-buttons-is-layout-flex\">\n<div class=\"wp-block-button\"><a class=\"wp-block-button__link has-vivid-red-background-color has-background wp-element-button\" href=\"https:\/\/cursos360.pt\/web-design-marketing-digital?pilot=972&amp;utm_source=organico&amp;utm_content=SITE_CM_OFERTA&amp;utm_campaign=adstrategy&amp;utm_medium=opc\" target=\"_blank\" rel=\"noopener\"><strong>INSCREVE-TE<\/strong><\/a><\/div>\n<\/div>\n\n\n\n<p><\/p>\n\n\n\n<h2 class=\"wp-block-heading has-text-align-center\">Principais Objetivos<\/h2>\n\n\n\n<ul class=\"wp-block-list\">\n<li>Entender o conceito de web design como extens\u00e3o do design;<\/li>\n\n\n\n<li>Abordar metodologias de design, tais como Design Thinking e Design Centrado no Utilizador;<\/li>\n\n\n\n<li>Entender o significado de Experi\u00eancia e Interface do Utilizador, abordando conceitos de arquitetura de informa\u00e7\u00e3o e usabilidade, bem como ferramentas de an\u00e1lise e boas pr\u00e1ticas no design de Interface do Utilizador;<\/li>\n\n\n\n<li>Conhecer as linguagens de programa\u00e7\u00e3o web HTML e CSS;<\/li>\n\n\n\n<li>Compreender a estrutura melhorada de um documento HTML;<\/li>\n\n\n\n<li>Criar elementos de conte\u00fado em HTML, como tags, texto, links, imagens, tabelas, formul\u00e1rios e coment\u00e1rios;<\/li>\n\n\n\n<li>Compreender a import\u00e2ncia do teste e valida\u00e7\u00e3o de documentos HTML e CSS, familiarizando-te com as ferramentas de valida\u00e7\u00e3o e teste dispon\u00edveis.<\/li>\n<\/ul>\n\n\n\n<h2 class=\"wp-block-heading has-text-align-center\">Sa\u00eddas Profissionais<\/h2>\n\n\n\n<ul class=\"wp-block-list\">\n<li>Web designer<\/li>\n\n\n\n<li>Front developer<\/li>\n\n\n\n<li>Consultor em web design<\/li>\n\n\n\n<li>Especialista em WordPress<\/li>\n<\/ul>\n\n\n\n<p><\/p>\n\n\n\n<div class=\"wp-block-buttons is-content-justification-center is-layout-flex wp-container-core-buttons-is-layout-16018d1d wp-block-buttons-is-layout-flex\">\n<div class=\"wp-block-button\"><a class=\"wp-block-button__link has-vivid-red-background-color has-background has-text-align-center wp-element-button\" href=\"https:\/\/cursos360.pt\/web-design-marketing-digital?pilot=972&amp;utm_source=organico&amp;utm_content=SITE_CM_OFERTA&amp;utm_campaign=adstrategy&amp;utm_medium=opc\" target=\"_blank\" rel=\"noopener\"><strong>SABE MAIS AQUI<\/strong><\/a><\/div>\n<\/div>\n\n\n\n<p><\/p>\n\n\n\n<h2 class=\"wp-block-heading has-text-align-center\">Vantagens<\/h2>\n\n\n\n<figure class=\"wp-block-table is-style-stripes has-small-font-size\"><table><tbody><tr><td class=\"has-text-align-center\" data-align=\"center\"><img decoding=\"async\" src=\"https:\/\/formacao-profissional.pt\/ADigital\/img\/bolsaestagios.png\" alt=\"Bolsa_De_Estagios\"><br><strong> BOLSA DE EST\u00c1GIOS<\/strong><\/td><td class=\"has-text-align-center\" data-align=\"center\"><img decoding=\"async\" src=\"https:\/\/formacao-profissional.pt\/ADigital\/img\/bolsaemprego.png\" alt=\"Bolsa_De_Emprego\"><br><strong>BOLSA DE EMPREGO<\/strong><\/td><td class=\"has-text-align-center\" data-align=\"center\"><\/td><td class=\"has-text-align-center\" data-align=\"center\"><img decoding=\"async\" src=\"https:\/\/formacao-profissional.pt\/ADigital\/img\/campusvirtual.png\" alt=\"CAMPUS_VIRTUAL\"><br><strong>CAMPUS VIRTUAL<\/strong><\/td><td class=\"has-text-align-center\" data-align=\"center\"><img decoding=\"async\" src=\"https:\/\/formacao-profissional.pt\/ADigital\/img\/tutor_especializado.png\" alt=\"TUTOR_ESPECIALIZADO\"><br><strong>TUTOR ESPECIALIZADO<\/strong><\/td><\/tr><\/tbody><\/table><\/figure>\n","protected":false},"excerpt":{"rendered":"<p>Investir em Web Design com especializa\u00e7\u00e3o em Marketing Digital \u00e9 estrat\u00e9gico. Um website bem projetado \u00e9 essencial hoje. Com habilidades em marketing digital, pode-se alcan\u00e7ar e reter clientes de forma eficaz. A procura por profissionais nesta \u00e1rea est\u00e1 em alta, garantindo oportunidades de carreira promissoras. Come\u00e7a j\u00e1 a investir nesta \u00e1rea com o Curso de Web Design com especializa\u00e7\u00e3o em Marketing Digital. Principais Objetivos Sa\u00eddas&hellip; <\/p>\n","protected":false},"author":1,"featured_media":0,"parent":0,"menu_order":0,"comment_status":"closed","ping_status":"closed","template":"","meta":{"footnotes":""},"class_list":["post-2089","page","type-page","status-publish","hentry","clearfix"],"_links":{"self":[{"href":"https:\/\/www.cursosaominuto.pt\/wordpress\/wp-json\/wp\/v2\/pages\/2089","targetHints":{"allow":["GET"]}}],"collection":[{"href":"https:\/\/www.cursosaominuto.pt\/wordpress\/wp-json\/wp\/v2\/pages"}],"about":[{"href":"https:\/\/www.cursosaominuto.pt\/wordpress\/wp-json\/wp\/v2\/types\/page"}],"author":[{"embeddable":true,"href":"https:\/\/www.cursosaominuto.pt\/wordpress\/wp-json\/wp\/v2\/users\/1"}],"replies":[{"embeddable":true,"href":"https:\/\/www.cursosaominuto.pt\/wordpress\/wp-json\/wp\/v2\/comments?post=2089"}],"version-history":[{"count":3,"href":"https:\/\/www.cursosaominuto.pt\/wordpress\/wp-json\/wp\/v2\/pages\/2089\/revisions"}],"predecessor-version":[{"id":3932,"href":"https:\/\/www.cursosaominuto.pt\/wordpress\/wp-json\/wp\/v2\/pages\/2089\/revisions\/3932"}],"wp:attachment":[{"href":"https:\/\/www.cursosaominuto.pt\/wordpress\/wp-json\/wp\/v2\/media?parent=2089"}],"curies":[{"name":"wp","href":"https:\/\/api.w.org\/{rel}","templated":true}]}}