{"id":2066,"date":"2024-02-12T11:16:08","date_gmt":"2024-02-12T11:16:08","guid":{"rendered":"https:\/\/www.cursosaominuto.pt\/wordpress\/?page_id=2066"},"modified":"2025-09-11T14:15:50","modified_gmt":"2025-09-11T14:15:50","slug":"avancado-em-gestao-hoteleira","status":"publish","type":"page","link":"https:\/\/www.cursosaominuto.pt\/wordpress\/avancado-em-gestao-hoteleira\/","title":{"rendered":"Avan\u00e7ado em Gest\u00e3o Hoteleira"},"content":{"rendered":"\n<p>A import\u00e2ncia do <strong>Turismo<\/strong> em Portugal \u00e9 inquestion\u00e1vel. Apesar dos desafios em tempos de crise, o setor continua a prosperar. <\/p>\n\n\n\n<p><\/p>\n\n\n<div class=\"wp-block-image\">\n<figure class=\"aligncenter size-full\"><img loading=\"lazy\" decoding=\"async\" width=\"674\" height=\"469\" src=\"https:\/\/www.cursosaominuto.pt\/wordpress\/wp-content\/uploads\/2024\/02\/1.png\" alt=\"\" class=\"wp-image-2031\" style=\"aspect-ratio:4\/3;object-fit:cover\" srcset=\"https:\/\/www.cursosaominuto.pt\/wordpress\/wp-content\/uploads\/2024\/02\/1.png 674w, https:\/\/www.cursosaominuto.pt\/wordpress\/wp-content\/uploads\/2024\/02\/1-300x209.png 300w, https:\/\/www.cursosaominuto.pt\/wordpress\/wp-content\/uploads\/2024\/02\/1-600x418.png 600w\" sizes=\"auto, (max-width: 674px) 100vw, 674px\" \/><\/figure>\n<\/div>\n\n\n<p><\/p>\n\n\n\n<p>Investir em profissionais qualificados \u00e9 fundamental, pois s\u00e3o a primeira imagem do pa\u00eds para os turistas. A Gest\u00e3o Hoteleira destaca-se como uma op\u00e7\u00e3o promissora, oferecendo oportunidades de emprego crescentes e a possibilidade de uma carreira vers\u00e1til. Comece agora mesmo com <strong>o Curso Aem Gest\u00e3o Hoteleira.<\/strong><\/p>\n\n\n\n<p><\/p>\n\n\n\n<div class=\"wp-block-buttons is-content-justification-center is-layout-flex wp-container-core-buttons-is-layout-16018d1d wp-block-buttons-is-layout-flex\">\n<div class=\"wp-block-button\"><a class=\"wp-block-button__link has-vivid-red-background-color has-background has-text-align-center wp-element-button\" href=\"https:\/\/cursos360.pt\/avancado-gestao-hoteleira?pilot=972&amp;utm_source=organico&amp;utm_medium=opc&amp;utm_campaign=adstrategy&amp;utm_content=SITE_CM_OFERTA\" target=\"_blank\" rel=\"noopener\"><strong>INSCREVE-TE<\/strong><\/a><\/div>\n<\/div>\n\n\n\n<p><\/p>\n\n\n\n<h2 class=\"wp-block-heading has-text-align-center\">Principais Objetivos<\/h2>\n\n\n\n<ul class=\"wp-block-list\">\n<li>Compreender as caracter\u00edsticas do setor da hotelaria, bem como as suas especificidades;<\/li>\n\n\n\n<li>Compreender a operativa interna das unidades de alojamento;<\/li>\n\n\n\n<li>Desenvolver procedimentos associados \u00e0 gest\u00e3o de reservas;<\/li>\n\n\n\n<li>Desenvolver e aplicar t\u00e9cnicas de atendimento ao p\u00fablico\/clientes;<\/li>\n\n\n\n<li>Desenvolver e aplicar t\u00e9cnicas de comunica\u00e7\u00e3o para prestar informa\u00e7\u00f5es sobre a unidade hoteleira, bem como informa\u00e7\u00f5es de car\u00e1ter tur\u00edstico, aos clientes;<\/li>\n\n\n\n<li>Conhecer os procedimentos para efetuar a gest\u00e3o de reclama\u00e7\u00f5es de clientes\/h\u00f3spedes e definir medidas corretivas;<\/li>\n\n\n\n<li>Identificar os servi\u00e7os\/procedimentos de gest\u00e3o da informa\u00e7\u00e3o e de seguran\u00e7a utilizados nas unidades hoteleiras e tur\u00edsticas;<\/li>\n\n\n\n<li>Desenvolver compet\u00eancias de lideran\u00e7a, comunica\u00e7\u00e3o e gest\u00e3o de tempo e equipas.<\/li>\n<\/ul>\n\n\n\n<h2 class=\"wp-block-heading has-text-align-center\">Sa\u00eddas Profissionais<\/h2>\n\n\n\n<ul class=\"wp-block-list\">\n<li>Gestor de empresas de hotelaria e restaura\u00e7\u00e3o<\/li>\n\n\n\n<li>Gestor de recursos humanos na hotelaria<\/li>\n\n\n\n<li>Respons\u00e1vel do departamento de alimenta\u00e7\u00e3o e bebidas<\/li>\n\n\n\n<li>Consultor de gest\u00e3o hoteleira<\/li>\n<\/ul>\n\n\n\n<p><\/p>\n\n\n\n<div class=\"wp-block-buttons is-content-justification-center is-layout-flex wp-container-core-buttons-is-layout-16018d1d wp-block-buttons-is-layout-flex\">\n<div class=\"wp-block-button\"><a class=\"wp-block-button__link has-vivid-red-background-color has-background wp-element-button\" href=\"https:\/\/cursos360.pt\/avancado-gestao-hoteleira?pilot=972&amp;utm_source=organico&amp;utm_medium=opc&amp;utm_campaign=adstrategy&amp;utm_content=SITE_CM_OFERTA\" target=\"_blank\" rel=\"noopener\"><strong>SABE MAIS AQUI<\/strong><\/a><\/div>\n<\/div>\n\n\n\n<p><\/p>\n\n\n\n<h2 class=\"wp-block-heading has-text-align-center\">Vantagens<\/h2>\n\n\n\n<figure class=\"wp-block-table is-style-stripes has-small-font-size\"><table><tbody><tr><td class=\"has-text-align-center\" data-align=\"center\"><img decoding=\"async\" src=\"https:\/\/formacao-profissional.pt\/ADigital\/img\/bolsaestagios.png\" alt=\"Bolsa_De_Estagios\"><br><strong> BOLSA DE EST\u00c1GIOS<\/strong><\/td><td class=\"has-text-align-center\" data-align=\"center\"><img decoding=\"async\" src=\"https:\/\/formacao-profissional.pt\/ADigital\/img\/bolsaemprego.png\" alt=\"Bolsa_De_Emprego\"><br><strong>BOLSA DE EMPREGO<\/strong><\/td><td class=\"has-text-align-center\" data-align=\"center\"><\/td><td class=\"has-text-align-center\" data-align=\"center\"><img decoding=\"async\" src=\"https:\/\/formacao-profissional.pt\/ADigital\/img\/campusvirtual.png\" alt=\"CAMPUS_VIRTUAL\"><br><strong>CAMPUS VIRTUAL<\/strong><\/td><td class=\"has-text-align-center\" data-align=\"center\"><img decoding=\"async\" src=\"https:\/\/formacao-profissional.pt\/ADigital\/img\/tutor_especializado.png\" alt=\"TUTOR_ESPECIALIZADO\"><br><strong>TUTOR ESPECIALIZADO<\/strong><\/td><\/tr><\/tbody><\/table><\/figure>\n","protected":false},"excerpt":{"rendered":"<p>A import\u00e2ncia do Turismo em Portugal \u00e9 inquestion\u00e1vel. Apesar dos desafios em tempos de crise, o setor continua a prosperar. Investir em profissionais qualificados \u00e9 fundamental, pois s\u00e3o a primeira imagem do pa\u00eds para os turistas. A Gest\u00e3o Hoteleira destaca-se como uma op\u00e7\u00e3o promissora, oferecendo oportunidades de emprego crescentes e a possibilidade de uma carreira vers\u00e1til. Comece agora mesmo com o Curso Aem Gest\u00e3o Hoteleira.&hellip; <\/p>\n","protected":false},"author":1,"featured_media":0,"parent":0,"menu_order":0,"comment_status":"closed","ping_status":"closed","template":"","meta":{"footnotes":""},"class_list":["post-2066","page","type-page","status-publish","hentry","clearfix"],"_links":{"self":[{"href":"https:\/\/www.cursosaominuto.pt\/wordpress\/wp-json\/wp\/v2\/pages\/2066","targetHints":{"allow":["GET"]}}],"collection":[{"href":"https:\/\/www.cursosaominuto.pt\/wordpress\/wp-json\/wp\/v2\/pages"}],"about":[{"href":"https:\/\/www.cursosaominuto.pt\/wordpress\/wp-json\/wp\/v2\/types\/page"}],"author":[{"embeddable":true,"href":"https:\/\/www.cursosaominuto.pt\/wordpress\/wp-json\/wp\/v2\/users\/1"}],"replies":[{"embeddable":true,"href":"https:\/\/www.cursosaominuto.pt\/wordpress\/wp-json\/wp\/v2\/comments?post=2066"}],"version-history":[{"count":6,"href":"https:\/\/www.cursosaominuto.pt\/wordpress\/wp-json\/wp\/v2\/pages\/2066\/revisions"}],"predecessor-version":[{"id":3816,"href":"https:\/\/www.cursosaominuto.pt\/wordpress\/wp-json\/wp\/v2\/pages\/2066\/revisions\/3816"}],"wp:attachment":[{"href":"https:\/\/www.cursosaominuto.pt\/wordpress\/wp-json\/wp\/v2\/media?parent=2066"}],"curies":[{"name":"wp","href":"https:\/\/api.w.org\/{rel}","templated":true}]}}